{"id":185,"date":"2019-01-07T17:38:08","date_gmt":"2019-01-07T17:38:08","guid":{"rendered":"https:\/\/ebnfloh.com\/?page_id=185"},"modified":"2023-06-10T17:27:51","modified_gmt":"2023-06-10T17:27:51","slug":"alexandra-spicey-lande","status":"publish","type":"page","link":"https:\/\/ebnfloh.com\/en\/alexandra-spicey-lande\/","title":{"rendered":"ALEXANDRA &#8216;SPICEY&#8217; LAND\u00c9"},"content":{"rendered":"\t\t<div data-elementor-type=\"wp-post\" data-elementor-id=\"185\" class=\"elementor elementor-185\" data-elementor-post-type=\"page\">\n\t\t\t\t\t\t<section class=\"elementor-section elementor-top-section elementor-element elementor-element-550ffe89 elementor-section-content-middle elementor-reverse-mobile elementor-section-boxed elementor-section-height-default elementor-section-height-default\" data-id=\"550ffe89\" data-element_type=\"section\">\n\t\t\t\t\t\t<div class=\"elementor-container elementor-column-gap-no\">\n\t\t\t\t\t<div class=\"elementor-column elementor-col-100 elementor-top-column elementor-element elementor-element-68ee3ba4\" data-id=\"68ee3ba4\" data-element_type=\"column\">\n\t\t\t<div class=\"elementor-widget-wrap elementor-element-populated\">\n\t\t\t\t\t\t<div class=\"elementor-element elementor-element-ec8059b elementor-invisible elementor-widget elementor-widget-heading\" data-id=\"ec8059b\" data-element_type=\"widget\" data-settings=\"{&quot;_animation&quot;:&quot;fadeIn&quot;}\" data-widget_type=\"heading.default\">\n\t\t\t\t<div class=\"elementor-widget-container\">\n\t\t\t\t\t<h1 class=\"elementor-heading-title elementor-size-xxl\">ALEXANDRA 'SPICEY' LAND\u00c9<\/h1>\t\t\t\t<\/div>\n\t\t\t\t<\/div>\n\t\t\t\t<div class=\"elementor-element elementor-element-4f6a70a animated-slow elementor-invisible elementor-widget elementor-widget-heading\" data-id=\"4f6a70a\" data-element_type=\"widget\" data-settings=\"{&quot;_animation&quot;:&quot;fadeIn&quot;}\" data-widget_type=\"heading.default\">\n\t\t\t\t<div class=\"elementor-widget-container\">\n\t\t\t\t\t<h2 class=\"elementor-heading-title elementor-size-medium\">Choreographer and Artistic Director<\/h2>\t\t\t\t<\/div>\n\t\t\t\t<\/div>\n\t\t\t\t<section class=\"elementor-section elementor-inner-section elementor-element elementor-element-2ca1777 elementor-reverse-tablet elementor-reverse-mobile elementor-section-boxed elementor-section-height-default elementor-section-height-default\" data-id=\"2ca1777\" data-element_type=\"section\">\n\t\t\t\t\t\t<div class=\"elementor-container elementor-column-gap-default\">\n\t\t\t\t\t<div class=\"elementor-column elementor-col-50 elementor-inner-column elementor-element elementor-element-b8b4968 animated-slow elementor-invisible\" data-id=\"b8b4968\" data-element_type=\"column\" data-settings=\"{&quot;animation&quot;:&quot;fadeInLeft&quot;}\">\n\t\t\t<div class=\"elementor-widget-wrap elementor-element-populated\">\n\t\t\t\t\t\t<div class=\"elementor-element elementor-element-4cb01b2e elementor-widget elementor-widget-image\" data-id=\"4cb01b2e\" data-element_type=\"widget\" data-settings=\"{&quot;sticky&quot;:&quot;top&quot;,&quot;sticky_on&quot;:[&quot;desktop&quot;,&quot;tablet&quot;],&quot;sticky_offset&quot;:100,&quot;sticky_effects_offset&quot;:0,&quot;sticky_anchor_link_offset&quot;:0}\" data-widget_type=\"image.default\">\n\t\t\t\t<div class=\"elementor-widget-container\">\n\t\t\t\t\t\t\t\t\t\t\t\t\t\t\t<img decoding=\"async\" src=\"https:\/\/b1364840.smushcdn.com\/1364840\/wp-content\/uploads\/elementor\/thumbs\/Alexandra-lande-new-p6lumsjrtg3c8l3kklg5ikvts477dxekrgvyduoice.jpg?lossy=1&strip=1&webp=1\" title=\"ALEXANDRA &#8216;SPICEY&#8217; LAND\u00c9\" alt=\"Portrait of ALEXANDRA &#039;SPICEY&#039; LAND\u00c9\" loading=\"lazy\" sizes=\"(max-width: 450px) 100vw, 450px\" \/>\t\t\t\t\t\t\t\t\t\t\t\t\t\t\t<\/div>\n\t\t\t\t<\/div>\n\t\t\t\t\t<\/div>\n\t\t<\/div>\n\t\t\t\t<div class=\"elementor-column elementor-col-50 elementor-inner-column elementor-element elementor-element-d025097 animated-slow elementor-invisible\" data-id=\"d025097\" data-element_type=\"column\" data-settings=\"{&quot;animation&quot;:&quot;fadeInUp&quot;,&quot;animation_delay&quot;:1}\">\n\t\t\t<div class=\"elementor-widget-wrap elementor-element-populated\">\n\t\t\t\t\t\t<div class=\"elementor-element elementor-element-bc0c594 elementor-widget elementor-widget-text-editor\" data-id=\"bc0c594\" data-element_type=\"widget\" data-widget_type=\"text-editor.default\">\n\t\t\t\t<div class=\"elementor-widget-container\">\n\t\t\t\t\t\t\t\t\t<p><b><i>Montreal choreographer and major figure in hip-hop dance in Quebec, \u2018Spicey\u2019 began her career as a choreographer in 2005. <\/i><\/b><b><i>She first developed a passion for hip-hop as a young girl in the 1980s. That symbiotic connection to dance and hip-hop culture is a dominant presence in her choreography, and constitutes the very essence of her artistic style.<\/i><\/b><\/p><p><span style=\"font-weight: 400;\">\u2018Spicey\u2019 began her career as a performer and teacher. As an independent choreographer she presented three pieces in Quebec prior to 2015, including <\/span><b><i>Retrospek <\/i><\/b><span style=\"font-weight: 400;\">(2008, 9 performers), which influenced a generation of Montreal street dancers. She was awarded the Rideau-Entr\u00e9es en Sc\u00e8ne Loto Qu\u00e9bec bursary in 2009, and <\/span><i><span style=\"font-weight: 400;\">Retrospek <\/span><\/i><span style=\"font-weight: 400;\">was then presented in twenty different venues across the province. At the same time <\/span><b>the Bust A Move Festival<\/b><span style=\"font-weight: 400;\"> that she founded (2005-2015) became the biggest street dance competition in Canada, attended annually by 3500 spectators and participants. The TOHU circus arts venue became its co-presenter in 2010.<\/span><\/p><p><span style=\"font-weight: 400;\">Eager to further expand her artistic aspirations and to actively promote street dance and its performers, &#8216;Spicey&#8217; founded <\/span><b>the dance company Ebnfl\u014dh<\/b><span style=\"font-weight: 400;\"> in 2015. With the support of collaborators and peers, her approach to hip-hop as choreography evolved, becoming more exploratory, radical and authentic. Faithful to intention and form, she continued to pursue research and experimentation. Music, theatre, cinema and visual arts have been sources of inspiration for her choreography, as has her degree in psychology. Her works powerfully probe our social and intimate relationships. In recent years, she has trained in filmmaking for dance.<\/span><\/p><p><span style=\"font-weight: 400;\">&#8216;Spicey&#8217; created <\/span><b><i>Complexe R<\/i><\/b><span style=\"font-weight: 400;\"> in 2015, a piece for five female dancers inspired by our existential obsessions. Presented at the MAI (Montr\u00e9al, arts interculturels), it was performed in Quebec, Ontario, New York and Amsterdam. <\/span><i><span style=\"font-weight: 400;\">In-Word<\/span><\/i><span style=\"font-weight: 400;\">, her 2019 piece featuring six dancers, was awarded \u201cPrix R\u00e9v\u00e9lation\u201d at <\/span><b>Les Prix de la Danse de Montr\u00e9al<\/b><span style=\"font-weight: 400;\">. The jury emphasized &#8220;the power of the choreography&#8221; and &#8220;an artistic style imbued with depth&#8221;. The piece was a finalist for the <\/span><b>35<\/b><b>th<\/b><span style=\"font-weight: 400;\">\u00a0<\/span><b>Grand Prix du Conseil des arts de Montr\u00e9al <\/b><span style=\"font-weight: 400;\">and was presented 50 times in Canada, Scotland and Germany from 2019 to 2023.\u00a0<\/span><\/p><p><span style=\"font-weight: 400;\">During the pandemic she created two works for webcasting: <\/span><b><i>Hanging by a Thread<\/i><\/b><span style=\"font-weight: 400;\"> (8 dancers) presented by DanceWorks in Toronto, and the duo <\/span><b><i>Ever Endeavor<\/i><\/b><span style=\"font-weight: 400;\"> \u2013 a piece commissioned by the National Arts Centre (#DansEnvol). In 2021 &#8216;Spicey&#8217; was captured in a moment of freestyling in Esie Mensah film TESSEL, which featured the stories of 14 black artists from across Canada. Danse Danse presented her most recent work, <\/span><b><i>La Probabilit\u00e9 du N\u00e9ant<\/i><\/b><span style=\"font-weight: 400;\"> (8 dancers), in October 2021 at Place des Arts in Montreal. It will be presented in Vancouver at the end of 2023. She is currently working on a new piece that will be featured at Th\u00e9\u00e2tre La Chapelle in spring 2024, in a co-production with Danse-Cit\u00e9. She is also directing and choreographing her first dance film entitled <\/span><b><i>Le N\u00e9ant<\/i><\/b><span style=\"font-weight: 400;\">.<\/span><\/p><p><span style=\"font-weight: 400;\">A performer and teacher of hip-hop for the past twenty years, &#8216;Spicey&#8217; is regularly asked to teach classes (TransFormation Danse, Concordia University&#8217;s Focus on Dance Research, \u00c9cole nationale de cirque de Montr\u00e9al, Circuit-Est, Studio 303, RQD, etc.), and to judge street dance competitions both here and abroad. She has also worked as a dance coach for Cirque du Soleil (<\/span><i><span style=\"font-weight: 400;\">Michael Jackson: The Immortal World Tour<\/span><\/i><span style=\"font-weight: 400;\">), and as a choreographer she has collaborated with the Festival Mode &amp; Design (Montreal) and with Radio-Canada. She has been a movement consultant for several theatre productions (Black Theatre Workshop, the Arrivals Legacy Project <\/span><i><span style=\"font-weight: 400;\">Chokola<\/span><\/i><span style=\"font-weight: 400;\"> presented at La Licorne in 2023, etc.), and a guest curator for MAI working with the artists Lara Kramer and Angie Cheng from 2021 to 2025.\u00a0<\/span><\/p><p><span style=\"font-weight: 400;\">Deeply committed to supporting street dance, &#8216;Spicey&#8217; designs and directs <\/span><b>B-Side<\/b><span style=\"font-weight: 400;\">, an event produced by Ebnfl\u014dh since 2019. She also teaches workshops and mentors emerging artists. She has served on the boards of several organizations, including Jack of all Trades (JOAT Festival) since 2021, and the Regroupement qu\u00e9b\u00e9cois de la danse as vice-president from 2020 to 2022.<\/span><\/p>\t\t\t\t\t\t\t\t<\/div>\n\t\t\t\t<\/div>\n\t\t\t\t\t<\/div>\n\t\t<\/div>\n\t\t\t\t\t<\/div>\n\t\t<\/section>\n\t\t\t\t\t<\/div>\n\t\t<\/div>\n\t\t\t\t\t<\/div>\n\t\t<\/section>\n\t\t\t\t<\/div>\n\t\t","protected":false},"excerpt":{"rendered":"<p>ALEXANDRA &#8216;SPICEY&#8217; LAND\u00c9 Choreographer and Artistic Director Montreal choreographer and major figure in hip-hop dance in Quebec, \u2018Spicey\u2019 began her career as a choreographer in 2005. She first developed a passion for hip-hop as a young girl in the 1980s. That symbiotic connection to dance and hip-hop culture is a dominant presence in her choreography, [&hellip;]<\/p>\n","protected":false},"author":1,"featured_media":0,"parent":0,"menu_order":0,"comment_status":"closed","ping_status":"closed","template":"","meta":{"site-sidebar-layout":"no-sidebar","site-content-layout":"page-builder","ast-site-content-layout":"default","site-content-style":"default","site-sidebar-style":"default","ast-global-header-display":"","ast-banner-title-visibility":"","ast-main-header-display":"","ast-hfb-above-header-display":"","ast-hfb-below-header-display":"","ast-hfb-mobile-header-display":"","site-post-title":"disabled","ast-breadcrumbs-content":"","ast-featured-img":"disabled","footer-sml-layout":"","ast-disable-related-posts":"","theme-transparent-header-meta":"default","adv-header-id-meta":"","stick-header-meta":"","header-above-stick-meta":"","header-main-stick-meta":"","header-below-stick-meta":"","astra-migrate-meta-layouts":"default","ast-page-background-enabled":"default","ast-page-background-meta":{"desktop":{"background-color":"","background-image":"","background-repeat":"repeat","background-position":"center center","background-size":"auto","background-attachment":"scroll","background-type":"","background-media":"","overlay-type":"","overlay-color":"","overlay-opacity":"","overlay-gradient":""},"tablet":{"background-color":"","background-image":"","background-repeat":"repeat","background-position":"center center","background-size":"auto","background-attachment":"scroll","background-type":"","background-media":"","overlay-type":"","overlay-color":"","overlay-opacity":"","overlay-gradient":""},"mobile":{"background-color":"","background-image":"","background-repeat":"repeat","background-position":"center center","background-size":"auto","background-attachment":"scroll","background-type":"","background-media":"","overlay-type":"","overlay-color":"","overlay-opacity":"","overlay-gradient":""}},"ast-content-background-meta":{"desktop":{"background-color":"var(--ast-global-color-5)","background-image":"","background-repeat":"repeat","background-position":"center center","background-size":"auto","background-attachment":"scroll","background-type":"","background-media":"","overlay-type":"","overlay-color":"","overlay-opacity":"","overlay-gradient":""},"tablet":{"background-color":"var(--ast-global-color-5)","background-image":"","background-repeat":"repeat","background-position":"center center","background-size":"auto","background-attachment":"scroll","background-type":"","background-media":"","overlay-type":"","overlay-color":"","overlay-opacity":"","overlay-gradient":""},"mobile":{"background-color":"var(--ast-global-color-5)","background-image":"","background-repeat":"repeat","background-position":"center center","background-size":"auto","background-attachment":"scroll","background-type":"","background-media":"","overlay-type":"","overlay-color":"","overlay-opacity":"","overlay-gradient":""}},"footnotes":""},"class_list":["post-185","page","type-page","status-publish","hentry"],"_links":{"self":[{"href":"https:\/\/ebnfloh.com\/en\/wp-json\/wp\/v2\/pages\/185","targetHints":{"allow":["GET"]}}],"collection":[{"href":"https:\/\/ebnfloh.com\/en\/wp-json\/wp\/v2\/pages"}],"about":[{"href":"https:\/\/ebnfloh.com\/en\/wp-json\/wp\/v2\/types\/page"}],"author":[{"embeddable":true,"href":"https:\/\/ebnfloh.com\/en\/wp-json\/wp\/v2\/users\/1"}],"replies":[{"embeddable":true,"href":"https:\/\/ebnfloh.com\/en\/wp-json\/wp\/v2\/comments?post=185"}],"version-history":[{"count":6,"href":"https:\/\/ebnfloh.com\/en\/wp-json\/wp\/v2\/pages\/185\/revisions"}],"predecessor-version":[{"id":2765,"href":"https:\/\/ebnfloh.com\/en\/wp-json\/wp\/v2\/pages\/185\/revisions\/2765"}],"wp:attachment":[{"href":"https:\/\/ebnfloh.com\/en\/wp-json\/wp\/v2\/media?parent=185"}],"curies":[{"name":"wp","href":"https:\/\/api.w.org\/{rel}","templated":true}]}}