{"id":395,"date":"2019-01-08T00:19:29","date_gmt":"2019-01-08T00:19:29","guid":{"rendered":"https:\/\/ebnfloh.com\/?page_id=395"},"modified":"2021-01-29T17:36:12","modified_gmt":"2021-01-29T17:36:12","slug":"performance-history","status":"publish","type":"page","link":"https:\/\/ebnfloh.com\/en\/performance-history\/","title":{"rendered":"Performance History"},"content":{"rendered":"\t\t<div data-elementor-type=\"wp-post\" data-elementor-id=\"395\" class=\"elementor elementor-395\" data-elementor-post-type=\"page\">\n\t\t\t\t\t\t<section class=\"elementor-section elementor-top-section elementor-element elementor-element-59f923bf elementor-section-boxed elementor-section-height-default elementor-section-height-default\" data-id=\"59f923bf\" data-element_type=\"section\" data-e-type=\"section\">\n\t\t\t\t\t\t<div class=\"elementor-container elementor-column-gap-default\">\n\t\t\t\t\t<div class=\"elementor-column elementor-col-100 elementor-top-column elementor-element elementor-element-248c7504\" data-id=\"248c7504\" data-element_type=\"column\" data-e-type=\"column\" data-settings=\"{&quot;background_background&quot;:&quot;classic&quot;}\">\n\t\t\t<div class=\"elementor-widget-wrap elementor-element-populated\">\n\t\t\t\t\t\t<div class=\"elementor-element elementor-element-492a59a elementor-widget elementor-widget-heading\" data-id=\"492a59a\" data-element_type=\"widget\" data-e-type=\"widget\" data-widget_type=\"heading.default\">\n\t\t\t\t<div class=\"elementor-widget-container\">\n\t\t\t\t\t<h1 class=\"elementor-heading-title elementor-size-xxl\">Performance History<\/h1>\t\t\t\t<\/div>\n\t\t\t\t<\/div>\n\t\t\t\t\t<\/div>\n\t\t<\/div>\n\t\t\t\t\t<\/div>\n\t\t<\/section>\n\t\t\t\t<section class=\"elementor-section elementor-top-section elementor-element elementor-element-274884d elementor-section-boxed elementor-section-height-default elementor-section-height-default\" data-id=\"274884d\" data-element_type=\"section\" data-e-type=\"section\">\n\t\t\t\t\t\t<div class=\"elementor-container elementor-column-gap-default\">\n\t\t\t\t\t<div class=\"elementor-column elementor-col-100 elementor-top-column elementor-element elementor-element-38fb771a\" data-id=\"38fb771a\" data-element_type=\"column\" data-e-type=\"column\">\n\t\t\t<div class=\"elementor-widget-wrap elementor-element-populated\">\n\t\t\t\t\t\t<div class=\"elementor-element elementor-element-55abb44e elementor-widget elementor-widget-text-editor\" data-id=\"55abb44e\" data-element_type=\"widget\" data-e-type=\"widget\" data-widget_type=\"text-editor.default\">\n\t\t\t\t<div class=\"elementor-widget-container\">\n\t\t\t\t\t\t\t\t\t<ul><li><b>2008-2015<\/b> \u2013 Alexandra \u2018Spicey\u2019 Land\u00e9, independent choreographer.<\/li><li><b>October 2015<\/b> \u2013 Founding of the Ebnfl\u014dh Dance Company, and its incorporation as a not-for-profit structure.<\/li><li><b>2016-2018<\/b> \u2013 Ebnfl\u014dh receives financial support from the Canada Arts Council, Conseil des Arts et Lettres du Qu\u00e9bec and Conseil des Arts de Montr\u00e9al several times.<\/li><\/ul>\t\t\t\t\t\t\t\t<\/div>\n\t\t\t\t<\/div>\n\t\t\t\t\t<\/div>\n\t\t<\/div>\n\t\t\t\t\t<\/div>\n\t\t<\/section>\n\t\t\t\t<section class=\"elementor-section elementor-top-section elementor-element elementor-element-7f4d423a elementor-section-boxed elementor-section-height-default elementor-section-height-default\" data-id=\"7f4d423a\" data-element_type=\"section\" data-e-type=\"section\">\n\t\t\t\t\t\t<div class=\"elementor-container elementor-column-gap-default\">\n\t\t\t\t\t<div class=\"elementor-column elementor-col-100 elementor-top-column elementor-element elementor-element-76991301\" data-id=\"76991301\" data-element_type=\"column\" data-e-type=\"column\">\n\t\t\t<div class=\"elementor-widget-wrap elementor-element-populated\">\n\t\t\t\t\t\t<div class=\"elementor-element elementor-element-3f3c9945 elementor-widget elementor-widget-heading\" data-id=\"3f3c9945\" data-element_type=\"widget\" data-e-type=\"widget\" data-widget_type=\"heading.default\">\n\t\t\t\t<div class=\"elementor-widget-container\">\n\t\t\t\t\t<h2 class=\"elementor-heading-title elementor-size-default\">Complexe R (60 minutes\/ 5 dancers\/ 2015)<\/h2>\t\t\t\t<\/div>\n\t\t\t\t<\/div>\n\t\t\t\t<div class=\"elementor-element elementor-element-7af98c67 elementor-widget elementor-widget-text-editor\" data-id=\"7af98c67\" data-element_type=\"widget\" data-e-type=\"widget\" data-widget_type=\"text-editor.default\">\n\t\t\t\t<div class=\"elementor-widget-container\">\n\t\t\t\t\t\t\t\t\t<h4><b>2014<\/b><\/h4><ul><li>8th of September \u2013 excerpt (10 min.) season launch in auditorium 5 at Place des Arts, Montreal.<\/li><li>27th-28th of September \u2013 excerpt (25 min., 3 performances), TUDS \u2013 Festival de danses urbaines, Winchester Street Theatre, Toronto.<\/li><\/ul><h4><b>2015<\/b><\/h4><ul><li>14th of December \u2013 excerpt (25 min.), Festival 100Lux, Auditorium 5 at Place des Arts, Montreal.<\/li><li>20th-23rd of January \u2013 residency, Patrot le Pr\u00e9vost, Maison de la Culture Villeray-St-Michel-Parc Extension (MCVSMPE), Montreal.<\/li><li>4th of February \u2013 public presentation (in its entirety), Patrot le Pr\u00e9vost, MCVSMPE, Montreal.<\/li><li>19th of July \u2013 World Premiere, Cypherfest, Yukon Arts Center, Whitehorse.<\/li><li>12th-14th of November \u2013 full show (10 days of residency, followed by 3 performances), Quebec Premiere, MAI (Montr\u00e9al, arts interculturels).<\/li><li>3rd of December \u2013 excerpt (10 min.), workshop \u201cRegard sur la danse issue d\u2019autres codes culturels\u201d, Parcours Danse, Conseils des Arts de Montr\u00e9al.<\/li><\/ul><h4><b>2016<\/b><\/h4><ul><li>17th of April \u2013 excerpt (10 min.), Bravissimo, Centre Expo, Terrebonne.<\/li><li>17th of July \u2013 excerpt (10 min.), Ladies of Hip-Hop Festival, Alvin Ailey, New York (U.S.A.).<\/li><li>31st of July \u2013 excerpt (10 min.), Summer Showcase, Dance Immersion, Toronto.<\/li><li>17th of August \u2013 excerpt (30 min.), Summer Dance Forever Festival, De La Mar Theater, Amsterdam (Netherlands).<\/li><li>5th of November \u2013 excerpt (20 min.), Contact Ontario, Peterborough.<\/li><\/ul><h4><b>2017<\/b><\/h4><ul><li>7th of February \u2013 full show, school program, Patrot le Pr\u00e9vost, MCVSMPE, Montreal.<\/li><li>21st-22nd March \u2013 full show, (2 performances), school program, Patrot le Pr\u00e9vost, MCVSMPE, Montreal.<\/li><li>18th-20th of August \u2013 excerpt (20 min.), Dance Made in Canada, Toronto.<\/li><\/ul><h4><b>2017-2018 Season \u2013 Conseil des arts de Montr\u00e9al Touring Program (full shows)<\/b><\/h4><ul><li>8th of November 2017 \u2013 Saint-Laurent Borough.<\/li><li>16th of November 2017 \u2013 Maison de la culture, Notre-Dame-de-Gr\u00e2ce.<\/li><li>23rd of November 2017 \u2013 Maison de la culture, Ahuntsic.<\/li><li>1st of February 2018 \u2013 Maison de la culture, Villeray-St-Michel-Parc-Extension.<\/li><li>5th of April 2018 \u2013 Maison de la culture, Frontenac.<\/li><li>11th of April 2018 \u2013 Maison de la culture Plateau Mont-Royal.<\/li><li>15th of April 2018 \u2013 Lasalle Borough.<\/li><\/ul><h4><b>2018<\/b><\/h4><ul><li>18th-27th of March \u2013 North-Western Ontario tour (full shows), Red Lake, Dryden &amp; Sioux Lookout.<\/li><li>29th of March \u2013 excerpt (5 min.), Palais des Congr\u00e8s, Grand Prix du Conseil des arts de Montr\u00e9al<\/li><\/ul>\t\t\t\t\t\t\t\t<\/div>\n\t\t\t\t<\/div>\n\t\t\t\t\t<\/div>\n\t\t<\/div>\n\t\t\t\t\t<\/div>\n\t\t<\/section>\n\t\t\t\t<section class=\"elementor-section elementor-top-section elementor-element elementor-element-41647bc9 elementor-section-boxed elementor-section-height-default elementor-section-height-default\" data-id=\"41647bc9\" data-element_type=\"section\" data-e-type=\"section\">\n\t\t\t\t\t\t<div class=\"elementor-container elementor-column-gap-default\">\n\t\t\t\t\t<div class=\"elementor-column elementor-col-100 elementor-top-column elementor-element elementor-element-5eef581a\" data-id=\"5eef581a\" data-element_type=\"column\" data-e-type=\"column\">\n\t\t\t<div class=\"elementor-widget-wrap elementor-element-populated\">\n\t\t\t\t\t\t<div class=\"elementor-element elementor-element-5eea91d0 elementor-widget elementor-widget-heading\" data-id=\"5eea91d0\" data-element_type=\"widget\" data-e-type=\"widget\" data-widget_type=\"heading.default\">\n\t\t\t\t<div class=\"elementor-widget-container\">\n\t\t\t\t\t<h2 class=\"elementor-heading-title elementor-size-default\">IN-WARD (60 minutes \/ 6 dancers \/ 2019)<\/h2>\t\t\t\t<\/div>\n\t\t\t\t<\/div>\n\t\t\t\t<div class=\"elementor-element elementor-element-53ae4c42 elementor-widget elementor-widget-text-editor\" data-id=\"53ae4c42\" data-element_type=\"widget\" data-e-type=\"widget\" data-widget_type=\"text-editor.default\">\n\t\t\t\t<div class=\"elementor-widget-container\">\n\t\t\t\t\t\t\t\t\t<p><strong>World premiere at the MAI (Montr\u00e9al, arts interculturels) from the 16th-20th of January 2019 (5 performances). Coproduction CCOV-centre de creation O Vertigo, Montr\u00e9al.<\/strong><\/p><h4><b>2017<\/b> (in development)<\/h4><ul><li>3rd of October \u2013 research presentation (20 min.), Mardi culturels TD, Arsenal art contemporain &amp; Danse Danse (residency program Cr\u00e9ateur en movement), Montreal.<\/li><\/ul><h4><strong>2018<\/strong><\/h4><ul><li>6th of May \u2013 excerpt (10 min.), Montreal Showcase, Agora de la danse, Montreal.<\/li><li>12th of May \u2013 excerpt (10 min.), Block Party, Fondation de la Place des Arts, Espace culture George-\u00c9mile-Lapalme, Montreal.<\/li><li>15th of July \u2013 excerpt (30 min.), Cypherfest, Yukon Arts Center, Whitehorse.<\/li><li>9th-12th of August \u2013 excerpt (20 min., 2 performances), Festival Musique du Bout du Monde, Gasp\u00e9.<\/li><li>21st of September \u2013 excerpt (5 min.), soir\u00e9e Carte Blanche, Danse \u00e0 la Carte, Montreal.<\/li><\/ul><h4><strong>2019<\/strong><\/h4><ul><li>October 1st, 2019 &#8211; MC Rivi\u00e8re des Prairies.<\/li><li>October 20th, 2019 &#8211; Arts de la sc\u00e8ne Montmagny.<\/li><li>November 29th, 2019 &#8211; Parcours Danse, Official selection, Montreal.<\/li><li>\u00a0<\/li><\/ul>\t\t\t\t\t\t\t\t<\/div>\n\t\t\t\t<\/div>\n\t\t\t\t\t<\/div>\n\t\t<\/div>\n\t\t\t\t\t<\/div>\n\t\t<\/section>\n\t\t\t\t<section class=\"elementor-section elementor-top-section elementor-element elementor-element-327f01ae elementor-section-boxed elementor-section-height-default elementor-section-height-default\" data-id=\"327f01ae\" data-element_type=\"section\" data-e-type=\"section\">\n\t\t\t\t\t\t<div class=\"elementor-container elementor-column-gap-default\">\n\t\t\t\t\t<div class=\"elementor-column elementor-col-100 elementor-top-column elementor-element elementor-element-4b442d\" data-id=\"4b442d\" data-element_type=\"column\" data-e-type=\"column\">\n\t\t\t<div class=\"elementor-widget-wrap elementor-element-populated\">\n\t\t\t\t\t\t<div class=\"elementor-element elementor-element-5314c3df elementor-widget elementor-widget-heading\" data-id=\"5314c3df\" data-element_type=\"widget\" data-e-type=\"widget\" data-widget_type=\"heading.default\">\n\t\t\t\t<div class=\"elementor-widget-container\">\n\t\t\t\t\t<h2 class=\"elementor-heading-title elementor-size-default\">IN-BEAUTY - JOUER DEHORS (15 minutes \/ 4 dancers \/ 2018)<\/h2>\t\t\t\t<\/div>\n\t\t\t\t<\/div>\n\t\t\t\t<div class=\"elementor-element elementor-element-3dc9c39b elementor-widget elementor-widget-text-editor\" data-id=\"3dc9c39b\" data-element_type=\"widget\" data-e-type=\"widget\" data-widget_type=\"text-editor.default\">\n\t\t\t\t<div class=\"elementor-widget-container\">\n\t\t\t\t\t\t\t\t\t<h4><strong>2019<\/strong><\/h4><ul><li>July 5th, 2019 &#8211; City of Longueuil.<\/li><li>July 9th, 2019 &#8211; Arrondissement Lasalle.<\/li><li>July 18th, 2019 &#8211; Muni-Spec Mont-Laurier.<\/li><li>July 20th, 2019 &#8211; Centre de la Nature de Laval.<\/li><li>July 26th to 28th, 2019 &#8211; Festival Furies de Marsouie en Gasp\u00e9sie.<\/li><li>September 6th, 2019 &#8211; MC Rosemont \u2013 Promenade Masson.<\/li><li>September 30th, 2019 &#8211; Commission Scolaire Terrebonne.<\/li><\/ul>\t\t\t\t\t\t\t\t<\/div>\n\t\t\t\t<\/div>\n\t\t\t\t\t<\/div>\n\t\t<\/div>\n\t\t\t\t\t<\/div>\n\t\t<\/section>\n\t\t\t\t<section class=\"elementor-section elementor-top-section elementor-element elementor-element-a8ed47a elementor-section-boxed elementor-section-height-default elementor-section-height-default\" data-id=\"a8ed47a\" data-element_type=\"section\" data-e-type=\"section\">\n\t\t\t\t\t\t<div class=\"elementor-container elementor-column-gap-default\">\n\t\t\t\t\t<div class=\"elementor-column elementor-col-100 elementor-top-column elementor-element elementor-element-7b26b9d\" data-id=\"7b26b9d\" data-element_type=\"column\" data-e-type=\"column\">\n\t\t\t<div class=\"elementor-widget-wrap elementor-element-populated\">\n\t\t\t\t\t\t<div class=\"elementor-element elementor-element-d055820 elementor-widget elementor-widget-heading\" data-id=\"d055820\" data-element_type=\"widget\" data-e-type=\"widget\" data-widget_type=\"heading.default\">\n\t\t\t\t<div class=\"elementor-widget-container\">\n\t\t\t\t\t<h2 class=\"elementor-heading-title elementor-size-default\">OTHER<\/h2>\t\t\t\t<\/div>\n\t\t\t\t<\/div>\n\t\t\t\t<div class=\"elementor-element elementor-element-b572c83 elementor-widget elementor-widget-text-editor\" data-id=\"b572c83\" data-element_type=\"widget\" data-e-type=\"widget\" data-widget_type=\"text-editor.default\">\n\t\t\t\t<div class=\"elementor-widget-container\">\n\t\t\t\t\t\t\t\t\t<ul><li>31st of August 2017 \u2013 Mona Lisa (3 min.), solo choreography &amp; dance by Alexandra \u2018Spicey\u2019 Land\u00e9, Short &amp; Sweet, Montreal.<\/li><li>14th of December 2018 \u2013 performance (20 min.) &amp; discussion, collaboration with choreographer and dancer Tanveer Alam (Toronto), Symposium \u201cPas juste de la danse\u201d presented by Zab Maboungou \/ Nyata Nyata dance company, MAI (Montr\u00e9al, arts interculturels).<\/li><li>Workshops, conferences, group discussions, and master classes.<\/li><\/ul>\t\t\t\t\t\t\t\t<\/div>\n\t\t\t\t<\/div>\n\t\t\t\t\t<\/div>\n\t\t<\/div>\n\t\t\t\t\t<\/div>\n\t\t<\/section>\n\t\t\t\t<\/div>\n\t\t","protected":false},"excerpt":{"rendered":"<p>Performance History 2008-2015 \u2013 Alexandra \u2018Spicey\u2019 Land\u00e9, independent choreographer. October 2015 \u2013 Founding of the Ebnfl\u014dh Dance Company, and its incorporation as a not-for-profit structure. 2016-2018 \u2013 Ebnfl\u014dh receives financial support from the Canada Arts Council, Conseil des Arts et Lettres du Qu\u00e9bec and Conseil des Arts de Montr\u00e9al several times. Complexe R (60 minutes\/ [&hellip;]<\/p>\n","protected":false},"author":1,"featured_media":0,"parent":0,"menu_order":0,"comment_status":"closed","ping_status":"closed","template":"","meta":{"site-sidebar-layout":"no-sidebar","site-content-layout":"page-builder","ast-site-content-layout":"default","site-content-style":"default","site-sidebar-style":"default","ast-global-header-display":"","ast-banner-title-visibility":"","ast-main-header-display":"","ast-hfb-above-header-display":"","ast-hfb-below-header-display":"","ast-hfb-mobile-header-display":"","site-post-title":"disabled","ast-breadcrumbs-content":"","ast-featured-img":"disabled","footer-sml-layout":"","ast-disable-related-posts":"","theme-transparent-header-meta":"default","adv-header-id-meta":"","stick-header-meta":"","header-above-stick-meta":"","header-main-stick-meta":"","header-below-stick-meta":"","astra-migrate-meta-layouts":"default","ast-page-background-enabled":"default","ast-page-background-meta":{"desktop":{"background-color":"","background-image":"","background-repeat":"repeat","background-position":"center center","background-size":"auto","background-attachment":"scroll","background-type":"","background-media":"","overlay-type":"","overlay-color":"","overlay-opacity":"","overlay-gradient":""},"tablet":{"background-color":"","background-image":"","background-repeat":"repeat","background-position":"center center","background-size":"auto","background-attachment":"scroll","background-type":"","background-media":"","overlay-type":"","overlay-color":"","overlay-opacity":"","overlay-gradient":""},"mobile":{"background-color":"","background-image":"","background-repeat":"repeat","background-position":"center center","background-size":"auto","background-attachment":"scroll","background-type":"","background-media":"","overlay-type":"","overlay-color":"","overlay-opacity":"","overlay-gradient":""}},"ast-content-background-meta":{"desktop":{"background-color":"var(--ast-global-color-5)","background-image":"","background-repeat":"repeat","background-position":"center center","background-size":"auto","background-attachment":"scroll","background-type":"","background-media":"","overlay-type":"","overlay-color":"","overlay-opacity":"","overlay-gradient":""},"tablet":{"background-color":"var(--ast-global-color-5)","background-image":"","background-repeat":"repeat","background-position":"center center","background-size":"auto","background-attachment":"scroll","background-type":"","background-media":"","overlay-type":"","overlay-color":"","overlay-opacity":"","overlay-gradient":""},"mobile":{"background-color":"var(--ast-global-color-5)","background-image":"","background-repeat":"repeat","background-position":"center center","background-size":"auto","background-attachment":"scroll","background-type":"","background-media":"","overlay-type":"","overlay-color":"","overlay-opacity":"","overlay-gradient":""}},"footnotes":""},"class_list":["post-395","page","type-page","status-publish","hentry"],"_links":{"self":[{"href":"https:\/\/ebnfloh.com\/en\/wp-json\/wp\/v2\/pages\/395","targetHints":{"allow":["GET"]}}],"collection":[{"href":"https:\/\/ebnfloh.com\/en\/wp-json\/wp\/v2\/pages"}],"about":[{"href":"https:\/\/ebnfloh.com\/en\/wp-json\/wp\/v2\/types\/page"}],"author":[{"embeddable":true,"href":"https:\/\/ebnfloh.com\/en\/wp-json\/wp\/v2\/users\/1"}],"replies":[{"embeddable":true,"href":"https:\/\/ebnfloh.com\/en\/wp-json\/wp\/v2\/comments?post=395"}],"version-history":[{"count":0,"href":"https:\/\/ebnfloh.com\/en\/wp-json\/wp\/v2\/pages\/395\/revisions"}],"wp:attachment":[{"href":"https:\/\/ebnfloh.com\/en\/wp-json\/wp\/v2\/media?parent=395"}],"curies":[{"name":"wp","href":"https:\/\/api.w.org\/{rel}","templated":true}]}}