{"id":745,"date":"2019-06-07T18:11:27","date_gmt":"2019-06-07T18:11:27","guid":{"rendered":"https:\/\/ebnfloh.com\/?page_id=745"},"modified":"2021-05-02T03:07:35","modified_gmt":"2021-05-02T03:07:35","slug":"newsletter","status":"publish","type":"page","link":"https:\/\/ebnfloh.com\/en\/newsletter\/","title":{"rendered":"Newsletter"},"content":{"rendered":"\t\t<div data-elementor-type=\"wp-post\" data-elementor-id=\"745\" class=\"elementor elementor-745\" data-elementor-post-type=\"page\">\n\t\t\t\t\t\t<section class=\"elementor-section elementor-top-section elementor-element elementor-element-a2b7068 elementor-section-boxed elementor-section-height-default elementor-section-height-default\" data-id=\"a2b7068\" data-element_type=\"section\">\n\t\t\t\t\t\t<div class=\"elementor-container elementor-column-gap-default\">\n\t\t\t\t\t<div class=\"elementor-column elementor-col-100 elementor-top-column elementor-element elementor-element-a06ce14\" data-id=\"a06ce14\" data-element_type=\"column\">\n\t\t\t<div class=\"elementor-widget-wrap elementor-element-populated\">\n\t\t\t\t\t\t<div class=\"elementor-element elementor-element-7fcdb9e elementor-widget elementor-widget-heading\" data-id=\"7fcdb9e\" data-element_type=\"widget\" data-widget_type=\"heading.default\">\n\t\t\t\t<div class=\"elementor-widget-container\">\n\t\t\t\t\t<h1 class=\"elementor-heading-title elementor-size-xxl\">News<\/h1>\t\t\t\t<\/div>\n\t\t\t\t<\/div>\n\t\t\t\t<div class=\"elementor-element elementor-element-07e1d27 elementor-widget elementor-widget-shortcode\" data-id=\"07e1d27\" data-element_type=\"widget\" data-no-translation=\"\" data-widget_type=\"shortcode.default\">\n\t\t\t\t<div class=\"elementor-widget-container\">\n\t\t\t\t\t\t\t<div class=\"elementor-shortcode\"><div class=\"wp-rss-template-container\" data-wpra-template=\"default\" data-template-ctx=\"eyJzb3VyY2VzIjoiMTg2NyJ9\">\n    <div class=\"wp-rss-aggregator wpra-list-template  \" data-page=\"1\">\n    \n    \n<ul class=\"wpra-item-list rss-aggregator wpra-item-list--bullets wpra-item-list--default\"\n    start=\"1\">\n                        <li class=\"wpra-item feed-item \">\n            \n            \n\n    <a  href=\"https:\/\/mailchi.mp\/28d11a356d9e\/bsidedna2024\"  rel=\"nofollow\" class=\"\">\u26a1B-Side vol.5 bat son plein \u00e0 l'Agora + DNA samedi 22 juin<\/a>\n\n\n\n\n\n\n<div class=\"wprss-feed-meta\">\n    \n            <span class=\"feed-date\">\n            Published on 2024-06-12\n        <\/span>\n    \n    <\/div>\n\n\n\n\n\n            \n        <\/li>\n                    <li class=\"wpra-item feed-item \">\n            \n            \n\n    <a  href=\"https:\/\/mailchi.mp\/3e7ea7ecf379\/spring-2024\"  rel=\"nofollow\" class=\"\">Ebnfl\u014dh en Europe en mai \u26a1 B-Side + DNA du 10 au 22 juin \u00e0 Montr\u00e9al<\/a>\n\n\n\n\n\n\n<div class=\"wprss-feed-meta\">\n    \n            <span class=\"feed-date\">\n            Published on 2024-05-14\n        <\/span>\n    \n    <\/div>\n\n\n\n\n\n            \n        <\/li>\n                    <li class=\"wpra-item feed-item \">\n            \n            \n\n    <a  href=\"https:\/\/mailchi.mp\/fdd2aba17072\/laprobabiliteduneant-nov23-14170813\"  rel=\"nofollow\" class=\"\">Ebnfl\u014dh in Europe in May \u26a1 B-Side + DNA June 10-22 in Montreal<\/a>\n\n\n\n\n\n\n<div class=\"wprss-feed-meta\">\n    \n            <span class=\"feed-date\">\n            Published on 2024-05-14\n        <\/span>\n    \n    <\/div>\n\n\n\n\n\n            \n        <\/li>\n                    <li class=\"wpra-item feed-item \">\n            \n            \n\n    <a  href=\"https:\/\/mailchi.mp\/327430587ab8\/lpdn-automne-2023\"  rel=\"nofollow\" class=\"\">La Probabilit\u00e9 du N\u00e9ant \u00e0 Parcours Danse, Vancouver, Terrebonne &amp; Mardi je donne pour B-Side \u23f3<\/a>\n\n\n\n\n\n\n<div class=\"wprss-feed-meta\">\n    \n            <span class=\"feed-date\">\n            Published on 2023-11-28\n        <\/span>\n    \n    <\/div>\n\n\n\n\n\n            \n        <\/li>\n                    <li class=\"wpra-item feed-item \">\n            \n            \n\n    <a  href=\"https:\/\/mailchi.mp\/df7a27169c0c\/laprobabiliteduneant-nov23-13990365\"  rel=\"nofollow\" class=\"\">La Probabilit\u00e9 du N\u00e9ant at Parcours Danse, Vancouver, Terrebonne &amp; Giving Tuesday for B-Side \u23f3<\/a>\n\n\n\n\n\n\n<div class=\"wprss-feed-meta\">\n    \n            <span class=\"feed-date\">\n            Published on 2023-11-28\n        <\/span>\n    \n    <\/div>\n\n\n\n\n\n            \n        <\/li>\n                    <li class=\"wpra-item feed-item \">\n            \n            \n\n    <a  href=\"https:\/\/mailchi.mp\/b06bb9cb20ae\/laprobabiliteduneant-fall-2023\"  rel=\"nofollow\" class=\"\">La Probabilit\u00e9 du N\u00e9ant at Parcours Danse, Vancouver and Terrebonne \u25b6 \u23f3<\/a>\n\n\n\n\n\n\n<div class=\"wprss-feed-meta\">\n    \n            <span class=\"feed-date\">\n            Published on 2023-11-28\n        <\/span>\n    \n    <\/div>\n\n\n\n\n\n            \n        <\/li>\n                    <li class=\"wpra-item feed-item \">\n            \n            \n\n    <a  href=\"https:\/\/mailchi.mp\/aa772cdc3964\/httpsmailchimp1968911400bedna-b-side-agora-140623-fr\"  rel=\"nofollow\" class=\"\">DNA samedi 17 juin 12h-23h + ateliers + symposium B-Side#4 jusqu\u2019au 23 juin \u00e0 l&#039;Agora \u26a1<\/a>\n\n\n\n\n\n\n<div class=\"wprss-feed-meta\">\n    \n            <span class=\"feed-date\">\n            Published on 2023-06-14\n        <\/span>\n    \n    <\/div>\n\n\n\n\n\n            \n        <\/li>\n                    <li class=\"wpra-item feed-item \">\n            \n            \n\n    <a  href=\"https:\/\/mailchi.mp\/1968911400be\/dna-b-side-agora-140623-en\"  rel=\"nofollow\" class=\"\">DNA\/Danse Non Alt\u00e9r\u00e9e samedi \u00e0 l\u2019Agora + B-Side #4 \ud83d\udcab<\/a>\n\n\n\n\n\n\n<div class=\"wprss-feed-meta\">\n    \n            <span class=\"feed-date\">\n            Published on 2023-06-14\n        <\/span>\n    \n    <\/div>\n\n\n\n\n\n            \n        <\/li>\n                    <li class=\"wpra-item feed-item \">\n            \n            \n\n    <a  href=\"https:\/\/mailchi.mp\/7ee522256ffc\/ebnfloh-b-side-et-nouvelles-12mai2022-13952441\"  rel=\"nofollow\" class=\"\">Ebnfl\u014dh pr\u00e9sente B-Side #4 du 12 au 23 juin 2023 \u00e0 l&#039;Agora \ud83d\udce3<\/a>\n\n\n\n\n\n\n<div class=\"wprss-feed-meta\">\n    \n            <span class=\"feed-date\">\n            Published on 2023-06-01\n        <\/span>\n    \n    <\/div>\n\n\n\n\n\n            \n        <\/li>\n                    <li class=\"wpra-item feed-item \">\n            \n            \n\n    <a  href=\"https:\/\/mailchi.mp\/d7d52a48d478\/ebnfloh-b-side-prog-1juin2023\"  rel=\"nofollow\" class=\"\">Ebnfl\u014dh pr\u00e9sente B-Side #4 du 12 au 23 juin 2023 \u00e0 l&#039;Agora \ud83d\udce3<\/a>\n\n\n\n\n\n\n<div class=\"wprss-feed-meta\">\n    \n            <span class=\"feed-date\">\n            Published on 2023-06-01\n        <\/span>\n    \n    <\/div>\n\n\n\n\n\n            \n        <\/li>\n                    <li class=\"wpra-item feed-item \">\n            \n            \n\n    <a  href=\"https:\/\/mailchi.mp\/3cd02a6de2e6\/ebnfloh-b-side-et-nouvelles-12mai2022-13949117\"  rel=\"nofollow\" class=\"\">Ebnfl\u014dh pr\u00e9sente DNA - Danse Non Alt\u00e9r\u00e9e - 17 juin 2023 \u00e0 l&#039;Agora \ud83d\udcab<\/a>\n\n\n\n\n\n\n<div class=\"wprss-feed-meta\">\n    \n            <span class=\"feed-date\">\n            Published on 2023-05-19\n        <\/span>\n    \n    <\/div>\n\n\n\n\n\n            \n        <\/li>\n                    <li class=\"wpra-item feed-item \">\n            \n            \n\n    <a  href=\"https:\/\/mailchi.mp\/06d40842fd9a\/dna-june-17\"  rel=\"nofollow\" class=\"\">Ebnfl\u014dh pr\u00e9sente DNA - Danse Non Alt\u00e9r\u00e9e - 17 juin 2023 \u00e0 l&#039;Agora \ud83d\udcab<\/a>\n\n\n\n\n\n\n<div class=\"wprss-feed-meta\">\n    \n            <span class=\"feed-date\">\n            Published on 2023-05-19\n        <\/span>\n    \n    <\/div>\n\n\n\n\n\n            \n        <\/li>\n                    <li class=\"wpra-item feed-item \">\n            \n            \n\n    <a  href=\"https:\/\/mailchi.mp\/41f465742c11\/cinars-off-9-nov\"  rel=\"nofollow\" class=\"\">La Probabilit\u00e9 du N\u00e9ant \u25b6 Off-CINARS November 9, 1PM (Studio Parbleux)<\/a>\n\n\n\n\n\n\n<div class=\"wprss-feed-meta\">\n    \n            <span class=\"feed-date\">\n            Published on 2022-11-07\n        <\/span>\n    \n    <\/div>\n\n\n\n\n\n            \n        <\/li>\n                    <li class=\"wpra-item feed-item \">\n            \n            \n\n    <a  href=\"https:\/\/mailchi.mp\/bd125b3f1a90\/off-cinars-2022\"  rel=\"nofollow\" class=\"\">La Probabilit\u00e9 du N\u00e9ant \u25b6 pr\u00e9sentation Off-CINARS mercredi 9 novembre \u00e0 13h (Studio Parbleux)<\/a>\n\n\n\n\n\n\n<div class=\"wprss-feed-meta\">\n    \n            <span class=\"feed-date\">\n            Published on 2022-11-07\n        <\/span>\n    \n    <\/div>\n\n\n\n\n\n            \n        <\/li>\n                    <li class=\"wpra-item feed-item \">\n            \n            \n\n    <a  href=\"https:\/\/mailchi.mp\/a3db16670899\/tournee-automne-2022\"  rel=\"nofollow\" class=\"\">\u2708 Ebnfl\u014dh en tourn\u00e9e cet automne au Qu\u00e9bec et au Canada\u00a0\ud83d\udea9<\/a>\n\n\n\n\n\n\n<div class=\"wprss-feed-meta\">\n    \n            <span class=\"feed-date\">\n            Published on 2022-09-28\n        <\/span>\n    \n    <\/div>\n\n\n\n\n\n            \n        <\/li>\n        <\/ul>\n\n        \n<\/div>\n\n<\/div>\n<\/div>\n\t\t\t\t\t\t<\/div>\n\t\t\t\t<\/div>\n\t\t\t\t<div class=\"elementor-element elementor-element-5cfbd72 elementor-widget elementor-widget-shortcode\" data-id=\"5cfbd72\" data-element_type=\"widget\" data-no-translation=\"\" data-widget_type=\"shortcode.default\">\n\t\t\t\t<div class=\"elementor-widget-container\">\n\t\t\t\t\t<style>.elementor-element-5cfbd72{display:none !important}<\/style>\t\t\t\t<\/div>\n\t\t\t\t<\/div>\n\t\t\t\t\t<\/div>\n\t\t<\/div>\n\t\t\t\t\t<\/div>\n\t\t<\/section>\n\t\t\t\t<\/div>\n\t\t","protected":false},"excerpt":{"rendered":"<p>News<\/p>\n","protected":false},"author":1,"featured_media":0,"parent":0,"menu_order":0,"comment_status":"closed","ping_status":"closed","template":"","meta":{"site-sidebar-layout":"no-sidebar","site-content-layout":"page-builder","ast-site-content-layout":"default","site-content-style":"default","site-sidebar-style":"default","ast-global-header-display":"","ast-banner-title-visibility":"","ast-main-header-display":"","ast-hfb-above-header-display":"","ast-hfb-below-header-display":"","ast-hfb-mobile-header-display":"","site-post-title":"disabled","ast-breadcrumbs-content":"","ast-featured-img":"disabled","footer-sml-layout":"","ast-disable-related-posts":"","theme-transparent-header-meta":"default","adv-header-id-meta":"","stick-header-meta":"","header-above-stick-meta":"","header-main-stick-meta":"","header-below-stick-meta":"","astra-migrate-meta-layouts":"default","ast-page-background-enabled":"default","ast-page-background-meta":{"desktop":{"background-color":"","background-image":"","background-repeat":"repeat","background-position":"center center","background-size":"auto","background-attachment":"scroll","background-type":"","background-media":"","overlay-type":"","overlay-color":"","overlay-opacity":"","overlay-gradient":""},"tablet":{"background-color":"","background-image":"","background-repeat":"repeat","background-position":"center center","background-size":"auto","background-attachment":"scroll","background-type":"","background-media":"","overlay-type":"","overlay-color":"","overlay-opacity":"","overlay-gradient":""},"mobile":{"background-color":"","background-image":"","background-repeat":"repeat","background-position":"center center","background-size":"auto","background-attachment":"scroll","background-type":"","background-media":"","overlay-type":"","overlay-color":"","overlay-opacity":"","overlay-gradient":""}},"ast-content-background-meta":{"desktop":{"background-color":"var(--ast-global-color-5)","background-image":"","background-repeat":"repeat","background-position":"center center","background-size":"auto","background-attachment":"scroll","background-type":"","background-media":"","overlay-type":"","overlay-color":"","overlay-opacity":"","overlay-gradient":""},"tablet":{"background-color":"var(--ast-global-color-5)","background-image":"","background-repeat":"repeat","background-position":"center center","background-size":"auto","background-attachment":"scroll","background-type":"","background-media":"","overlay-type":"","overlay-color":"","overlay-opacity":"","overlay-gradient":""},"mobile":{"background-color":"var(--ast-global-color-5)","background-image":"","background-repeat":"repeat","background-position":"center center","background-size":"auto","background-attachment":"scroll","background-type":"","background-media":"","overlay-type":"","overlay-color":"","overlay-opacity":"","overlay-gradient":""}},"footnotes":""},"class_list":["post-745","page","type-page","status-publish","hentry"],"_links":{"self":[{"href":"https:\/\/ebnfloh.com\/en\/wp-json\/wp\/v2\/pages\/745","targetHints":{"allow":["GET"]}}],"collection":[{"href":"https:\/\/ebnfloh.com\/en\/wp-json\/wp\/v2\/pages"}],"about":[{"href":"https:\/\/ebnfloh.com\/en\/wp-json\/wp\/v2\/types\/page"}],"author":[{"embeddable":true,"href":"https:\/\/ebnfloh.com\/en\/wp-json\/wp\/v2\/users\/1"}],"replies":[{"embeddable":true,"href":"https:\/\/ebnfloh.com\/en\/wp-json\/wp\/v2\/comments?post=745"}],"version-history":[{"count":0,"href":"https:\/\/ebnfloh.com\/en\/wp-json\/wp\/v2\/pages\/745\/revisions"}],"wp:attachment":[{"href":"https:\/\/ebnfloh.com\/en\/wp-json\/wp\/v2\/media?parent=745"}],"curies":[{"name":"wp","href":"https:\/\/api.w.org\/{rel}","templated":true}]}}