{"id":1706,"date":"2021-03-04T13:49:55","date_gmt":"2021-03-04T13:49:55","guid":{"rendered":"https:\/\/ebnfloh.com\/?page_id=1706"},"modified":"2022-06-18T12:08:15","modified_gmt":"2022-06-18T12:08:15","slug":"support-us","status":"publish","type":"page","link":"https:\/\/ebnfloh.com\/fr\/support-us\/","title":{"rendered":"SUPPORTEZ-NOUS"},"content":{"rendered":"<div data-elementor-type=\"wp-page\" data-elementor-id=\"1706\" class=\"elementor elementor-1706\" data-elementor-post-type=\"page\">\n\t\t\t\t\t\t<section class=\"elementor-section elementor-top-section elementor-element elementor-element-648bff2d elementor-section-boxed elementor-section-height-default elementor-section-height-default\" data-id=\"648bff2d\" data-element_type=\"section\" data-e-type=\"section\" data-settings=\"{&quot;background_background&quot;:&quot;classic&quot;}\">\n\t\t\t\t\t\t\t<div class=\"elementor-background-overlay\"><\/div>\n\t\t\t\t\t\t\t<div class=\"elementor-container elementor-column-gap-default\">\n\t\t\t\t\t<div class=\"elementor-column elementor-col-100 elementor-top-column elementor-element elementor-element-267b899\" data-id=\"267b899\" data-element_type=\"column\" data-e-type=\"column\" data-settings=\"{&quot;background_background&quot;:&quot;classic&quot;}\">\n\t\t\t<div class=\"elementor-widget-wrap elementor-element-populated\">\n\t\t\t\t\t\t<div class=\"elementor-element elementor-element-0bcb5f5 elementor-widget elementor-widget-heading\" data-id=\"0bcb5f5\" data-element_type=\"widget\" data-e-type=\"widget\" data-widget_type=\"heading.default\">\n\t\t\t\t<div class=\"elementor-widget-container\">\n\t\t\t\t\t<span class=\"elementor-heading-title elementor-size-default\">L\u00e9o Caron aka Bboy Fl\u00e9au - B-SIDE 2021. Photo \u00a9Hoi Do Phan<\/span>\t\t\t\t<\/div>\n\t\t\t\t<\/div>\n\t\t\t\t<div class=\"elementor-element elementor-element-a6903de elementor-widget elementor-widget-image\" data-id=\"a6903de\" data-element_type=\"widget\" data-e-type=\"widget\" data-widget_type=\"image.default\">\n\t\t\t\t<div class=\"elementor-widget-container\">\n\t\t\t\t\t\t\t\t\t\t\t\t\t\t\t<img fetchpriority=\"high\" decoding=\"async\" width=\"1024\" height=\"684\" src=\"https:\/\/b1364840.smushcdn.com\/1364840\/wp-content\/uploads\/2022\/05\/B-SIDE2-2021-1024x684.png?lossy=1&strip=1&webp=1\" class=\"attachment-large size-large wp-image-2383\" alt=\"\" srcset=\"https:\/\/b1364840.smushcdn.com\/1364840\/wp-content\/uploads\/2022\/05\/B-SIDE2-2021-1024x684.png?lossy=1&strip=1&webp=1 1024w, https:\/\/b1364840.smushcdn.com\/1364840\/wp-content\/uploads\/2022\/05\/B-SIDE2-2021-300x200.png?lossy=1&strip=1&webp=1 300w, https:\/\/b1364840.smushcdn.com\/1364840\/wp-content\/uploads\/2022\/05\/B-SIDE2-2021-768x513.png?lossy=1&strip=1&webp=1 768w, https:\/\/b1364840.smushcdn.com\/1364840\/wp-content\/uploads\/2022\/05\/B-SIDE2-2021-18x12.png?lossy=1&strip=1&webp=1 18w, https:\/\/b1364840.smushcdn.com\/1364840\/wp-content\/uploads\/2022\/05\/B-SIDE2-2021.png?lossy=1&strip=1&webp=1 1417w, https:\/\/b1364840.smushcdn.com\/1364840\/wp-content\/uploads\/2022\/05\/B-SIDE2-2021.png?size=409x273&lossy=1&strip=1&webp=1 409w, https:\/\/b1364840.smushcdn.com\/1364840\/wp-content\/uploads\/2022\/05\/B-SIDE2-2021.png?size=819x547&lossy=1&strip=1&webp=1 819w\" sizes=\"(max-width: 1024px) 100vw, 1024px\" \/>\t\t\t\t\t\t\t\t\t\t\t\t\t\t\t<\/div>\n\t\t\t\t<\/div>\n\t\t\t\t\t<\/div>\n\t\t<\/div>\n\t\t\t\t\t<\/div>\n\t\t<\/section>\n\t\t\t\t<section class=\"elementor-section elementor-top-section elementor-element elementor-element-53245f3 elementor-section-boxed elementor-section-height-default elementor-section-height-default\" data-id=\"53245f3\" data-element_type=\"section\" data-e-type=\"section\" data-settings=\"{&quot;background_background&quot;:&quot;classic&quot;}\">\n\t\t\t\t\t\t<div class=\"elementor-container elementor-column-gap-default\">\n\t\t\t\t\t<div class=\"elementor-column elementor-col-100 elementor-top-column elementor-element elementor-element-e40cb46\" data-id=\"e40cb46\" data-element_type=\"column\" data-e-type=\"column\">\n\t\t\t<div class=\"elementor-widget-wrap elementor-element-populated\">\n\t\t\t\t\t\t\t<\/div>\n\t\t<\/div>\n\t\t\t\t\t<\/div>\n\t\t<\/section>\n\t\t\t\t<section class=\"elementor-section elementor-top-section elementor-element elementor-element-6237d1f elementor-section-boxed elementor-section-height-default elementor-section-height-default\" data-id=\"6237d1f\" data-element_type=\"section\" data-e-type=\"section\">\n\t\t\t\t\t\t\t<div class=\"elementor-background-overlay\"><\/div>\n\t\t\t\t\t\t\t<div class=\"elementor-container elementor-column-gap-default\">\n\t\t\t\t\t<div class=\"elementor-column elementor-col-100 elementor-top-column elementor-element elementor-element-c2b2710\" data-id=\"c2b2710\" data-element_type=\"column\" data-e-type=\"column\" data-settings=\"{&quot;background_background&quot;:&quot;classic&quot;}\">\n\t\t\t<div class=\"elementor-widget-wrap elementor-element-populated\">\n\t\t\t\t\t\t<div class=\"elementor-element elementor-element-e7bbf26 elementor-widget elementor-widget-text-editor\" data-id=\"e7bbf26\" data-element_type=\"widget\" data-e-type=\"widget\" data-widget_type=\"text-editor.default\">\n\t\t\t\t<div class=\"elementor-widget-container\">\n\t\t\t\t\t\t\t\t\t<p>La compagnie de danse EBNFL\u014cH, fond\u00e9e en 2015, est une des premi\u00e8res compagnies professionnelles avec une esth\u00e9tique purement hip-hop \u00e0 s\u2019imposer sur les sc\u00e8nes canadiennes. Elle cr\u00e9e, produit et diffuse ses \u0153uvres ici et \u00e0 l\u2019international.<\/p><p>Notre groupe est n\u00e9 dans la communaut\u00e9 vibrante du street dance. Ebnfl\u014dh provient d\u2019un besoin de faire reconna\u00eetre le hip-hop en tant qu\u2019art majeur, de cr\u00e9er des opportunit\u00e9s professionnelles pour les artistes et de transmettre la pratique aux plus jeunes. <strong>Authenticit\u00e9, Respect, Ouverture &amp; Partage<\/strong> sont les valeurs de la compagnie.<\/p>\t\t\t\t\t\t\t\t<\/div>\n\t\t\t\t<\/div>\n\t\t\t\t<div class=\"elementor-element elementor-element-6a06cdf elementor-widget elementor-widget-heading\" data-id=\"6a06cdf\" data-element_type=\"widget\" data-e-type=\"widget\" data-widget_type=\"heading.default\">\n\t\t\t\t<div class=\"elementor-widget-container\">\n\t\t\t\t\t<h2 class=\"elementor-heading-title elementor-size-xl\">SOUTENEZ L'\u00c9V\u00c8NEMENT B-SIDE 2022!<\/h2>\t\t\t\t<\/div>\n\t\t\t\t<\/div>\n\t\t\t\t<div class=\"elementor-element elementor-element-32394b7 elementor-widget elementor-widget-text-editor\" data-id=\"32394b7\" data-element_type=\"widget\" data-e-type=\"widget\" data-widget_type=\"text-editor.default\">\n\t\t\t\t<div class=\"elementor-widget-container\">\n\t\t\t\t\t\t\t\t\t<p class=\"translation-block\"><strong><a href=\"https:\/\/ebnfloh.com\/fr\/b-side-3\/\" target=\"_self\">B-SIDE<\/a>  est un laboratoire d\u2019exploration et recherche en street dance<\/strong> pour la communaut\u00e9 cr\u00e9\u00e9 par la compagnie Ebnfl\u014dh. Nous croyons fermement \u00e0 l\u2019importance de la recherche en street dance et nous voulons faire b\u00e9n\u00e9ficier les nouvelles g\u00e9n\u00e9rations d\u2019opportunit\u00e9s qui nous ont fait d\u00e9faut.<\/p><p><strong><a href=\"https:\/\/ebnfloh.com\/fr\/b-side-3\/\">B-SIDE #3<\/a> aura lieu du 13 au 23 juin 2022 \u00e0 l'<a href=\"https:\/\/agoradanse.com\/\" target=\"_blank\" rel=\"noopener\">Agora de la danse<\/a>.<\/strong><br \/><strong>L\u2019\u00e9v\u00e8nement est principalement gratuit.<\/strong><br \/><strong>Il est financ\u00e9 par Ebnflo\u0304h, ses partenaires et vos pr\u00e9cieux dons.<\/strong><\/p><p><span style=\"color: #ec5745;\"><strong>&gt;&gt;&gt; Pour r\u00e9aliser B-SIDE #3 cette ann\u00e9e, nous sollicitons votre g\u00e9n\u00e9reux soutien par un don.<\/strong><\/span><\/p><p><strong>Chaque don compte, quel qu'en soit le montant !<\/strong><br \/><strong>Vous recevrez une mention sp\u00e9ciale dans notre infolettre et sur notre site web !<br \/><\/strong><br \/>Vous avez jusqu\u2019au<strong> <b>23 juin 2022<\/b> pour faire un don pour l'\u00e9v\u00e8nement B-SIDE #3.<\/strong><br \/>Les dons seront tous r\u00e9investis dans l\u2019\u00e9v\u00e8nement B-SIDE.<br \/>Nous ne fournissons pas de re\u00e7u de charit\u00e9.<\/p><p>Si vous pr\u00e9f\u00e9rez, vous pouvez aussi nous envoyer un ch\u00e8que \u00e0 : Compagnie Ebnfloh, \u00c9difice Gaston-Miron - 205-1210 rue Sherbrooke Est, Montr\u00e9al (Qu\u00e9bec) H2L 1L9<\/p>\t\t\t\t\t\t\t\t<\/div>\n\t\t\t\t<\/div>\n\t\t\t\t<div class=\"elementor-element elementor-element-13c2189 elementor-align-center elementor-widget elementor-widget-button\" data-id=\"13c2189\" data-element_type=\"widget\" data-e-type=\"widget\" data-widget_type=\"button.default\">\n\t\t\t\t<div class=\"elementor-widget-container\">\n\t\t\t\t\t\t\t\t\t<div class=\"elementor-button-wrapper\">\n\t\t\t\t\t<a class=\"elementor-button elementor-button-link elementor-size-lg\" href=\"https:\/\/www.paypal.com\/donate?hosted_button_id=PTMJSZ8J95AR2\" target=\"_blank\">\n\t\t\t\t\t\t<span class=\"elementor-button-content-wrapper\">\n\t\t\t\t\t\t<span class=\"elementor-button-icon\">\n\t\t\t\t<i aria-hidden=\"true\" class=\"fas fa-donate\"><\/i>\t\t\t<\/span>\n\t\t\t\t\t\t\t\t\t<span class=\"elementor-button-text\">FAIRE UN DON<\/span>\n\t\t\t\t\t<\/span>\n\t\t\t\t\t<\/a>\n\t\t\t\t<\/div>\n\t\t\t\t\t\t\t\t<\/div>\n\t\t\t\t<\/div>\n\t\t\t\t<div class=\"elementor-element elementor-element-03f6c44 elementor-widget elementor-widget-text-editor\" data-id=\"03f6c44\" data-element_type=\"widget\" data-e-type=\"widget\" data-widget_type=\"text-editor.default\">\n\t\t\t\t<div class=\"elementor-widget-container\">\n\t\t\t\t\t\t\t\t\t*Vous n'avez pas besoin d'avoir un compte PayPal pour faire votre don via PayPal.\t\t\t\t\t\t\t\t<\/div>\n\t\t\t\t<\/div>\n\t\t\t\t<div class=\"elementor-element elementor-element-b47e0b4 elementor-widget elementor-widget-text-editor\" data-id=\"b47e0b4\" data-element_type=\"widget\" data-e-type=\"widget\" data-widget_type=\"text-editor.default\">\n\t\t\t\t<div class=\"elementor-widget-container\">\n\t\t\t\t\t\t\t\t\t<h3 style=\"font-weight: 600; color: #0d9cb8;\">B-SIDE #3 du 13 au 23 juin 2022 \u2013 c\u2018est:<\/h3><ul><li><strong>LE LABORATOIRE de street dance<\/strong> <br \/>Une r\u00e9sidence r\u00e9mun\u00e9r\u00e9e de 10 jours pour 8 artistes s\u00e9lectionn\u00e9s + pr\u00e9sentation publique des recherches.<\/li><li><strong>LE SYMPOSIUM de street dance \u2013 ouvert \u00e0 tou.s.tes, gratuit<\/strong><br \/>Une s\u00e9rie de conf\u00e9rences inspirantes et in\u00e9dites.<\/li><li><strong>LA FORMATION Ebnflowing<\/strong><br \/>Sur 2 jours, pour les danseurs de la rel\u00e8ve.<\/li><li><strong>LES ATELIERS \u2013 ouvert \u00e0 tou.s.tes, gratuits<\/strong><\/li><\/ul>\t\t\t\t\t\t\t\t<\/div>\n\t\t\t\t<\/div>\n\t\t\t\t<div class=\"elementor-element elementor-element-a0a9f42 elementor-widget elementor-widget-text-editor\" data-id=\"a0a9f42\" data-element_type=\"widget\" data-e-type=\"widget\" data-widget_type=\"text-editor.default\">\n\t\t\t\t<div class=\"elementor-widget-container\">\n\t\t\t\t\t\t\t\t\t<p class=\"translation-block\">Votre soutien est important pour faire grandir B-SIDE et la communaut\u00e9, nous vous remercions \u00e9norm\u00e9ment d\u2019avance.<\/p><p>L\u2019\u00e9quipe d\u2019Ebnfl\u014dh<\/p>\t\t\t\t\t\t\t\t<\/div>\n\t\t\t\t<\/div>\n\t\t\t\t\t<\/div>\n\t\t<\/div>\n\t\t\t\t\t<\/div>\n\t\t<\/section>\n\t\t\t\t<\/div>","protected":false},"excerpt":{"rendered":"<p>L\u00e9o Caron aka Bboy Fl\u00e9au &#8211; B-SIDE 2021. Photo \u00a9Hoi Do Phan Founded in 2015, Ebnfl\u014dh dance company is one of the first professional companies with a strictly Hip-Hop aesthetic to take its proud place on the Canadian dance scene. It creates, produces, and showcases its very own works, both here and abroad. The artistic [&hellip;]<\/p>\n","protected":false},"author":1,"featured_media":0,"parent":0,"menu_order":0,"comment_status":"closed","ping_status":"closed","template":"","meta":{"site-sidebar-layout":"no-sidebar","site-content-layout":"page-builder","ast-site-content-layout":"default","site-content-style":"default","site-sidebar-style":"default","ast-global-header-display":"","ast-banner-title-visibility":"","ast-main-header-display":"","ast-hfb-above-header-display":"","ast-hfb-below-header-display":"","ast-hfb-mobile-header-display":"","site-post-title":"disabled","ast-breadcrumbs-content":"","ast-featured-img":"disabled","footer-sml-layout":"","ast-disable-related-posts":"","theme-transparent-header-meta":"default","adv-header-id-meta":"","stick-header-meta":"","header-above-stick-meta":"","header-main-stick-meta":"","header-below-stick-meta":"","astra-migrate-meta-layouts":"default","ast-page-background-enabled":"default","ast-page-background-meta":{"desktop":{"background-color":"","background-image":"","background-repeat":"repeat","background-position":"center center","background-size":"auto","background-attachment":"scroll","background-type":"","background-media":"","overlay-type":"","overlay-color":"","overlay-opacity":"","overlay-gradient":""},"tablet":{"background-color":"","background-image":"","background-repeat":"repeat","background-position":"center center","background-size":"auto","background-attachment":"scroll","background-type":"","background-media":"","overlay-type":"","overlay-color":"","overlay-opacity":"","overlay-gradient":""},"mobile":{"background-color":"","background-image":"","background-repeat":"repeat","background-position":"center center","background-size":"auto","background-attachment":"scroll","background-type":"","background-media":"","overlay-type":"","overlay-color":"","overlay-opacity":"","overlay-gradient":""}},"ast-content-background-meta":{"desktop":{"background-color":"var(--ast-global-color-5)","background-image":"","background-repeat":"repeat","background-position":"center center","background-size":"auto","background-attachment":"scroll","background-type":"","background-media":"","overlay-type":"","overlay-color":"","overlay-opacity":"","overlay-gradient":""},"tablet":{"background-color":"var(--ast-global-color-5)","background-image":"","background-repeat":"repeat","background-position":"center center","background-size":"auto","background-attachment":"scroll","background-type":"","background-media":"","overlay-type":"","overlay-color":"","overlay-opacity":"","overlay-gradient":""},"mobile":{"background-color":"var(--ast-global-color-5)","background-image":"","background-repeat":"repeat","background-position":"center center","background-size":"auto","background-attachment":"scroll","background-type":"","background-media":"","overlay-type":"","overlay-color":"","overlay-opacity":"","overlay-gradient":""}},"footnotes":""},"class_list":["post-1706","page","type-page","status-publish","hentry"],"_links":{"self":[{"href":"https:\/\/ebnfloh.com\/fr\/wp-json\/wp\/v2\/pages\/1706","targetHints":{"allow":["GET"]}}],"collection":[{"href":"https:\/\/ebnfloh.com\/fr\/wp-json\/wp\/v2\/pages"}],"about":[{"href":"https:\/\/ebnfloh.com\/fr\/wp-json\/wp\/v2\/types\/page"}],"author":[{"embeddable":true,"href":"https:\/\/ebnfloh.com\/fr\/wp-json\/wp\/v2\/users\/1"}],"replies":[{"embeddable":true,"href":"https:\/\/ebnfloh.com\/fr\/wp-json\/wp\/v2\/comments?post=1706"}],"version-history":[{"count":12,"href":"https:\/\/ebnfloh.com\/fr\/wp-json\/wp\/v2\/pages\/1706\/revisions"}],"predecessor-version":[{"id":2502,"href":"https:\/\/ebnfloh.com\/fr\/wp-json\/wp\/v2\/pages\/1706\/revisions\/2502"}],"wp:attachment":[{"href":"https:\/\/ebnfloh.com\/fr\/wp-json\/wp\/v2\/media?parent=1706"}],"curies":[{"name":"wp","href":"https:\/\/api.w.org\/{rel}","templated":true}]}}