{"id":185,"date":"2019-01-07T17:38:08","date_gmt":"2019-01-07T17:38:08","guid":{"rendered":"https:\/\/ebnfloh.com\/?page_id=185"},"modified":"2023-06-10T17:27:51","modified_gmt":"2023-06-10T17:27:51","slug":"alexandra-spicey-lande","status":"publish","type":"page","link":"https:\/\/ebnfloh.com\/fr\/alexandra-spicey-lande\/","title":{"rendered":"ALEXANDRA &#8216;SPICEY&#8217; LAND\u00c9"},"content":{"rendered":"<div data-elementor-type=\"wp-post\" data-elementor-id=\"185\" class=\"elementor elementor-185\" data-elementor-post-type=\"page\">\n\t\t\t\t\t\t<section class=\"elementor-section elementor-top-section elementor-element elementor-element-550ffe89 elementor-section-content-middle elementor-reverse-mobile elementor-section-boxed elementor-section-height-default elementor-section-height-default\" data-id=\"550ffe89\" data-element_type=\"section\">\n\t\t\t\t\t\t<div class=\"elementor-container elementor-column-gap-no\">\n\t\t\t\t\t<div class=\"elementor-column elementor-col-100 elementor-top-column elementor-element elementor-element-68ee3ba4\" data-id=\"68ee3ba4\" data-element_type=\"column\">\n\t\t\t<div class=\"elementor-widget-wrap elementor-element-populated\">\n\t\t\t\t\t\t<div class=\"elementor-element elementor-element-ec8059b elementor-invisible elementor-widget elementor-widget-heading\" data-id=\"ec8059b\" data-element_type=\"widget\" data-settings=\"{&quot;_animation&quot;:&quot;fadeIn&quot;}\" data-widget_type=\"heading.default\">\n\t\t\t\t<div class=\"elementor-widget-container\">\n\t\t\t\t\t<h1 class=\"elementor-heading-title elementor-size-xxl\">ALEXANDRA 'SPICEY' LAND\u00c9<\/h1>\t\t\t\t<\/div>\n\t\t\t\t<\/div>\n\t\t\t\t<div class=\"elementor-element elementor-element-4f6a70a animated-slow elementor-invisible elementor-widget elementor-widget-heading\" data-id=\"4f6a70a\" data-element_type=\"widget\" data-settings=\"{&quot;_animation&quot;:&quot;fadeIn&quot;}\" data-widget_type=\"heading.default\">\n\t\t\t\t<div class=\"elementor-widget-container\">\n\t\t\t\t\t<h2 class=\"elementor-heading-title elementor-size-medium\">Chor\u00e9graphe et directrice artistique<\/h2>\t\t\t\t<\/div>\n\t\t\t\t<\/div>\n\t\t\t\t<section class=\"elementor-section elementor-inner-section elementor-element elementor-element-2ca1777 elementor-reverse-tablet elementor-reverse-mobile elementor-section-boxed elementor-section-height-default elementor-section-height-default\" data-id=\"2ca1777\" data-element_type=\"section\">\n\t\t\t\t\t\t<div class=\"elementor-container elementor-column-gap-default\">\n\t\t\t\t\t<div class=\"elementor-column elementor-col-50 elementor-inner-column elementor-element elementor-element-b8b4968 animated-slow elementor-invisible\" data-id=\"b8b4968\" data-element_type=\"column\" data-settings=\"{&quot;animation&quot;:&quot;fadeInLeft&quot;}\">\n\t\t\t<div class=\"elementor-widget-wrap elementor-element-populated\">\n\t\t\t\t\t\t<div class=\"elementor-element elementor-element-4cb01b2e elementor-widget elementor-widget-image\" data-id=\"4cb01b2e\" data-element_type=\"widget\" data-settings=\"{&quot;sticky&quot;:&quot;top&quot;,&quot;sticky_on&quot;:[&quot;desktop&quot;,&quot;tablet&quot;],&quot;sticky_offset&quot;:100,&quot;sticky_effects_offset&quot;:0,&quot;sticky_anchor_link_offset&quot;:0}\" data-widget_type=\"image.default\">\n\t\t\t\t<div class=\"elementor-widget-container\">\n\t\t\t\t\t\t\t\t\t\t\t\t\t\t\t<img decoding=\"async\" src=\"https:\/\/b1364840.smushcdn.com\/1364840\/wp-content\/uploads\/elementor\/thumbs\/Alexandra-lande-new-p6lumsjrtg3c8l3kklg5ikvts477dxekrgvyduoice.jpg?lossy=1&strip=1&webp=1\" title=\"ALEXANDRA &#8216;SPICEY&#8217; LAND\u00c9\" alt=\"Portrait of ALEXANDRA &#039;SPICEY&#039; LAND\u00c9\" loading=\"lazy\" sizes=\"(max-width: 450px) 100vw, 450px\" \/>\t\t\t\t\t\t\t\t\t\t\t\t\t\t\t<\/div>\n\t\t\t\t<\/div>\n\t\t\t\t\t<\/div>\n\t\t<\/div>\n\t\t\t\t<div class=\"elementor-column elementor-col-50 elementor-inner-column elementor-element elementor-element-d025097 animated-slow elementor-invisible\" data-id=\"d025097\" data-element_type=\"column\" data-settings=\"{&quot;animation&quot;:&quot;fadeInUp&quot;,&quot;animation_delay&quot;:1}\">\n\t\t\t<div class=\"elementor-widget-wrap elementor-element-populated\">\n\t\t\t\t\t\t<div class=\"elementor-element elementor-element-bc0c594 elementor-widget elementor-widget-text-editor\" data-id=\"bc0c594\" data-element_type=\"widget\" data-widget_type=\"text-editor.default\">\n\t\t\t\t<div class=\"elementor-widget-container\">\n\t\t\t\t\t\t\t\t\t<p class=\"translation-block\"><b><i>Chor\u00e9graphe montr\u00e9alaise et figure majeure de la danse hip-hop au Qu\u00e9bec, c\u2019est en 2005 que \u2018Spicey\u2019 d\u00e9bute sa carri\u00e8re de chor\u00e9graphe. Sa passion pour cet art nait dans les ann\u00e9es 80 alors qu\u2019elle est toute petite. La relation symbiotique qu\u2019elle entretient avec la danse et la culture Hip-Hop dans son travail chor\u00e9graphique constitue l\u2019essence de sa signature artistique.<\/i><\/b><\/p><p class=\"translation-block\">\u2018Spicey\u2019 d\u00e9bute sa carri\u00e8re en danse comme interpr\u00e8te et professeure. \u00c0 titre de chor\u00e9graphe ind\u00e9pendante, elle pr\u00e9sente trois \u0153uvres au Qu\u00e9bec avant 2015 dont <b>Retrospek<\/b> (2008, 9 interpr\u00e8tes), qui influence une g\u00e9n\u00e9ration de danseurs de rue montr\u00e9alais. R\u00e9compens\u00e9 par la bourse RIDEAU-Entr\u00e9es en sc\u00e8ne Loto-Qu\u00e9bec en 2009, Retrospek est pre\u0301sente\u0301 chez une vingtaine de diffuseurs. Dans le m\u00eame temps, le Festival <b>:Bust A Move<\/b> qu\u2019elle a fond\u00e9 (2005-2015) s\u2019impose comme la plus grande comp\u00e9tition de danses de rue au Canada (jusqu\u2019\u00e0 3 500 spectateurs et participants annuellement) ; la TOHU en devient le co-pr\u00e9sentateur en 2010.<\/p><p class=\"translation-block\">D\u00e9sirant pousser loin ses aspirations artistiques, et faire rayonner la cr\u00e9ation et les artistes en danse de rue, \u2018Spicey\u2019 fonde en 2015 la <b>compagnie de danse Ebnfl\u014dh<\/b>. Entour\u00e9e de complices et de pairs, elle y aborde le langage hip-hop sous un nouvel angle chor\u00e9graphique, a\u0300 la fois exploratoire, radical et authentique. Fid\u00e8le \u00e0 l'intention et \u00e0 la forme, elle pousse la recherche et l\u2019exp\u00e9rimentation. Dans la mati\u00e8re bouillonnante et dense des corps, son travail explore nos relations intimes et sociales, nos modes de fonctionnement et d\u2019interaction. Dipl\u00f4m\u00e9e en psychologie, elle est aussi profond\u00e9ment inspir\u00e9e par la musique, le th\u00e9\u00e2tre, le cin\u00e9ma et les arts visuels. Dans les derni\u00e8res ann\u00e9es, elle s\u2019est form\u00e9e en r\u00e9alisation cin\u00e9matographique pour la danse.<\/p><p class=\"translation-block\">Avec Ebnfl\u014dh, \u2018Spicey\u2019 cr\u00e9e <b>Complexe R<\/b> en 2015 au MAI (Montr\u00e9al, arts interculturels) avec 5 interpr\u00e8tes f\u00e9minines, une \u0153uvre inspir\u00e9e de nos obsessions. Le spectacle voyage jusqu\u2019\u00e0 New York et Amsterdam. En 2019, la chor\u00e9graphe met en sc\u00e8ne 6 individus isol\u00e9s dans son \u0153uvre In-Ward, avec laquelle elle remporte le <b>Prix \u00ab R\u00e9v\u00e9lation \u00bb des Prix de la Danse de Montr\u00e9al<\/b>. Le jury souligne \u00ab la puissance de la d\u00e9marche chor\u00e9graphique \u00bb de \u2018Spicey\u2019 et \u00ab sa signature [qui] se distingue par sa profondeur \u00bb. La pi\u00e8ce est finaliste du <b>35e Grand Prix du Conseil des arts de Montr\u00e9al<\/b> en 2020. In-Ward est pr\u00e9sent\u00e9e 50 fois au Canada, en \u00c9cosse et en Allemagne de 2019 \u00e0 2023.<\/p><p class=\"translation-block\">Durant la pand\u00e9mie, la chor\u00e9graphe met au monde deux \u0153uvres pour la webdiffusion : <b>Hanging by a Thread<\/b> (8 interpr\u00e8tes) pr\u00e9sent\u00e9 par DanceWorks (Toronto), et le duo <b>Ever Endeavor<\/b>, une commande chor\u00e9graphique pour le Centre national des Arts (#DansEnvol). En 2021, \u2018Spicey\u2019 livre un moment de danse en toute libert\u00e9 dans le film TESSEL d\u2019Esie Mensah, auquel elle participe avec 14 artistes noir.e.s. du Canada. Danse Danse pr\u00e9sente en octobre 2021 au Th\u00e9\u00e2tre Maisonneuve de la Place des Arts sa derni\u00e8re cr\u00e9ation, <b>La Probabilit\u00e9 du N\u00e9ant<\/b> (8 interpr\u00e8tes) ; l\u2019\u0153uvre sera reprise \u00e0 Vancouver fin 2023. La chor\u00e9graphe travaille actuellement sur une nouvelle pi\u00e8ce qui sera diffus\u00e9e au Th\u00e9\u00e2tre La Chapelle au printemps 2024, en coproduction avec Danse-Cit\u00e9. \u00c0 titre de r\u00e9alisatrice et chor\u00e9graphe, elle finalise aussi son premier court-m\u00e9trage de danse, <b>Le N\u00e9ant.<\/b><\/p><p class=\"translation-block\">Interpr\u00e8te et professeure de danse hip-hop depuis plus de deux de\u0301cennies, \u2018Spicey\u2019 est r\u00e9guli\u00e8rement invit\u00e9e \u00e0 enseigner (TransFormation Danse, \u00ab Focus on Dance Research \u00bb\u2013Universit\u00e9 Concordia, \u00c9cole nationale de cirque de Montr\u00e9al, Circuit-Est, Studio 303, RQD, etc.), et \u00e0 juger des compe\u0301titions de street dance ici et \u00e0 l\u2019international. Elle a agi en tant que coach de danse pour le Cirque du Soleil (Michael Jackson: The Immortal World Tour). Comme chore\u0301graphe, elle a notamment collabor\u00e9 avec le Festival Mode &amp; Design (Montr\u00e9al) et Radio-Canada. On la retrouve comme conseill\u00e8re au mouvement sur plusieurs productions th\u00e9\u00e2trales (Black Theatre Workshop, Arrivals Legacy Project, Chokola pr\u00e9sent\u00e9e \u00e0 La Licorne en 2023, etc.). Elle est co-commissaire invit\u00e9e du MAI avec les artistes Lara Kramer et Angie Cheng pour 2021-2025.<\/p><p class=\"translation-block\">Fortement engag\u00e9e \u00e0 soutenir la rel\u00e8ve en street dance, \u2018Spicey\u2019 con\u00e7oit et dirige <b>B-Side<\/b> depuis 2019, un \u00e9v\u00eanement annuel produit par Ebnfl\u014dh qui se d\u00e9die au perfectionnement des danseurs de rue. Elle offre aussi des ateliers et du mentorat \u00e0 des artistes \u00e9mergents. Elle a si\u00e9g\u00e9 sur plusieurs conseils d\u2019administration dont celui du Regroupement que\u0301be\u0301cois de la danse dont elle \u00e9tait la vice-pr\u00e9sidente de 2020 \u00e0 2022, et celui de Jack Of All Trades (Festival JOAT) depuis 2021.<\/p>\t\t\t\t\t\t\t\t<\/div>\n\t\t\t\t<\/div>\n\t\t\t\t\t<\/div>\n\t\t<\/div>\n\t\t\t\t\t<\/div>\n\t\t<\/section>\n\t\t\t\t\t<\/div>\n\t\t<\/div>\n\t\t\t\t\t<\/div>\n\t\t<\/section>\n\t\t\t\t<\/div>","protected":false},"excerpt":{"rendered":"<p>ALEXANDRA &#8216;SPICEY&#8217; LAND\u00c9 Choreographer and Artistic Director Montreal choreographer and major figure in hip-hop dance in Quebec, \u2018Spicey\u2019 began her career as a choreographer in 2005. She first developed a passion for hip-hop as a young girl in the 1980s. That symbiotic connection to dance and hip-hop culture is a dominant presence in her choreography, [&hellip;]<\/p>","protected":false},"author":1,"featured_media":0,"parent":0,"menu_order":0,"comment_status":"closed","ping_status":"closed","template":"","meta":{"site-sidebar-layout":"no-sidebar","site-content-layout":"page-builder","ast-site-content-layout":"default","site-content-style":"default","site-sidebar-style":"default","ast-global-header-display":"","ast-banner-title-visibility":"","ast-main-header-display":"","ast-hfb-above-header-display":"","ast-hfb-below-header-display":"","ast-hfb-mobile-header-display":"","site-post-title":"disabled","ast-breadcrumbs-content":"","ast-featured-img":"disabled","footer-sml-layout":"","ast-disable-related-posts":"","theme-transparent-header-meta":"default","adv-header-id-meta":"","stick-header-meta":"","header-above-stick-meta":"","header-main-stick-meta":"","header-below-stick-meta":"","astra-migrate-meta-layouts":"default","ast-page-background-enabled":"default","ast-page-background-meta":{"desktop":{"background-color":"","background-image":"","background-repeat":"repeat","background-position":"center center","background-size":"auto","background-attachment":"scroll","background-type":"","background-media":"","overlay-type":"","overlay-color":"","overlay-opacity":"","overlay-gradient":""},"tablet":{"background-color":"","background-image":"","background-repeat":"repeat","background-position":"center center","background-size":"auto","background-attachment":"scroll","background-type":"","background-media":"","overlay-type":"","overlay-color":"","overlay-opacity":"","overlay-gradient":""},"mobile":{"background-color":"","background-image":"","background-repeat":"repeat","background-position":"center center","background-size":"auto","background-attachment":"scroll","background-type":"","background-media":"","overlay-type":"","overlay-color":"","overlay-opacity":"","overlay-gradient":""}},"ast-content-background-meta":{"desktop":{"background-color":"var(--ast-global-color-5)","background-image":"","background-repeat":"repeat","background-position":"center center","background-size":"auto","background-attachment":"scroll","background-type":"","background-media":"","overlay-type":"","overlay-color":"","overlay-opacity":"","overlay-gradient":""},"tablet":{"background-color":"var(--ast-global-color-5)","background-image":"","background-repeat":"repeat","background-position":"center center","background-size":"auto","background-attachment":"scroll","background-type":"","background-media":"","overlay-type":"","overlay-color":"","overlay-opacity":"","overlay-gradient":""},"mobile":{"background-color":"var(--ast-global-color-5)","background-image":"","background-repeat":"repeat","background-position":"center center","background-size":"auto","background-attachment":"scroll","background-type":"","background-media":"","overlay-type":"","overlay-color":"","overlay-opacity":"","overlay-gradient":""}},"footnotes":""},"class_list":["post-185","page","type-page","status-publish","hentry"],"_links":{"self":[{"href":"https:\/\/ebnfloh.com\/fr\/wp-json\/wp\/v2\/pages\/185","targetHints":{"allow":["GET"]}}],"collection":[{"href":"https:\/\/ebnfloh.com\/fr\/wp-json\/wp\/v2\/pages"}],"about":[{"href":"https:\/\/ebnfloh.com\/fr\/wp-json\/wp\/v2\/types\/page"}],"author":[{"embeddable":true,"href":"https:\/\/ebnfloh.com\/fr\/wp-json\/wp\/v2\/users\/1"}],"replies":[{"embeddable":true,"href":"https:\/\/ebnfloh.com\/fr\/wp-json\/wp\/v2\/comments?post=185"}],"version-history":[{"count":6,"href":"https:\/\/ebnfloh.com\/fr\/wp-json\/wp\/v2\/pages\/185\/revisions"}],"predecessor-version":[{"id":2765,"href":"https:\/\/ebnfloh.com\/fr\/wp-json\/wp\/v2\/pages\/185\/revisions\/2765"}],"wp:attachment":[{"href":"https:\/\/ebnfloh.com\/fr\/wp-json\/wp\/v2\/media?parent=185"}],"curies":[{"name":"wp","href":"https:\/\/api.w.org\/{rel}","templated":true}]}}