{"id":1916,"date":"2021-06-18T01:29:17","date_gmt":"2021-06-18T01:29:17","guid":{"rendered":"https:\/\/ebnfloh.com\/?page_id=1916"},"modified":"2021-07-02T22:05:12","modified_gmt":"2021-07-02T22:05:12","slug":"b-side-2","status":"publish","type":"page","link":"https:\/\/ebnfloh.com\/fr\/b-side-2\/","title":{"rendered":"B-SIDE #2"},"content":{"rendered":"<div data-elementor-type=\"wp-page\" data-elementor-id=\"1916\" class=\"elementor elementor-1916\" data-elementor-post-type=\"page\">\n\t\t\t\t\t\t<section class=\"elementor-section elementor-top-section elementor-element elementor-element-65b4f49e elementor-section-boxed elementor-section-height-default elementor-section-height-default\" data-id=\"65b4f49e\" data-element_type=\"section\" data-e-type=\"section\">\n\t\t\t\t\t\t<div class=\"elementor-container elementor-column-gap-default\">\n\t\t\t\t\t<div class=\"elementor-column elementor-col-100 elementor-top-column elementor-element elementor-element-264439e8\" data-id=\"264439e8\" data-element_type=\"column\" data-e-type=\"column\">\n\t\t\t<div class=\"elementor-widget-wrap elementor-element-populated\">\n\t\t\t\t\t\t<section class=\"elementor-section elementor-inner-section elementor-element elementor-element-0787fc5 elementor-section-boxed elementor-section-height-default elementor-section-height-default\" data-id=\"0787fc5\" data-element_type=\"section\" data-e-type=\"section\">\n\t\t\t\t\t\t<div class=\"elementor-container elementor-column-gap-default\">\n\t\t\t\t\t<div class=\"elementor-column elementor-col-50 elementor-inner-column elementor-element elementor-element-7817f8e\" data-id=\"7817f8e\" data-element_type=\"column\" data-e-type=\"column\">\n\t\t\t<div class=\"elementor-widget-wrap elementor-element-populated\">\n\t\t\t\t\t\t<div class=\"elementor-element elementor-element-9be3c1e elementor-widget elementor-widget-image\" data-id=\"9be3c1e\" data-element_type=\"widget\" data-e-type=\"widget\" data-widget_type=\"image.default\">\n\t\t\t\t<div class=\"elementor-widget-container\">\n\t\t\t\t\t\t\t\t\t\t\t\t\t\t\t\t<a href=\"https:\/\/ebnfloh.com\/wp-content\/uploads\/2021\/07\/2021_Affiche-B-SIDE_Final-2.pdf\" target=\"_blank\">\n\t\t\t\t\t\t\t<img fetchpriority=\"high\" decoding=\"async\" width=\"768\" height=\"1187\" src=\"https:\/\/b1364840.smushcdn.com\/1364840\/wp-content\/uploads\/2021\/06\/2021_Affiche-B-SIDE_Final-768x1187.jpg?lossy=1&strip=1&webp=1\" class=\"attachment-medium_large size-medium_large wp-image-1920\" alt=\"\" srcset=\"https:\/\/b1364840.smushcdn.com\/1364840\/wp-content\/uploads\/2021\/06\/2021_Affiche-B-SIDE_Final-768x1187.jpg?lossy=1&strip=1&webp=1 768w, https:\/\/b1364840.smushcdn.com\/1364840\/wp-content\/uploads\/2021\/06\/2021_Affiche-B-SIDE_Final-194x300.jpg?lossy=1&strip=1&webp=1 194w, https:\/\/b1364840.smushcdn.com\/1364840\/wp-content\/uploads\/2021\/06\/2021_Affiche-B-SIDE_Final-663x1024.jpg?lossy=1&strip=1&webp=1 663w, https:\/\/b1364840.smushcdn.com\/1364840\/wp-content\/uploads\/2021\/06\/2021_Affiche-B-SIDE_Final-994x1536.jpg?lossy=1&strip=1&webp=1 994w, https:\/\/b1364840.smushcdn.com\/1364840\/wp-content\/uploads\/2021\/06\/2021_Affiche-B-SIDE_Final-scaled.jpg?lossy=1&strip=1&webp=1 1325w, https:\/\/b1364840.smushcdn.com\/1364840\/wp-content\/uploads\/2021\/06\/2021_Affiche-B-SIDE_Final-8x12.jpg?lossy=1&strip=1&webp=1 8w, https:\/\/b1364840.smushcdn.com\/1364840\/wp-content\/uploads\/2021\/06\/2021_Affiche-B-SIDE_Final.jpg?size=409x632&lossy=1&strip=1&webp=1 409w\" sizes=\"(max-width: 768px) 100vw, 768px\" \/>\t\t\t\t\t\t\t\t<\/a>\n\t\t\t\t\t\t\t\t\t\t\t\t\t\t\t<\/div>\n\t\t\t\t<\/div>\n\t\t\t\t\t<\/div>\n\t\t<\/div>\n\t\t\t\t<div class=\"elementor-column elementor-col-50 elementor-inner-column elementor-element elementor-element-0b3aaae\" data-id=\"0b3aaae\" data-element_type=\"column\" data-e-type=\"column\">\n\t\t\t<div class=\"elementor-widget-wrap elementor-element-populated\">\n\t\t\t\t\t\t<div class=\"elementor-element elementor-element-4d74f0d elementor-widget elementor-widget-heading\" data-id=\"4d74f0d\" data-element_type=\"widget\" data-e-type=\"widget\" data-widget_type=\"heading.default\">\n\t\t\t\t<div class=\"elementor-widget-container\">\n\t\t\t\t\t<h1 class=\"elementor-heading-title elementor-size-xxl\">B-SIDE #2<\/h1>\t\t\t\t<\/div>\n\t\t\t\t<\/div>\n\t\t\t\t<div class=\"elementor-element elementor-element-57af643 elementor-widget elementor-widget-heading\" data-id=\"57af643\" data-element_type=\"widget\" data-e-type=\"widget\" data-widget_type=\"heading.default\">\n\t\t\t\t<div class=\"elementor-widget-container\">\n\t\t\t\t\t<h3 class=\"elementor-heading-title elementor-size-default\">Research &amp; Development Laboratory,\nSymposium, training for street dancers.<\/h3>\t\t\t\t<\/div>\n\t\t\t\t<\/div>\n\t\t\t\t<div class=\"elementor-element elementor-element-54cd588 elementor-widget elementor-widget-heading\" data-id=\"54cd588\" data-element_type=\"widget\" data-e-type=\"widget\" data-widget_type=\"heading.default\">\n\t\t\t\t<div class=\"elementor-widget-container\">\n\t\t\t\t\t<h4 class=\"elementor-heading-title elementor-size-default\">Du 28 juin au 9 juillet 2021<\/h4>\t\t\t\t<\/div>\n\t\t\t\t<\/div>\n\t\t\t\t<div class=\"elementor-element elementor-element-1ac953a elementor-widget elementor-widget-text-editor\" data-id=\"1ac953a\" data-element_type=\"widget\" data-e-type=\"widget\" data-widget_type=\"text-editor.default\">\n\t\t\t\t<div class=\"elementor-widget-container\">\n\t\t\t\t\t\t\t\t\t<p>Produit et pr\u00e9sent\u00e9 par\u00a0<b>Ebnfl\u014dh<\/b><br \/>En coproduction et en co-pr\u00e9sentation avec\u00a0<a href=\"https:\/\/agoradanse.com\/\" target=\"_blank\" rel=\"noopener\" data-wplink-edit=\"true\">Agora de la danse<\/a>.<\/p>\t\t\t\t\t\t\t\t<\/div>\n\t\t\t\t<\/div>\n\t\t\t\t\t<\/div>\n\t\t<\/div>\n\t\t\t\t\t<\/div>\n\t\t<\/section>\n\t\t\t\t<div class=\"elementor-element elementor-element-24a9c735 elementor-widget elementor-widget-text-editor\" data-id=\"24a9c735\" data-element_type=\"widget\" data-e-type=\"widget\" data-widget_type=\"text-editor.default\">\n\t\t\t\t<div class=\"elementor-widget-container\">\n\t\t\t\t\t\t\t\t\t<p class=\"translation-block\"><a href=\"https:\/\/agoradanse.com\/evenement\/b-side-2\/\" target=\"_self\" rel=\"noopener\">B-SIDE #2<\/a> est un \u00e9v\u00e8nement en\u00a0<b>trois volets<\/b>\u00a0d\u00e9di\u00e9 \u00e0 la\u00a0<b>recherche<\/b>, \u00e0 la\u00a0<b>r\u00e9flexion<\/b>\u00a0et \u00e0 la\u00a0<b>formation\u00a0en\u00a0street dance<\/b>.\u00a0B-SIDE veut\u00a0offrir \u00e0 la communaut\u00e9 un espace pour l'exploration, qui stimule la circulation des savoirs, les \u00e9changes, et le d\u00e9veloppement des \u00e9critures chor\u00e9graphiques.<br><strong>&gt;&gt;&gt;<b>\u00a0Le 'B-Side', dans le jargon hip-hop, repre\u0301sente la face B d\u2019un disque vinyle<\/b>; on y trouve autant de tre\u0301sors que de raret\u00e9s!<\/p>\t\t\t\t\t\t\t\t<\/div>\n\t\t\t\t<\/div>\n\t\t\t\t<section class=\"elementor-section elementor-inner-section elementor-element elementor-element-878b39c elementor-section-boxed elementor-section-height-default elementor-section-height-default\" data-id=\"878b39c\" data-element_type=\"section\" data-e-type=\"section\">\n\t\t\t\t\t\t<div class=\"elementor-container elementor-column-gap-default\">\n\t\t\t\t\t<div class=\"elementor-column elementor-col-50 elementor-inner-column elementor-element elementor-element-c8bac31\" data-id=\"c8bac31\" data-element_type=\"column\" data-e-type=\"column\">\n\t\t\t<div class=\"elementor-widget-wrap elementor-element-populated\">\n\t\t\t\t\t\t<div class=\"elementor-element elementor-element-cd4d6d5 elementor-widget elementor-widget-image\" data-id=\"cd4d6d5\" data-element_type=\"widget\" data-e-type=\"widget\" data-widget_type=\"image.default\">\n\t\t\t\t<div class=\"elementor-widget-container\">\n\t\t\t\t\t\t\t\t\t\t\t\t\t\t\t\t<a href=\"https:\/\/ebnfloh.com\/wp-content\/uploads\/2021\/06\/2021_Affiche-B-SIDE_Symposium_Final-v3.pdf\" target=\"_blank\">\n\t\t\t\t\t\t\t<img decoding=\"async\" width=\"768\" height=\"1187\" src=\"https:\/\/b1364840.smushcdn.com\/1364840\/wp-content\/uploads\/2021\/06\/2021_Affiche-B-SIDE_Symposium_Final-v3-768x1187.jpg?lossy=1&strip=1&webp=1\" class=\"attachment-medium_large size-medium_large wp-image-2018\" alt=\"\" srcset=\"https:\/\/b1364840.smushcdn.com\/1364840\/wp-content\/uploads\/2021\/06\/2021_Affiche-B-SIDE_Symposium_Final-v3-768x1187.jpg?lossy=1&strip=1&webp=1 768w, https:\/\/b1364840.smushcdn.com\/1364840\/wp-content\/uploads\/2021\/06\/2021_Affiche-B-SIDE_Symposium_Final-v3-194x300.jpg?lossy=1&strip=1&webp=1 194w, https:\/\/b1364840.smushcdn.com\/1364840\/wp-content\/uploads\/2021\/06\/2021_Affiche-B-SIDE_Symposium_Final-v3-663x1024.jpg?lossy=1&strip=1&webp=1 663w, https:\/\/b1364840.smushcdn.com\/1364840\/wp-content\/uploads\/2021\/06\/2021_Affiche-B-SIDE_Symposium_Final-v3-994x1536.jpg?lossy=1&strip=1&webp=1 994w, https:\/\/b1364840.smushcdn.com\/1364840\/wp-content\/uploads\/2021\/06\/2021_Affiche-B-SIDE_Symposium_Final-v3-scaled.jpg?lossy=1&strip=1&webp=1 1325w, https:\/\/b1364840.smushcdn.com\/1364840\/wp-content\/uploads\/2021\/06\/2021_Affiche-B-SIDE_Symposium_Final-v3-8x12.jpg?lossy=1&strip=1&webp=1 8w, https:\/\/b1364840.smushcdn.com\/1364840\/wp-content\/uploads\/2021\/06\/2021_Affiche-B-SIDE_Symposium_Final-v3.jpg?size=409x632&lossy=1&strip=1&webp=1 409w\" sizes=\"auto, (max-width: 768px) 100vw, 768px\" loading=\"lazy\" \/>\t\t\t\t\t\t\t\t<\/a>\n\t\t\t\t\t\t\t\t\t\t\t\t\t\t\t<\/div>\n\t\t\t\t<\/div>\n\t\t\t\t\t<\/div>\n\t\t<\/div>\n\t\t\t\t<div class=\"elementor-column elementor-col-50 elementor-inner-column elementor-element elementor-element-75c1774\" data-id=\"75c1774\" data-element_type=\"column\" data-e-type=\"column\">\n\t\t\t<div class=\"elementor-widget-wrap elementor-element-populated\">\n\t\t\t\t\t\t<div class=\"elementor-element elementor-element-9f93887 elementor-widget elementor-widget-image\" data-id=\"9f93887\" data-element_type=\"widget\" data-e-type=\"widget\" data-widget_type=\"image.default\">\n\t\t\t\t<div class=\"elementor-widget-container\">\n\t\t\t\t\t\t\t\t\t\t\t\t\t\t\t\t<a href=\"https:\/\/ebnfloh.com\/wp-content\/uploads\/2021\/06\/2021_Affiche-B-SIDE_Formations_Final-2.pdf\" target=\"_blank\">\n\t\t\t\t\t\t\t<img decoding=\"async\" width=\"768\" height=\"1187\" src=\"https:\/\/b1364840.smushcdn.com\/1364840\/wp-content\/uploads\/2021\/06\/2021_Affiche-B-SIDE_Formations_Final-2-768x1187.jpg?lossy=1&strip=1&webp=1\" class=\"attachment-medium_large size-medium_large wp-image-2016\" alt=\"\" srcset=\"https:\/\/b1364840.smushcdn.com\/1364840\/wp-content\/uploads\/2021\/06\/2021_Affiche-B-SIDE_Formations_Final-2-768x1187.jpg?lossy=1&strip=1&webp=1 768w, https:\/\/b1364840.smushcdn.com\/1364840\/wp-content\/uploads\/2021\/06\/2021_Affiche-B-SIDE_Formations_Final-2-194x300.jpg?lossy=1&strip=1&webp=1 194w, https:\/\/b1364840.smushcdn.com\/1364840\/wp-content\/uploads\/2021\/06\/2021_Affiche-B-SIDE_Formations_Final-2-663x1024.jpg?lossy=1&strip=1&webp=1 663w, https:\/\/b1364840.smushcdn.com\/1364840\/wp-content\/uploads\/2021\/06\/2021_Affiche-B-SIDE_Formations_Final-2-994x1536.jpg?lossy=1&strip=1&webp=1 994w, https:\/\/b1364840.smushcdn.com\/1364840\/wp-content\/uploads\/2021\/06\/2021_Affiche-B-SIDE_Formations_Final-2-scaled.jpg?lossy=1&strip=1&webp=1 1325w, https:\/\/b1364840.smushcdn.com\/1364840\/wp-content\/uploads\/2021\/06\/2021_Affiche-B-SIDE_Formations_Final-2-8x12.jpg?lossy=1&strip=1&webp=1 8w, https:\/\/b1364840.smushcdn.com\/1364840\/wp-content\/uploads\/2021\/06\/2021_Affiche-B-SIDE_Formations_Final-2.jpg?size=409x632&lossy=1&strip=1&webp=1 409w\" sizes=\"auto, (max-width: 768px) 100vw, 768px\" loading=\"lazy\" \/>\t\t\t\t\t\t\t\t<\/a>\n\t\t\t\t\t\t\t\t\t\t\t\t\t\t\t<\/div>\n\t\t\t\t<\/div>\n\t\t\t\t\t<\/div>\n\t\t<\/div>\n\t\t\t\t\t<\/div>\n\t\t<\/section>\n\t\t\t\t<div class=\"elementor-element elementor-element-1ea36b41 elementor-widget elementor-widget-heading\" data-id=\"1ea36b41\" data-element_type=\"widget\" data-e-type=\"widget\" data-widget_type=\"heading.default\">\n\t\t\t\t<div class=\"elementor-widget-container\">\n\t\t\t\t\t<h3 class=\"elementor-heading-title elementor-size-xl\">B-Side #2 - Dates<\/h3>\t\t\t\t<\/div>\n\t\t\t\t<\/div>\n\t\t\t\t<section class=\"elementor-section elementor-inner-section elementor-element elementor-element-4006f6ff elementor-section-boxed elementor-section-height-default elementor-section-height-default\" data-id=\"4006f6ff\" data-element_type=\"section\" data-e-type=\"section\">\n\t\t\t\t\t\t<div class=\"elementor-container elementor-column-gap-default\">\n\t\t\t\t\t<div class=\"elementor-column elementor-col-100 elementor-inner-column elementor-element elementor-element-7df1e199\" data-id=\"7df1e199\" data-element_type=\"column\" data-e-type=\"column\" data-settings=\"{&quot;background_background&quot;:&quot;classic&quot;}\">\n\t\t\t<div class=\"elementor-widget-wrap elementor-element-populated\">\n\t\t\t\t\t\t<div class=\"elementor-element elementor-element-47f1532 elementor-widget elementor-widget-text-editor\" data-id=\"47f1532\" data-element_type=\"widget\" data-e-type=\"widget\" data-widget_type=\"text-editor.default\">\n\t\t\t\t<div class=\"elementor-widget-container\">\n\t\t\t\t\t\t\t\t\t<p><span class=\"event-title\">28 juin-9 juillet - LABORATOIRE D\u2019EXPLORATION ET DE RECHERCHE EN STREET DANCE<\/span><br \/><a href=\"https:\/\/agoradanse.com\/event\/b-side-2\/\" target=\"_blank\" rel=\"noopener\">AGORA DE LA DANSE<\/a><br \/>Pendant deux semaines, le Laboratoire d\u2019exploration et de recherche permet \u00e0 8 artistes s\u00e9lectionn\u00e9s d\u2019explorer une id\u00e9e embryonnaire en studio, avant de la pr\u00e9senter dans un cadre informel sous forme d\u2019essai, d\u2019exp\u00e9rimentation ou d\u2019improvisation. Les artistes disposent d'une enti\u00e8re carte blanche et des mentors sont disponibles pour les conseiller.<\/p>\t\t\t\t\t\t\t\t<\/div>\n\t\t\t\t<\/div>\n\t\t\t\t<div class=\"elementor-element elementor-element-015da84 elementor-widget elementor-widget-text-editor\" data-id=\"015da84\" data-element_type=\"widget\" data-e-type=\"widget\" data-widget_type=\"text-editor.default\">\n\t\t\t\t<div class=\"elementor-widget-container\">\n\t\t\t\t\t\t\t\t\t<p><span class=\"event-title\">3 et 4 juillet - SYMPOSIUM EN WEBDIFFUSION<\/span><br \/>PR\u00c9SENT\u00c9 PAR <a href=\"https:\/\/diagramme.org\/\" target=\"_blank\" rel=\"noopener\">DIAGRAMME<\/a><br \/>Le Symposium r\u00e9unit des sp\u00e9cialistes du hip-hop et du street dance, pour des conf\u00e9rences inspirantes et in\u00e9dites.<\/p>\t\t\t\t\t\t\t\t<\/div>\n\t\t\t\t<\/div>\n\t\t\t\t<div class=\"elementor-element elementor-element-5913ad1 elementor-widget elementor-widget-text-editor\" data-id=\"5913ad1\" data-element_type=\"widget\" data-e-type=\"widget\" data-widget_type=\"text-editor.default\">\n\t\t\t\t<div class=\"elementor-widget-container\">\n\t\t\t\t\t\t\t\t\t<p><strong>3 juillet 2021 - 11h30-13h30<\/strong><br \/><strong>\u00ab <a href=\"https:\/\/lepointdevente.com\/billets\/mothersofstreetdance\" target=\"_blank\" rel=\"noopener\">Mothers of Street Dance<\/a> \u00bb<\/strong> <b>- DISCUSSION AUTOUR DE LA MATERNIT\u00c9 EN STREET DANCE.<\/b><br \/><strong>Invit\u00e9.es :<\/strong> Natasha \u2018Tash\u2019 Jean-Bart, Dana \u2018B-girl Radio\u2019 Schnitzer, and Martine \u2018Cherry\u2019 Bruneau.<br \/><strong>Anim\u00e9 par:<\/strong> Helen Simard.<\/p>\t\t\t\t\t\t\t\t<\/div>\n\t\t\t\t<\/div>\n\t\t\t\t<div class=\"elementor-element elementor-element-b5d4aa7 elementor-widget elementor-widget-button\" data-id=\"b5d4aa7\" data-element_type=\"widget\" data-e-type=\"widget\" data-widget_type=\"button.default\">\n\t\t\t\t<div class=\"elementor-widget-container\">\n\t\t\t\t\t\t\t\t\t<div class=\"elementor-button-wrapper\">\n\t\t\t\t\t<a class=\"elementor-button elementor-button-link elementor-size-md\" href=\"https:\/\/lepointdevente.com\/billets\/mothersofstreetdance\">\n\t\t\t\t\t\t<span class=\"elementor-button-content-wrapper\">\n\t\t\t\t\t\t\t\t\t<span class=\"elementor-button-text\">PARTICIPER<\/span>\n\t\t\t\t\t<\/span>\n\t\t\t\t\t<\/a>\n\t\t\t\t<\/div>\n\t\t\t\t\t\t\t\t<\/div>\n\t\t\t\t<\/div>\n\t\t\t\t<div class=\"elementor-element elementor-element-58e8812c elementor-widget elementor-widget-text-editor\" data-id=\"58e8812c\" data-element_type=\"widget\" data-e-type=\"widget\" data-widget_type=\"text-editor.default\">\n\t\t\t\t<div class=\"elementor-widget-container\">\n\t\t\t\t\t\t\t\t\t<p><strong>4 juillet 2021 - 11h30-13h30<\/strong><br \/><strong>\u00ab <a href=\"https:\/\/lepointdevente.com\/billets\/communitybuilders\" target=\"_blank\" rel=\"noopener\">Community Builders<\/a> \u00bb<\/strong> <b>- CONF\u00c9RENCE GRATUITE \u2013 OUVERTE \u00c0 TOU.TE.S\u200b<\/b><br \/><strong>Invit\u00e9.es :<\/strong> Andrea Simpson Fowler, Chris Eagleton, and Jai Nitai Lotus.<br \/><strong>Anim\u00e9 par:<\/strong> Sangwn\u2019.<\/p>\t\t\t\t\t\t\t\t<\/div>\n\t\t\t\t<\/div>\n\t\t\t\t<div class=\"elementor-element elementor-element-cb10bd9 elementor-widget elementor-widget-button\" data-id=\"cb10bd9\" data-element_type=\"widget\" data-e-type=\"widget\" data-widget_type=\"button.default\">\n\t\t\t\t<div class=\"elementor-widget-container\">\n\t\t\t\t\t\t\t\t\t<div class=\"elementor-button-wrapper\">\n\t\t\t\t\t<a class=\"elementor-button elementor-button-link elementor-size-md\" href=\"https:\/\/lepointdevente.com\/billets\/communitybuilders\">\n\t\t\t\t\t\t<span class=\"elementor-button-content-wrapper\">\n\t\t\t\t\t\t\t\t\t<span class=\"elementor-button-text\">PARTICIPER<\/span>\n\t\t\t\t\t<\/span>\n\t\t\t\t\t<\/a>\n\t\t\t\t<\/div>\n\t\t\t\t\t\t\t\t<\/div>\n\t\t\t\t<\/div>\n\t\t\t\t<div class=\"elementor-element elementor-element-6d15875 elementor-widget elementor-widget-text-editor\" data-id=\"6d15875\" data-element_type=\"widget\" data-e-type=\"widget\" data-widget_type=\"text-editor.default\">\n\t\t\t\t<div class=\"elementor-widget-container\">\n\t\t\t\t\t\t\t\t\t<p><strong>9 juillet 2021 - Conf\u00e9rence pour les artistes du Laboratoire B-SIDE<\/strong><br \/><strong>\u00ab Self-actualization \u00bb - D\u00e9velopper sa carri\u00e8re artistique dans l\u2019\u00e9quilibre.<\/strong><br \/><strong>Invit\u00e9.es :<\/strong> Marie-Reine \u2018MQueen\u2019 Kabasha, Ya\u00eblle Azoulay, and Helen Simard.<br \/><strong>Anim\u00e9 par:<\/strong> Spicey.<\/p>\t\t\t\t\t\t\t\t<\/div>\n\t\t\t\t<\/div>\n\t\t\t\t<div class=\"elementor-element elementor-element-3fcd2e5 elementor-widget elementor-widget-text-editor\" data-id=\"3fcd2e5\" data-element_type=\"widget\" data-e-type=\"widget\" data-widget_type=\"text-editor.default\">\n\t\t\t\t<div class=\"elementor-widget-container\">\n\t\t\t\t\t\t\t\t\t<p><span class=\"event-title\">3 et 4 juillet - FORMATION POUR STREET DANCERS<\/span><br \/>EN PARTENARIAT AVEC LA\u00a0<a href=\"https:\/\/www.desjardins.com\/votre-caisse\/index.jsp?transit=81592262\" target=\"_blank\" rel=\"noopener\">CAISSE DESJARDINS DE LA CULTURE<\/a><br \/>La fin de semaine de formation permet aux street danseurs (sur s\u00e9lection) de parfaire leur\u00a0style et leur technique avec des professeurs invit\u00e9s de haut calibre.<\/p>\t\t\t\t\t\t\t\t<\/div>\n\t\t\t\t<\/div>\n\t\t\t\t\t<\/div>\n\t\t<\/div>\n\t\t\t\t\t<\/div>\n\t\t<\/section>\n\t\t\t\t<div class=\"elementor-element elementor-element-bd6e14f elementor-widget elementor-widget-text-editor\" data-id=\"bd6e14f\" data-element_type=\"widget\" data-e-type=\"widget\" data-widget_type=\"text-editor.default\">\n\t\t\t\t<div class=\"elementor-widget-container\">\n\t\t\t\t\t\t\t\t\t<h4><strong>CR\u00c9DITS<\/strong><\/h4>\n<p>Directrice artistique et commissaire: <strong>Alexandra &#8216;Spicey&#8217; Land\u00e9<\/strong><br>Co-commissaire: <strong>Victoria &#8216;VicVersa&#8217; Mackenzie<\/strong><br>Directrice de production: <strong>Christina \u2018Hurricane Tina\u2019 Paquette<\/strong><br>Conseill\u00e8res artistiques: <strong>Helen Simard, Fr\u00e9d\u00e9rique &#8216;Pax&#8217; Dumas<\/strong><br>DJ\/compositeur - Laboratoire: <strong>Richard &#8216;Shash\u2019U&#8217; St-Aubin<\/strong><br>Conception d\u2019\u00e9clairages - Laboratoire: <strong>Leticia Hamaoui<\/strong><br>Archivage vid\u00e9o: <strong>Ja James \u2018Jigsaw\u2019 Britton Johnson<\/strong><br>Vid\u00e9os et photos: <strong>Hoi Phan Do<\/strong><\/p>\n<p style=\"text-align: center;\">Merci \u00e0\u00a0nos pr\u00e9cieux partenaires pour leur indispensable contribution.<\/p>\n<p style=\"text-align: center;\" class=\"translation-block\">La programmation compl\u00e8te de l'\u00e9v\u00e8nement sera d\u00e9voil\u00e9e sous peu, en ligne et sur les r\u00e9seaux sociaux &gt;&gt;&gt; Suivez-nous!<\/p>\t\t\t\t\t\t\t\t<\/div>\n\t\t\t\t<\/div>\n\t\t\t\t\t<\/div>\n\t\t<\/div>\n\t\t\t\t\t<\/div>\n\t\t<\/section>\n\t\t\t\t<\/div>","protected":false},"excerpt":{"rendered":"<p>B-SIDE #2 Research &#038; Development Laboratory, Symposium, training for street dancers. June&nbsp;28th to July 9th, 2021 Production and presentation by Ebnfl\u014dh dance company.In coproduction and in co-presentation with\u00a0Agora de la danse. B-SIDE #2 is a three-part event dedicated to thinking, training, and researching street dance. B-SIDE provides a stimulating platform that facilitates greater cultural exchange, [&hellip;]<\/p>\n","protected":false},"author":1,"featured_media":0,"parent":0,"menu_order":0,"comment_status":"closed","ping_status":"closed","template":"","meta":{"site-sidebar-layout":"no-sidebar","site-content-layout":"page-builder","ast-site-content-layout":"default","site-content-style":"default","site-sidebar-style":"default","ast-global-header-display":"","ast-banner-title-visibility":"","ast-main-header-display":"","ast-hfb-above-header-display":"","ast-hfb-below-header-display":"","ast-hfb-mobile-header-display":"","site-post-title":"disabled","ast-breadcrumbs-content":"","ast-featured-img":"disabled","footer-sml-layout":"","ast-disable-related-posts":"","theme-transparent-header-meta":"default","adv-header-id-meta":"","stick-header-meta":"","header-above-stick-meta":"","header-main-stick-meta":"","header-below-stick-meta":"","astra-migrate-meta-layouts":"default","ast-page-background-enabled":"default","ast-page-background-meta":{"desktop":{"background-color":"","background-image":"","background-repeat":"repeat","background-position":"center center","background-size":"auto","background-attachment":"scroll","background-type":"","background-media":"","overlay-type":"","overlay-color":"","overlay-opacity":"","overlay-gradient":""},"tablet":{"background-color":"","background-image":"","background-repeat":"repeat","background-position":"center center","background-size":"auto","background-attachment":"scroll","background-type":"","background-media":"","overlay-type":"","overlay-color":"","overlay-opacity":"","overlay-gradient":""},"mobile":{"background-color":"","background-image":"","background-repeat":"repeat","background-position":"center center","background-size":"auto","background-attachment":"scroll","background-type":"","background-media":"","overlay-type":"","overlay-color":"","overlay-opacity":"","overlay-gradient":""}},"ast-content-background-meta":{"desktop":{"background-color":"var(--ast-global-color-5)","background-image":"","background-repeat":"repeat","background-position":"center center","background-size":"auto","background-attachment":"scroll","background-type":"","background-media":"","overlay-type":"","overlay-color":"","overlay-opacity":"","overlay-gradient":""},"tablet":{"background-color":"var(--ast-global-color-5)","background-image":"","background-repeat":"repeat","background-position":"center center","background-size":"auto","background-attachment":"scroll","background-type":"","background-media":"","overlay-type":"","overlay-color":"","overlay-opacity":"","overlay-gradient":""},"mobile":{"background-color":"var(--ast-global-color-5)","background-image":"","background-repeat":"repeat","background-position":"center center","background-size":"auto","background-attachment":"scroll","background-type":"","background-media":"","overlay-type":"","overlay-color":"","overlay-opacity":"","overlay-gradient":""}},"footnotes":""},"class_list":["post-1916","page","type-page","status-publish","hentry"],"_links":{"self":[{"href":"https:\/\/ebnfloh.com\/fr\/wp-json\/wp\/v2\/pages\/1916","targetHints":{"allow":["GET"]}}],"collection":[{"href":"https:\/\/ebnfloh.com\/fr\/wp-json\/wp\/v2\/pages"}],"about":[{"href":"https:\/\/ebnfloh.com\/fr\/wp-json\/wp\/v2\/types\/page"}],"author":[{"embeddable":true,"href":"https:\/\/ebnfloh.com\/fr\/wp-json\/wp\/v2\/users\/1"}],"replies":[{"embeddable":true,"href":"https:\/\/ebnfloh.com\/fr\/wp-json\/wp\/v2\/comments?post=1916"}],"version-history":[{"count":144,"href":"https:\/\/ebnfloh.com\/fr\/wp-json\/wp\/v2\/pages\/1916\/revisions"}],"predecessor-version":[{"id":2080,"href":"https:\/\/ebnfloh.com\/fr\/wp-json\/wp\/v2\/pages\/1916\/revisions\/2080"}],"wp:attachment":[{"href":"https:\/\/ebnfloh.com\/fr\/wp-json\/wp\/v2\/media?parent=1916"}],"curies":[{"name":"wp","href":"https:\/\/api.w.org\/{rel}","templated":true}]}}