{"id":2588,"date":"2023-06-05T02:46:54","date_gmt":"2023-06-05T02:46:54","guid":{"rendered":"https:\/\/ebnfloh.com\/?page_id=2588"},"modified":"2023-06-20T13:27:41","modified_gmt":"2023-06-20T13:27:41","slug":"b-side-4","status":"publish","type":"page","link":"https:\/\/ebnfloh.com\/fr\/b-side-4\/","title":{"rendered":"B-SIDE #4"},"content":{"rendered":"<div data-elementor-type=\"wp-page\" data-elementor-id=\"2588\" class=\"elementor elementor-2588\" data-elementor-post-type=\"page\">\n\t\t\t\t\t\t<section class=\"elementor-section elementor-top-section elementor-element elementor-element-65b4f49e elementor-section-boxed elementor-section-height-default elementor-section-height-default\" data-id=\"65b4f49e\" data-element_type=\"section\" data-e-type=\"section\">\n\t\t\t\t\t\t<div class=\"elementor-container elementor-column-gap-default\">\n\t\t\t\t\t<div class=\"elementor-column elementor-col-100 elementor-top-column elementor-element elementor-element-264439e8\" data-id=\"264439e8\" data-element_type=\"column\" data-e-type=\"column\">\n\t\t\t<div class=\"elementor-widget-wrap elementor-element-populated\">\n\t\t\t\t\t\t<section class=\"elementor-section elementor-inner-section elementor-element elementor-element-0787fc5 elementor-section-boxed elementor-section-height-default elementor-section-height-default\" data-id=\"0787fc5\" data-element_type=\"section\" data-e-type=\"section\">\n\t\t\t\t\t\t<div class=\"elementor-container elementor-column-gap-default\">\n\t\t\t\t\t<div class=\"elementor-column elementor-col-100 elementor-inner-column elementor-element elementor-element-0b3aaae\" data-id=\"0b3aaae\" data-element_type=\"column\" data-e-type=\"column\">\n\t\t\t<div class=\"elementor-widget-wrap elementor-element-populated\">\n\t\t\t\t\t\t<div class=\"elementor-element elementor-element-3f685de elementor-widget elementor-widget-video\" data-id=\"3f685de\" data-element_type=\"widget\" data-e-type=\"widget\" data-settings=\"{&quot;video_type&quot;:&quot;vimeo&quot;}\" data-widget_type=\"video.default\">\n\t\t\t\t<div class=\"elementor-widget-container\">\n\t\t\t\t\t\t\t<div class=\"elementor-wrapper elementor-open-inline\">\n\t\t\t<iframe class=\"elementor-video-iframe\" allowfullscreen allow=\"clipboard-write\" title=\"vimeo Video Player\" src=\"https:\/\/player.vimeo.com\/video\/830654159?color&amp;autopause=0&amp;loop=0&amp;muted=0&amp;title=1&amp;portrait=1&amp;byline=1#t=\" loading=\"lazy\"><\/iframe>\t\t<\/div>\n\t\t\t\t\t\t<\/div>\n\t\t\t\t<\/div>\n\t\t\t\t<div class=\"elementor-element elementor-element-9be3c1e elementor-widget elementor-widget-image\" data-id=\"9be3c1e\" data-element_type=\"widget\" data-e-type=\"widget\" data-widget_type=\"image.default\">\n\t\t\t\t<div class=\"elementor-widget-container\">\n\t\t\t\t\t\t\t\t\t\t\t\t\t\t\t\t<a href=\"https:\/\/b1364840.smushcdn.com\/1364840\/wp-content\/uploads\/2023\/06\/202306_BSide_Banner_Flyer.jpg?lossy=1&strip=1&webp=1\" data-elementor-open-lightbox=\"yes\" data-elementor-lightbox-title=\"202306_BSide_Banner_Flyer\" data-e-action-hash=\"#elementor-action%3Aaction%3Dlightbox%26settings%3DeyJpZCI6MjU4OSwidXJsIjoiaHR0cHM6XC9cL2VibmZsb2guY29tXC93cC1jb250ZW50XC91cGxvYWRzXC8yMDIzXC8wNlwvMjAyMzA2X0JTaWRlX0Jhbm5lcl9GbHllci5qcGcifQ%3D%3D\">\n\t\t\t\t\t\t\t<img fetchpriority=\"high\" decoding=\"async\" width=\"1536\" height=\"864\" src=\"https:\/\/b1364840.smushcdn.com\/1364840\/wp-content\/uploads\/2023\/06\/202306_BSide_Banner_Flyer-1536x864.jpg?lossy=1&strip=1&webp=1\" class=\"attachment-1536x1536 size-1536x1536 wp-image-2589\" alt=\"\" srcset=\"https:\/\/b1364840.smushcdn.com\/1364840\/wp-content\/uploads\/2023\/06\/202306_BSide_Banner_Flyer-1536x864.jpg?lossy=1&strip=1&webp=1 1536w, https:\/\/b1364840.smushcdn.com\/1364840\/wp-content\/uploads\/2023\/06\/202306_BSide_Banner_Flyer-300x169.jpg?lossy=1&strip=1&webp=1 300w, https:\/\/b1364840.smushcdn.com\/1364840\/wp-content\/uploads\/2023\/06\/202306_BSide_Banner_Flyer-1024x576.jpg?lossy=1&strip=1&webp=1 1024w, https:\/\/b1364840.smushcdn.com\/1364840\/wp-content\/uploads\/2023\/06\/202306_BSide_Banner_Flyer-768x432.jpg?lossy=1&strip=1&webp=1 768w, https:\/\/b1364840.smushcdn.com\/1364840\/wp-content\/uploads\/2023\/06\/202306_BSide_Banner_Flyer-18x10.jpg?lossy=1&strip=1&webp=1 18w, https:\/\/b1364840.smushcdn.com\/1364840\/wp-content\/uploads\/2023\/06\/202306_BSide_Banner_Flyer.jpg?lossy=1&strip=1&webp=1 1920w, https:\/\/b1364840.smushcdn.com\/1364840\/wp-content\/uploads\/2023\/06\/202306_BSide_Banner_Flyer.jpg?size=409x230&lossy=1&strip=1&webp=1 409w, https:\/\/b1364840.smushcdn.com\/1364840\/wp-content\/uploads\/2023\/06\/202306_BSide_Banner_Flyer.jpg?size=819x461&lossy=1&strip=1&webp=1 819w, https:\/\/b1364840.smushcdn.com\/1364840\/wp-content\/uploads\/2023\/06\/202306_BSide_Banner_Flyer.jpg?size=1228x691&lossy=1&strip=1&webp=1 1228w\" sizes=\"(max-width: 1536px) 100vw, 1536px\" \/>\t\t\t\t\t\t\t\t<\/a>\n\t\t\t\t\t\t\t\t\t\t\t\t\t\t\t<\/div>\n\t\t\t\t<\/div>\n\t\t\t\t<div class=\"elementor-element elementor-element-4d74f0d elementor-widget elementor-widget-heading\" data-id=\"4d74f0d\" data-element_type=\"widget\" data-e-type=\"widget\" data-widget_type=\"heading.default\">\n\t\t\t\t<div class=\"elementor-widget-container\">\n\t\t\t\t\t<h1 class=\"elementor-heading-title elementor-size-xxl\">B-SIDE #4<\/h1>\t\t\t\t<\/div>\n\t\t\t\t<\/div>\n\t\t\t\t<div class=\"elementor-element elementor-element-57af643 elementor-widget elementor-widget-heading\" data-id=\"57af643\" data-element_type=\"widget\" data-e-type=\"widget\" data-widget_type=\"heading.default\">\n\t\t\t\t<div class=\"elementor-widget-container\">\n\t\t\t\t\t<h3 class=\"elementor-heading-title elementor-size-default\">Research &amp; development Laboratory, symposium, workshops &amp; training\nfor street dancers<\/h3>\t\t\t\t<\/div>\n\t\t\t\t<\/div>\n\t\t\t\t<div class=\"elementor-element elementor-element-54cd588 elementor-widget elementor-widget-heading\" data-id=\"54cd588\" data-element_type=\"widget\" data-e-type=\"widget\" data-widget_type=\"heading.default\">\n\t\t\t\t<div class=\"elementor-widget-container\">\n\t\t\t\t\t<h4 class=\"elementor-heading-title elementor-size-default\">12-23 juin 2023<\/h4>\t\t\t\t<\/div>\n\t\t\t\t<\/div>\n\t\t\t\t<div class=\"elementor-element elementor-element-9251d30 elementor-widget elementor-widget-heading\" data-id=\"9251d30\" data-element_type=\"widget\" data-e-type=\"widget\" data-widget_type=\"heading.default\">\n\t\t\t\t<div class=\"elementor-widget-container\">\n\t\t\t\t\t<h5 class=\"elementor-heading-title elementor-size-default\"><a href=\"https:\/\/agoradanse.com\/evenement\/b-side-4\/\" target=\"_blank\">AGORA DE LA DANSE (\u00c9difice Wilder)<\/a><\/h5>\t\t\t\t<\/div>\n\t\t\t\t<\/div>\n\t\t\t\t<div class=\"elementor-element elementor-element-1ac953a elementor-widget elementor-widget-text-editor\" data-id=\"1ac953a\" data-element_type=\"widget\" data-e-type=\"widget\" data-widget_type=\"text-editor.default\">\n\t\t\t\t<div class=\"elementor-widget-container\">\n\t\t\t\t\t\t\t\t\t<p>Pre\u0307sente\u0301 et produit par Ebnflo\u0304h<br \/>En coproduction et en co-diffusion avec <a href=\"https:\/\/agoradanse.com\/evenement\/b-side-4\/\" target=\"_blank\" rel=\"noopener\">AGORA<\/a><\/p>\t\t\t\t\t\t\t\t<\/div>\n\t\t\t\t<\/div>\n\t\t\t\t\t<\/div>\n\t\t<\/div>\n\t\t\t\t\t<\/div>\n\t\t<\/section>\n\t\t\t\t<div class=\"elementor-element elementor-element-24a9c735 elementor-widget elementor-widget-text-editor\" data-id=\"24a9c735\" data-element_type=\"widget\" data-e-type=\"widget\" data-widget_type=\"text-editor.default\">\n\t\t\t\t<div class=\"elementor-widget-container\">\n\t\t\t\t\t\t\t\t\t<p class=\"translation-block\"><a href=\"https:\/\/agoradanse.com\/evenement\/b-side-4\/\" target=\"_blank\" rel=\"noopener\">B-SIDE #4<\/a>\u00a0est un \u00e9v\u00e8nement en cinq\u00a0volets, d\u00e9di\u00e9 \u00e0 la recherche\u00a0\u00e0 la <b>r\u00e9flexion et \u00e0 la formation<\/b>\u00a0en street dance. B-SIDE veut offrir \u00e0 la communaut\u00e9 un espace pour l'exploration, qui stimule la circulation des savoirs, les \u00e9changes, et le d\u00e9veloppement des \u00e9critures chor\u00e9graphiques.\n<br><b> &gt;&gt;&gt; Le 'B-Side', dans le jargon hip-hop, repre\u0301sente la face B d\u2019un disque vinyle<\/b> ; on y\ntrouve autant de tre\u0301sors que de raret\u00e9s!<\/p>\t\t\t\t\t\t\t\t<\/div>\n\t\t\t\t<\/div>\n\t\t\t\t<div class=\"elementor-element elementor-element-1ea36b41 elementor-widget elementor-widget-heading\" data-id=\"1ea36b41\" data-element_type=\"widget\" data-e-type=\"widget\" data-widget_type=\"heading.default\">\n\t\t\t\t<div class=\"elementor-widget-container\">\n\t\t\t\t\t<h3 class=\"elementor-heading-title elementor-size-xl\">B-Side #4<\/h3>\t\t\t\t<\/div>\n\t\t\t\t<\/div>\n\t\t\t\t<section class=\"elementor-section elementor-inner-section elementor-element elementor-element-4006f6ff elementor-section-boxed elementor-section-height-default elementor-section-height-default\" data-id=\"4006f6ff\" data-element_type=\"section\" data-e-type=\"section\">\n\t\t\t\t\t\t<div class=\"elementor-container elementor-column-gap-default\">\n\t\t\t\t\t<div class=\"elementor-column elementor-col-100 elementor-inner-column elementor-element elementor-element-7df1e199\" data-id=\"7df1e199\" data-element_type=\"column\" data-e-type=\"column\" data-settings=\"{&quot;background_background&quot;:&quot;classic&quot;}\">\n\t\t\t<div class=\"elementor-widget-wrap elementor-element-populated\">\n\t\t\t\t\t\t<div class=\"elementor-element elementor-element-c6e0d35 elementor-widget elementor-widget-heading\" data-id=\"c6e0d35\" data-element_type=\"widget\" data-e-type=\"widget\" data-widget_type=\"heading.default\">\n\t\t\t\t<div class=\"elementor-widget-container\">\n\t\t\t\t\t<h4 class=\"elementor-heading-title elementor-size-default\">LABORATOIRE<\/h4>\t\t\t\t<\/div>\n\t\t\t\t<\/div>\n\t\t\t\t<div class=\"elementor-element elementor-element-47f1532 elementor-widget elementor-widget-text-editor\" data-id=\"47f1532\" data-element_type=\"widget\" data-e-type=\"widget\" data-widget_type=\"text-editor.default\">\n\t\t\t\t<div class=\"elementor-widget-container\">\n\t\t\t\t\t\t\t\t\t<p>Le Laboratoire d\u2019exploration et de recherche de <b>10 jours<\/b>, permet a\u0300 <b>8 artistes<\/b> se\u0301lectionne\u0301s d\u2019explorer une ide\u0301e embryonnaire en studio, avant de la pre\u0301senter dans un cadre informel sous forme d\u2019essai, d\u2019expe\u0301rimentation ou d\u2019improvisation.<\/p>\t\t\t\t\t\t\t\t<\/div>\n\t\t\t\t<\/div>\n\t\t\t\t<div class=\"elementor-element elementor-element-c7b3956 elementor-widget elementor-widget-heading\" data-id=\"c7b3956\" data-element_type=\"widget\" data-e-type=\"widget\" data-widget_type=\"heading.default\">\n\t\t\t\t<div class=\"elementor-widget-container\">\n\t\t\t\t\t<h4 class=\"elementor-heading-title elementor-size-default\">2- ATELIERS DNA<\/h4>\t\t\t\t<\/div>\n\t\t\t\t<\/div>\n\t\t\t\t<div class=\"elementor-element elementor-element-cfda755 elementor-widget elementor-widget-heading\" data-id=\"cfda755\" data-element_type=\"widget\" data-e-type=\"widget\" data-widget_type=\"heading.default\">\n\t\t\t\t<div class=\"elementor-widget-container\">\n\t\t\t\t\t<h5 class=\"elementor-heading-title elementor-size-default\">Vendredi 16 juin de 18h a\u0300 22h30<\/h5>\t\t\t\t<\/div>\n\t\t\t\t<\/div>\n\t\t\t\t<div class=\"elementor-element elementor-element-015da84 elementor-widget elementor-widget-text-editor\" data-id=\"015da84\" data-element_type=\"widget\" data-e-type=\"widget\" data-widget_type=\"text-editor.default\">\n\t\t\t\t<div class=\"elementor-widget-container\">\n\t\t\t\t\t\t\t\t\t<p><strong>OFFERTS PAR LES JUGES DE DNA<\/strong><\/p><ul><li>18h-19h30 <b>BoxWon<\/b><\/li><li>19h30-21h <b>PAX<\/b><\/li><li>21h-22h30 <b>Dr. Rico<\/b><\/li><\/ul><p>Inscription sur place de\u0300s 17h30. Place limite\u0301es.<br \/>1 atelier 25$ \/ 3 ateliers 60$.<\/p>\t\t\t\t\t\t\t\t<\/div>\n\t\t\t\t<\/div>\n\t\t\t\t<div class=\"elementor-element elementor-element-860a37c elementor-widget elementor-widget-heading\" data-id=\"860a37c\" data-element_type=\"widget\" data-e-type=\"widget\" data-widget_type=\"heading.default\">\n\t\t\t\t<div class=\"elementor-widget-container\">\n\t\t\t\t\t<h4 class=\"elementor-heading-title elementor-size-default\">3- FORMATION INTENSIVE<\/h4>\t\t\t\t<\/div>\n\t\t\t\t<\/div>\n\t\t\t\t<div class=\"elementor-element elementor-element-f29d164 elementor-widget elementor-widget-heading\" data-id=\"f29d164\" data-element_type=\"widget\" data-e-type=\"widget\" data-widget_type=\"heading.default\">\n\t\t\t\t<div class=\"elementor-widget-container\">\n\t\t\t\t\t<h5 class=\"elementor-heading-title elementor-size-default\">Dimanche 18 juin de 9h a\u0300 18h<\/h5>\t\t\t\t<\/div>\n\t\t\t\t<\/div>\n\t\t\t\t<div class=\"elementor-element elementor-element-80929ec elementor-widget elementor-widget-text-editor\" data-id=\"80929ec\" data-element_type=\"widget\" data-e-type=\"widget\" data-widget_type=\"text-editor.default\">\n\t\t\t\t<div class=\"elementor-widget-container\">\n\t\t\t\t\t\t\t\t\t<p><strong>EBNFLO\u0304WING<\/strong><br \/>Formation intensive pour street dancers e\u0301mergents propulse\u0301 par la <a href=\"https:\/\/www.desjardins.com\/votre-caisse\/index.jsp?transit=81592262\" target=\"_blank\" rel=\"noopener\">Caisse Desjardins de la Culture<\/a><br \/>La fin de semaine de formation permet aux <b>15 a\u0300 20 danseurs<\/b> se\u0301lectionne\u0301s de parfaire leur style et leur technique avec des professeurs invite\u0301s de haut calibre.<\/p>\t\t\t\t\t\t\t\t<\/div>\n\t\t\t\t<\/div>\n\t\t\t\t<div class=\"elementor-element elementor-element-20f97ee elementor-widget elementor-widget-heading\" data-id=\"20f97ee\" data-element_type=\"widget\" data-e-type=\"widget\" data-widget_type=\"heading.default\">\n\t\t\t\t<div class=\"elementor-widget-container\">\n\t\t\t\t\t<h4 class=\"elementor-heading-title elementor-size-default\">4- B-SIDE SESSIONS<\/h4>\t\t\t\t<\/div>\n\t\t\t\t<\/div>\n\t\t\t\t<div class=\"elementor-element elementor-element-335466f elementor-widget elementor-widget-heading\" data-id=\"335466f\" data-element_type=\"widget\" data-e-type=\"widget\" data-widget_type=\"heading.default\">\n\t\t\t\t<div class=\"elementor-widget-container\">\n\t\t\t\t\t<h5 class=\"elementor-heading-title elementor-size-default\">13, 20 &amp; 21 juin de 18h30 a\u0300 21h<\/h5>\t\t\t\t<\/div>\n\t\t\t\t<\/div>\n\t\t\t\t<div class=\"elementor-element elementor-element-190b7dc elementor-widget elementor-widget-text-editor\" data-id=\"190b7dc\" data-element_type=\"widget\" data-e-type=\"widget\" data-widget_type=\"text-editor.default\">\n\t\t\t\t<div class=\"elementor-widget-container\">\n\t\t\t\t\t\t\t\t\t<ul><li class=\"translation-block\"><b>13 juin<\/b> - Gliding Intensive - anime\u0301e par <b>JStyle<\/b>.<\/li><li class=\"translation-block\"><b>20 juin<\/b> - The CookOut Hiphop Battle - anime\u0301e par <b>Anthony Palomeque<\/b>.<\/li><li class=\"translation-block\"><b>21 juin<\/b> - Bgirl Battle for the Pot - anime\u0301e par <b>VicVersa<\/b>.<\/li><\/ul>\t\t\t\t\t\t\t\t<\/div>\n\t\t\t\t<\/div>\n\t\t\t\t<div class=\"elementor-element elementor-element-ea83d4f elementor-widget elementor-widget-heading\" data-id=\"ea83d4f\" data-element_type=\"widget\" data-e-type=\"widget\" data-widget_type=\"heading.default\">\n\t\t\t\t<div class=\"elementor-widget-container\">\n\t\t\t\t\t<h4 class=\"elementor-heading-title elementor-size-default\">5- SYMPOSIUM<\/h4>\t\t\t\t<\/div>\n\t\t\t\t<\/div>\n\t\t\t\t<div class=\"elementor-element elementor-element-97202ce elementor-widget elementor-widget-heading\" data-id=\"97202ce\" data-element_type=\"widget\" data-e-type=\"widget\" data-widget_type=\"heading.default\">\n\t\t\t\t<div class=\"elementor-widget-container\">\n\t\t\t\t\t<h5 class=\"elementor-heading-title elementor-size-default\">Jeudis 15 &amp; 22 juin de 18h30 a\u0300 20h30<\/h5>\t\t\t\t<\/div>\n\t\t\t\t<\/div>\n\t\t\t\t<div class=\"elementor-element elementor-element-92db5e0 elementor-widget elementor-widget-text-editor\" data-id=\"92db5e0\" data-element_type=\"widget\" data-e-type=\"widget\" data-widget_type=\"text-editor.default\">\n\t\t\t\t<div class=\"elementor-widget-container\">\n\t\t\t\t\t\t\t\t\t<p>Confe\u0301rences inspirantes et ine\u0301dites avec des spe\u0301cialistes du hip-hop et du street dance.\nEntre\u0301e libre.<\/p><ul><li class=\"translation-block\"><b>15 juin - \u00ab The good the bad and the ugly \u00bb<\/b><br>\nL\u2019aspect performatif: formation Vs autodidacte.\n<br>\nInvite\u0301.es : <b>GoldyLocks, Tealeaf et BBoy Mass<\/b>.\n<br>Anime\u0301 par : <b>Afternoon<\/b>.<br><br><\/li><li><strong>22 Juin<\/strong> <b>\u00ab Les sacrifices des acteurs de la danse \u00bb<\/b>.<br \/>Invit\u00e9.es : <strong>Bgirl Cleopatra, HYA &amp; Word.<\/strong><br \/>Anim\u00e9 par: <strong>Sangwn<\/strong>.<br \/>Informations: <a href=\"mailto:christina@ebnfloh.com\">christina@ebnfloh.com<\/a><\/li><\/ul>\t\t\t\t\t\t\t\t<\/div>\n\t\t\t\t<\/div>\n\t\t\t\t\t<\/div>\n\t\t<\/div>\n\t\t\t\t\t<\/div>\n\t\t<\/section>\n\t\t\t\t<div class=\"elementor-element elementor-element-bd6e14f elementor-widget elementor-widget-text-editor\" data-id=\"bd6e14f\" data-element_type=\"widget\" data-e-type=\"widget\" data-widget_type=\"text-editor.default\">\n\t\t\t\t<div class=\"elementor-widget-container\">\n\t\t\t\t\t\t\t\t\t<h4><strong>CR\u00c9DITS:<\/strong><\/h4><p>Directrice artistique et commissaire\u00a0<strong>Alexandra \u2018Spicey\u2019 Land\u00e9<\/strong><br \/>Co-commissaire\u00a0<strong>Victoria \u2018VicVersa\u2019 Mackenzie<\/strong><br \/>Directrice de production\u00a0<strong>Christina \u2018Hurricane Tina\u2019 Paquette<\/strong><br \/>Conseill\u00e8res artistiques\u00a0<strong>Helen Simard, Fr\u00e9d\u00e9rique \u2018Pax\u2019 Dumas<\/strong><br \/>DJ\/compositeur \u2013 Laboratoire<strong>\u00a0Richard \u2018Shash\u2019U\u2019 St-Aubin<\/strong><br \/>Conception d\u2019\u00e9clairages \u2013 Laboratoire<strong> Leticia Hamaoui<\/strong><br \/>Vid\u00e9os et photos\u00a0<strong>Hoi Phan Do<\/strong><\/p>\t\t\t\t\t\t\t\t<\/div>\n\t\t\t\t<\/div>\n\t\t\t\t\t<\/div>\n\t\t<\/div>\n\t\t\t\t\t<\/div>\n\t\t<\/section>\n\t\t\t\t<\/div>","protected":false},"excerpt":{"rendered":"<p>B-SIDE #4 Research &#038; development Laboratory, symposium, workshops &amp; training for street dancers June 12 to 23, 2023 AGORA DE LA DANSE (\u00c9difice Wilder) Presented and produced by Ebnflo\u0304h.In co-production &amp; in co-presentation with AGORA B-SIDE #4\u00a0 is a five-part event dedicated to thinking, training, and researching street dance. B-SIDE provides a stimulating platform that [&hellip;]<\/p>\n","protected":false},"author":1,"featured_media":2589,"parent":0,"menu_order":0,"comment_status":"closed","ping_status":"closed","template":"","meta":{"site-sidebar-layout":"no-sidebar","site-content-layout":"page-builder","ast-site-content-layout":"default","site-content-style":"default","site-sidebar-style":"default","ast-global-header-display":"","ast-banner-title-visibility":"","ast-main-header-display":"","ast-hfb-above-header-display":"","ast-hfb-below-header-display":"","ast-hfb-mobile-header-display":"","site-post-title":"disabled","ast-breadcrumbs-content":"","ast-featured-img":"disabled","footer-sml-layout":"","ast-disable-related-posts":"","theme-transparent-header-meta":"default","adv-header-id-meta":"","stick-header-meta":"","header-above-stick-meta":"","header-main-stick-meta":"","header-below-stick-meta":"","astra-migrate-meta-layouts":"default","ast-page-background-enabled":"default","ast-page-background-meta":{"desktop":{"background-color":"","background-image":"","background-repeat":"repeat","background-position":"center center","background-size":"auto","background-attachment":"scroll","background-type":"","background-media":"","overlay-type":"","overlay-color":"","overlay-opacity":"","overlay-gradient":""},"tablet":{"background-color":"","background-image":"","background-repeat":"repeat","background-position":"center center","background-size":"auto","background-attachment":"scroll","background-type":"","background-media":"","overlay-type":"","overlay-color":"","overlay-opacity":"","overlay-gradient":""},"mobile":{"background-color":"","background-image":"","background-repeat":"repeat","background-position":"center center","background-size":"auto","background-attachment":"scroll","background-type":"","background-media":"","overlay-type":"","overlay-color":"","overlay-opacity":"","overlay-gradient":""}},"ast-content-background-meta":{"desktop":{"background-color":"var(--ast-global-color-5)","background-image":"","background-repeat":"repeat","background-position":"center center","background-size":"auto","background-attachment":"scroll","background-type":"","background-media":"","overlay-type":"","overlay-color":"","overlay-opacity":"","overlay-gradient":""},"tablet":{"background-color":"var(--ast-global-color-5)","background-image":"","background-repeat":"repeat","background-position":"center center","background-size":"auto","background-attachment":"scroll","background-type":"","background-media":"","overlay-type":"","overlay-color":"","overlay-opacity":"","overlay-gradient":""},"mobile":{"background-color":"var(--ast-global-color-5)","background-image":"","background-repeat":"repeat","background-position":"center center","background-size":"auto","background-attachment":"scroll","background-type":"","background-media":"","overlay-type":"","overlay-color":"","overlay-opacity":"","overlay-gradient":""}},"footnotes":""},"class_list":["post-2588","page","type-page","status-publish","has-post-thumbnail","hentry"],"_links":{"self":[{"href":"https:\/\/ebnfloh.com\/fr\/wp-json\/wp\/v2\/pages\/2588","targetHints":{"allow":["GET"]}}],"collection":[{"href":"https:\/\/ebnfloh.com\/fr\/wp-json\/wp\/v2\/pages"}],"about":[{"href":"https:\/\/ebnfloh.com\/fr\/wp-json\/wp\/v2\/types\/page"}],"author":[{"embeddable":true,"href":"https:\/\/ebnfloh.com\/fr\/wp-json\/wp\/v2\/users\/1"}],"replies":[{"embeddable":true,"href":"https:\/\/ebnfloh.com\/fr\/wp-json\/wp\/v2\/comments?post=2588"}],"version-history":[{"count":61,"href":"https:\/\/ebnfloh.com\/fr\/wp-json\/wp\/v2\/pages\/2588\/revisions"}],"predecessor-version":[{"id":2785,"href":"https:\/\/ebnfloh.com\/fr\/wp-json\/wp\/v2\/pages\/2588\/revisions\/2785"}],"wp:featuredmedia":[{"embeddable":true,"href":"https:\/\/ebnfloh.com\/fr\/wp-json\/wp\/v2\/media\/2589"}],"wp:attachment":[{"href":"https:\/\/ebnfloh.com\/fr\/wp-json\/wp\/v2\/media?parent=2588"}],"curies":[{"name":"wp","href":"https:\/\/api.w.org\/{rel}","templated":true}]}}