{"id":2851,"date":"2024-04-27T22:35:35","date_gmt":"2024-04-27T22:35:35","guid":{"rendered":"https:\/\/ebnfloh.com\/?page_id=2851"},"modified":"2024-04-27T22:56:01","modified_gmt":"2024-04-27T22:56:01","slug":"monad","status":"publish","type":"page","link":"https:\/\/ebnfloh.com\/fr\/monad\/","title":{"rendered":"M\u014dnad"},"content":{"rendered":"<div data-elementor-type=\"wp-page\" data-elementor-id=\"2851\" class=\"elementor elementor-2851\" data-elementor-post-type=\"page\">\n\t\t\t\t\t\t<section class=\"elementor-section elementor-top-section elementor-element elementor-element-65b4f49e elementor-section-boxed elementor-section-height-default elementor-section-height-default\" data-id=\"65b4f49e\" data-element_type=\"section\">\n\t\t\t\t\t\t<div class=\"elementor-container elementor-column-gap-default\">\n\t\t\t\t\t<div class=\"elementor-column elementor-col-100 elementor-top-column elementor-element elementor-element-264439e8\" data-id=\"264439e8\" data-element_type=\"column\">\n\t\t\t<div class=\"elementor-widget-wrap elementor-element-populated\">\n\t\t\t\t\t\t<div class=\"elementor-element elementor-element-45a0b03 elementor-widget elementor-widget-video\" data-id=\"45a0b03\" data-element_type=\"widget\" data-settings=\"{&quot;yt_privacy&quot;:&quot;yes&quot;,&quot;video_type&quot;:&quot;vimeo&quot;}\" data-widget_type=\"video.default\">\n\t\t\t\t<div class=\"elementor-widget-container\">\n\t\t\t\t\t\t\t<div class=\"elementor-wrapper elementor-open-inline\">\n\t\t\t<iframe class=\"elementor-video-iframe\" allowfullscreen allow=\"clipboard-write\" title=\"vimeo Video Player\" src=\"https:\/\/player.vimeo.com\/video\/925528440?color&amp;autopause=0&amp;dnt=true&amp;loop=0&amp;muted=0&amp;title=1&amp;portrait=1&amp;byline=1#t=\" loading=\"lazy\"><\/iframe>\t\t<\/div>\n\t\t\t\t\t\t<\/div>\n\t\t\t\t<\/div>\n\t\t\t\t<div class=\"elementor-element elementor-element-6274553 elementor-widget elementor-widget-heading\" data-id=\"6274553\" data-element_type=\"widget\" data-widget_type=\"heading.default\">\n\t\t\t\t<div class=\"elementor-widget-container\">\n\t\t\t\t\t<span class=\"elementor-heading-title elementor-size-default\">M\u014dnad - vid\u00e9o de Kinga Michalska<\/span>\t\t\t\t<\/div>\n\t\t\t\t<\/div>\n\t\t\t\t<div class=\"elementor-element elementor-element-4d74f0d elementor-widget elementor-widget-heading\" data-id=\"4d74f0d\" data-element_type=\"widget\" data-widget_type=\"heading.default\">\n\t\t\t\t<div class=\"elementor-widget-container\">\n\t\t\t\t\t<h1 class=\"elementor-heading-title elementor-size-xxl\">M\u014dnad<\/h1>\t\t\t\t<\/div>\n\t\t\t\t<\/div>\n\t\t\t\t<div class=\"elementor-element elementor-element-57af643 elementor-widget elementor-widget-heading\" data-id=\"57af643\" data-element_type=\"widget\" data-widget_type=\"heading.default\">\n\t\t\t\t<div class=\"elementor-widget-container\">\n\t\t\t\t\t<h4 class=\"elementor-heading-title elementor-size-default\">Cr\u00e9ation, 2024, 70 minutes<\/h4>\t\t\t\t<\/div>\n\t\t\t\t<\/div>\n\t\t\t\t<div class=\"elementor-element elementor-element-1ac953a elementor-widget elementor-widget-text-editor\" data-id=\"1ac953a\" data-element_type=\"widget\" data-widget_type=\"text-editor.default\">\n\t\t\t\t<div class=\"elementor-widget-container\">\n\t\t\t\t\t\t\t\t\t<p>Premi\u00e8re mondiale du 4 au 13 avril 2024, pr\u00e9sent\u00e9e par Danse-Cit\u00e9 \u00e0 La Chapelle Sc\u00e8nes Contemporaines (Montr\u00e9al, QC)<\/p>\t\t\t\t\t\t\t\t<\/div>\n\t\t\t\t<\/div>\n\t\t\t\t<div class=\"elementor-element elementor-element-0a23238 elementor-blockquote--skin-quotation elementor-blockquote--align-center elementor-widget elementor-widget-blockquote\" data-id=\"0a23238\" data-element_type=\"widget\" data-widget_type=\"blockquote.default\">\n\t\t\t\t<div class=\"elementor-widget-container\">\n\t\t\t\t\t\t\t<blockquote class=\"elementor-blockquote\">\n\t\t\t<p class=\"elementor-blockquote__content\">\n\t\t\t\tM\u014dnad nous transmet \u00e0 la fois des images et des sensations, mais nous livre aussi une part intime de l\u2019artiste, dans une complexe simplicit\u00e9.\t\t\t<\/p>\n\t\t\t\t\t\t\t<div class=\"e-q-footer\">\n\t\t\t\t\t\t\t\t\t\t\t<cite class=\"elementor-blockquote__author\">L\u00e9a Villalba, Jeu-Revue de th\u00e9\u00e2tre, 6 avril 2024<\/cite>\n\t\t\t\t\t\t\t\t\t\t\t\t\t\t<\/div>\n\t\t\t\t\t<\/blockquote>\n\t\t\t\t\t\t<\/div>\n\t\t\t\t<\/div>\n\t\t\t\t<div class=\"elementor-element elementor-element-24a9c735 elementor-widget elementor-widget-text-editor\" data-id=\"24a9c735\" data-element_type=\"widget\" data-widget_type=\"text-editor.default\">\n\t\t\t\t<div class=\"elementor-widget-container\">\n\t\t\t\t\t\t\t\t\t<p><strong>M\u014dnad<\/strong> (du Grec ancien \u00ab monas \u00bb \u2013 \u00ab unit\u00e9 \u00bb) \u00e9voque l\u2019id\u00e9e d\u2019un organisme unicellulaire et autosuffisant qui contient \u00e0 lui seul plusieurs univers. Figure majeure de la danse hip hop au Qu\u00e9bec, Alexandra \u2018Spicey\u2019 Land\u00e9 incarne cette M\u014dnad.<\/p><p class=\"translation-block\">Inspir\u00e9e par cette substance \u00e9l\u00e9mentaire et vitalis\u00e9e par la relation symbiotique qu\u2019elle entretient avec la danse et la culture hip hop, Spicey accueille les mati\u00e8res et les sons qui se forment et se d\u00e9forment, s\u2019adaptent et se transforment au gr\u00e9 d\u2019interactions. Comment approcher diff\u00e9rentes incarnations d\u2019une m\u00eame vie ? <b>M\u014dnad<\/b> pose un regard vibrant sur les relations au sein d\u2019univers interreli\u00e9s, et questionne la notion d\u2019\u00e9ternit\u00e9.<\/p>\t\t\t\t\t\t\t\t<\/div>\n\t\t\t\t<\/div>\n\t\t\t\t<div class=\"elementor-element elementor-element-1ea36b41 elementor-widget elementor-widget-heading\" data-id=\"1ea36b41\" data-element_type=\"widget\" data-widget_type=\"heading.default\">\n\t\t\t\t<div class=\"elementor-widget-container\">\n\t\t\t\t\t<h3 class=\"elementor-heading-title elementor-size-xl\">CR\u00c9DITS<\/h3>\t\t\t\t<\/div>\n\t\t\t\t<\/div>\n\t\t\t\t<div class=\"elementor-element elementor-element-bd6e14f elementor-widget elementor-widget-text-editor\" data-id=\"bd6e14f\" data-element_type=\"widget\" data-widget_type=\"text-editor.default\">\n\t\t\t\t<div class=\"elementor-widget-container\">\n\t\t\t\t\t\t\t\t\t<p><strong>Une co-production d\u2019Ebnfl\u014dh et Danse-Cit\u00e9<\/strong><br \/><strong>Directrice artistique et performance: <a href=\"https:\/\/ebnfloh.com\/fr\/alexandra-spicey-lande\/\">Alexandra \u2018Spicey\u2019 Land\u00e9<\/a><\/strong><\/p>\t\t\t\t\t\t\t\t<\/div>\n\t\t\t\t<\/div>\n\t\t\t\t<section class=\"elementor-section elementor-inner-section elementor-element elementor-element-5d61d6d elementor-section-boxed elementor-section-height-default elementor-section-height-default\" data-id=\"5d61d6d\" data-element_type=\"section\">\n\t\t\t\t\t\t<div class=\"elementor-container elementor-column-gap-default\">\n\t\t\t\t\t<div class=\"elementor-column elementor-col-50 elementor-inner-column elementor-element elementor-element-088d995\" data-id=\"088d995\" data-element_type=\"column\" data-settings=\"{&quot;background_background&quot;:&quot;classic&quot;}\">\n\t\t\t<div class=\"elementor-widget-wrap elementor-element-populated\">\n\t\t\t\t\t\t<div class=\"elementor-element elementor-element-1c8c935 elementor-widget elementor-widget-text-editor\" data-id=\"1c8c935\" data-element_type=\"widget\" data-widget_type=\"text-editor.default\">\n\t\t\t\t<div class=\"elementor-widget-container\">\n\t\t\t\t\t\t\t\t\t<ul><li>Concepteur sonore et performance: <strong>Jai Nitai Lotus<\/strong><\/li><li>Conceptrice d\u2019\u00e9clairages: <strong>Leticia Hamaoui<\/strong><\/li><li>Conceptrice de costumes: <strong>Nalo Soyini Bruce<\/strong> <\/li><li>Sc\u00e9nographie: <strong>Alexandra \u2018Spicey\u2019 Land\u00e9 et Leticia Hamaoui<\/strong><\/li><li>Conseill\u00e8re artistique, r\u00e9p\u00e9titrice et coach: <strong>Fr\u00e9d\u00e9rique \u2018Pax\u2019 Dumas<\/strong><\/li><li>Aide \u00e0 la dramaturgie: <strong>Helen Simard<\/strong><\/li><li>\u0152il ext\u00e9rieur: <strong>Natasha Jean-Bart, Ellen Furey, Fr\u00e9d\u00e9rique \u2018Pax\u2019 Dumas<\/strong><\/li><li>Figurante sc\u00e9nique: <strong>Jaleesa Coligny<\/strong><\/li><li>Audio description: <strong>Etienne Lou, in association with Enora Rivi\u00e8re<\/strong><\/li><li>Vid\u00e9os et Photos: <strong>Kinga Michalska<\/strong> <\/li><li>Directeur technique: <strong>Zachary Dupuis<\/strong><\/li><li>Directrice de production: <strong>\u00c9lisabeth-Anne Dorl\u00e9ans \u2013 Parbleux<\/strong><\/li><li>Pr\u00e9sent\u00e9 par <a href=\"https:\/\/danse-cite.org\/saison\/Monad-Alexandra-Spicey-Lande\" target=\"_blank\" rel=\"noopener\">Danse-Cit\u00e9<\/a>, en partenariat avec <a href=\"https:\/\/lachapelle.org\/fr\/programmation\/monad\" target=\"_blank\" rel=\"noopener\">Chapelle Sc\u00e8nes Contemporaines<\/a><\/li><li>Programm\u00e9 par <strong><b>Ellen Furey<\/b> et <b>Sophie Corriveau<\/b><\/strong> <\/li><li>Production d\u00e9l\u00e9gu\u00e9e <a href=\"https:\/\/parbleux.com\/artistes-organismes\/spectacles\/monad\" target=\"_blank\" rel=\"noopener\">Parbleux<\/a><\/li><\/ul>\t\t\t\t\t\t\t\t<\/div>\n\t\t\t\t<\/div>\n\t\t\t\t\t<\/div>\n\t\t<\/div>\n\t\t\t\t<div class=\"elementor-column elementor-col-50 elementor-inner-column elementor-element elementor-element-b5c427b\" data-id=\"b5c427b\" data-element_type=\"column\">\n\t\t\t<div class=\"elementor-widget-wrap elementor-element-populated\">\n\t\t\t\t\t\t<div class=\"elementor-element elementor-element-0a79700 elementor-widget elementor-widget-text-editor\" data-id=\"0a79700\" data-element_type=\"widget\" data-widget_type=\"text-editor.default\">\n\t\t\t\t<div class=\"elementor-widget-container\">\n\t\t\t\t\t\t\t\t\t<h5><strong>R\u00e9sidences de cr\u00e9ation:<\/strong><\/h5><ul><li>Circuit-Est, centre chor\u00e9graphique<\/li><li>Compagnie Marie Chouinard<\/li><li>La Chapelle Sc\u00e8nes Contemporaines<\/li><li>L\u2019Espace le vrai monde ?<\/li><li>Maison de la culture Notre-Dame-De-Gr\u00e2ce<\/li><li>Studio La Lola<\/li><\/ul><h5><strong>Soutien financier:<\/strong><\/h5><ul><li>Conseil des arts du Canada<\/li><li>Conseil des arts et des lettres du Qu\u00e9bec<\/li><li>Conseil des arts de Montr\u00e9al<\/li><\/ul>\t\t\t\t\t\t\t\t<\/div>\n\t\t\t\t<\/div>\n\t\t\t\t\t<\/div>\n\t\t<\/div>\n\t\t\t\t\t<\/div>\n\t\t<\/section>\n\t\t\t\t\t<\/div>\n\t\t<\/div>\n\t\t\t\t\t<\/div>\n\t\t<\/section>\n\t\t\t\t<section class=\"elementor-section elementor-top-section elementor-element elementor-element-f1c835c elementor-section-boxed elementor-section-height-default elementor-section-height-default\" data-id=\"f1c835c\" data-element_type=\"section\">\n\t\t\t\t\t\t<div class=\"elementor-container elementor-column-gap-default\">\n\t\t\t\t\t<div class=\"elementor-column elementor-col-100 elementor-top-column elementor-element elementor-element-b8e1f5d\" data-id=\"b8e1f5d\" data-element_type=\"column\" data-settings=\"{&quot;background_background&quot;:&quot;classic&quot;}\">\n\t\t\t<div class=\"elementor-widget-wrap elementor-element-populated\">\n\t\t\t\t\t\t<div class=\"elementor-element elementor-element-2e7290c elementor-widget elementor-widget-heading\" data-id=\"2e7290c\" data-element_type=\"widget\" data-widget_type=\"heading.default\">\n\t\t\t\t<div class=\"elementor-widget-container\">\n\t\t\t\t\t<h3 class=\"elementor-heading-title elementor-size-xl\">Booking<\/h3>\t\t\t\t<\/div>\n\t\t\t\t<\/div>\n\t\t\t\t<section class=\"elementor-section elementor-inner-section elementor-element elementor-element-cbdad4b elementor-section-boxed elementor-section-height-default elementor-section-height-default\" data-id=\"cbdad4b\" data-element_type=\"section\">\n\t\t\t\t\t\t<div class=\"elementor-container elementor-column-gap-default\">\n\t\t\t\t\t<div class=\"elementor-column elementor-col-50 elementor-inner-column elementor-element elementor-element-fb82863\" data-id=\"fb82863\" data-element_type=\"column\">\n\t\t\t<div class=\"elementor-widget-wrap elementor-element-populated\">\n\t\t\t\t\t\t<div class=\"elementor-element elementor-element-bdff351 elementor-widget elementor-widget-heading\" data-id=\"bdff351\" data-element_type=\"widget\" data-widget_type=\"heading.default\">\n\t\t\t\t<div class=\"elementor-widget-container\">\n\t\t\t\t\t<h3 class=\"elementor-heading-title elementor-size-large\">Ya\u00eblle Azoulay<\/h3>\t\t\t\t<\/div>\n\t\t\t\t<\/div>\n\t\t\t\t<div class=\"elementor-element elementor-element-49fe741 elementor-widget elementor-widget-heading\" data-id=\"49fe741\" data-element_type=\"widget\" data-widget_type=\"heading.default\">\n\t\t\t\t<div class=\"elementor-widget-container\">\n\t\t\t\t\t<p class=\"elementor-heading-title elementor-size-default\">Directrice - Volet Danse<\/p>\t\t\t\t<\/div>\n\t\t\t\t<\/div>\n\t\t\t\t<div class=\"elementor-element elementor-element-38b3eb9 elementor-align-right elementor-mobile-align-center elementor-icon-list--layout-traditional elementor-list-item-link-full_width elementor-widget elementor-widget-icon-list\" data-id=\"38b3eb9\" data-element_type=\"widget\" data-widget_type=\"icon-list.default\">\n\t\t\t\t<div class=\"elementor-widget-container\">\n\t\t\t\t\t\t\t<ul class=\"elementor-icon-list-items\">\n\t\t\t\t\t\t\t<li class=\"elementor-icon-list-item\">\n\t\t\t\t\t\t\t\t\t\t\t<a href=\"\">\n\n\t\t\t\t\t\t\t\t\t\t\t\t<span class=\"elementor-icon-list-icon\">\n\t\t\t\t\t\t\t<i aria-hidden=\"true\" class=\"fas fa-envelope\"><\/i>\t\t\t\t\t\t<\/span>\n\t\t\t\t\t\t\t\t\t\t<span class=\"elementor-icon-list-text\">danse@agenceresonances.com<\/span>\n\t\t\t\t\t\t\t\t\t\t\t<\/a>\n\t\t\t\t\t\t\t\t\t<\/li>\n\t\t\t\t\t\t\t\t<li class=\"elementor-icon-list-item\">\n\t\t\t\t\t\t\t\t\t\t\t<a href=\"tel:15149129235\">\n\n\t\t\t\t\t\t\t\t\t\t\t\t<span class=\"elementor-icon-list-icon\">\n\t\t\t\t\t\t\t<i aria-hidden=\"true\" class=\"fas fa-phone-alt\"><\/i>\t\t\t\t\t\t<\/span>\n\t\t\t\t\t\t\t\t\t\t<span class=\"elementor-icon-list-text\">1-514-912-9235<\/span>\n\t\t\t\t\t\t\t\t\t\t\t<\/a>\n\t\t\t\t\t\t\t\t\t<\/li>\n\t\t\t\t\t\t<\/ul>\n\t\t\t\t\t\t<\/div>\n\t\t\t\t<\/div>\n\t\t\t\t\t<\/div>\n\t\t<\/div>\n\t\t\t\t<div class=\"elementor-column elementor-col-50 elementor-inner-column elementor-element elementor-element-df07655\" data-id=\"df07655\" data-element_type=\"column\">\n\t\t\t<div class=\"elementor-widget-wrap elementor-element-populated\">\n\t\t\t\t\t\t<div class=\"elementor-element elementor-element-5154096 elementor-widget elementor-widget-image\" data-id=\"5154096\" data-element_type=\"widget\" data-widget_type=\"image.default\">\n\t\t\t\t<div class=\"elementor-widget-container\">\n\t\t\t\t\t\t\t\t\t\t\t\t\t\t\t<img decoding=\"async\" width=\"264\" height=\"100\" src=\"https:\/\/b1364840.smushcdn.com\/1364840\/wp-content\/uploads\/2019\/09\/Resonances.jpg?lossy=1&strip=1&webp=1\" class=\"attachment-medium size-medium wp-image-812\" alt=\"\" sizes=\"(max-width: 264px) 100vw, 264px\" loading=\"lazy\" \/>\t\t\t\t\t\t\t\t\t\t\t\t\t\t\t<\/div>\n\t\t\t\t<\/div>\n\t\t\t\t<div class=\"elementor-element elementor-element-179b5f3 elementor-align-left elementor-mobile-align-center elementor-widget elementor-widget-button\" data-id=\"179b5f3\" data-element_type=\"widget\" data-widget_type=\"button.default\">\n\t\t\t\t<div class=\"elementor-widget-container\">\n\t\t\t\t\t\t\t\t\t<div class=\"elementor-button-wrapper\">\n\t\t\t\t\t<a class=\"elementor-button elementor-button-link elementor-size-lg elementor-animation-grow\" href=\"https:\/\/www.agenceresonances.com\">\n\t\t\t\t\t\t<span class=\"elementor-button-content-wrapper\">\n\t\t\t\t\t\t\t\t\t<span class=\"elementor-button-text\">agenceresonances.com<\/span>\n\t\t\t\t\t<\/span>\n\t\t\t\t\t<\/a>\n\t\t\t\t<\/div>\n\t\t\t\t\t\t\t\t<\/div>\n\t\t\t\t<\/div>\n\t\t\t\t\t<\/div>\n\t\t<\/div>\n\t\t\t\t\t<\/div>\n\t\t<\/section>\n\t\t\t\t\t<\/div>\n\t\t<\/div>\n\t\t\t\t\t<\/div>\n\t\t<\/section>\n\t\t\t\t<\/div>","protected":false},"excerpt":{"rendered":"<p>M\u014dnad &#8211; video by Kinga Michalska M\u014dnad Creation, 2024, 70 minutes World Premiere April 4-13, 2024, presented by Danse-Cit\u00e9 at La Chapelle Sc\u00e8nes Contemporaines (Montreal, QC) M\u014dnad transmits both images and sensations, but also gives us an intimate part of the artist, in a complex simplicity. L\u00e9a Villalba, Jeu-Revue de th\u00e9\u00e2tre, April 6, 2024 M\u014dnad [&hellip;]<\/p>","protected":false},"author":1,"featured_media":0,"parent":0,"menu_order":0,"comment_status":"closed","ping_status":"closed","template":"","meta":{"site-sidebar-layout":"no-sidebar","site-content-layout":"page-builder","ast-site-content-layout":"full-width-container","site-content-style":"unboxed","site-sidebar-style":"unboxed","ast-global-header-display":"","ast-banner-title-visibility":"","ast-main-header-display":"","ast-hfb-above-header-display":"","ast-hfb-below-header-display":"","ast-hfb-mobile-header-display":"","site-post-title":"disabled","ast-breadcrumbs-content":"","ast-featured-img":"disabled","footer-sml-layout":"","ast-disable-related-posts":"","theme-transparent-header-meta":"default","adv-header-id-meta":"","stick-header-meta":"","header-above-stick-meta":"","header-main-stick-meta":"","header-below-stick-meta":"","astra-migrate-meta-layouts":"set","ast-page-background-enabled":"default","ast-page-background-meta":{"desktop":{"background-color":"","background-image":"","background-repeat":"repeat","background-position":"center center","background-size":"auto","background-attachment":"scroll","background-type":"","background-media":"","overlay-type":"","overlay-color":"","overlay-opacity":"","overlay-gradient":""},"tablet":{"background-color":"","background-image":"","background-repeat":"repeat","background-position":"center center","background-size":"auto","background-attachment":"scroll","background-type":"","background-media":"","overlay-type":"","overlay-color":"","overlay-opacity":"","overlay-gradient":""},"mobile":{"background-color":"","background-image":"","background-repeat":"repeat","background-position":"center center","background-size":"auto","background-attachment":"scroll","background-type":"","background-media":"","overlay-type":"","overlay-color":"","overlay-opacity":"","overlay-gradient":""}},"ast-content-background-meta":{"desktop":{"background-color":"var(--ast-global-color-5)","background-image":"","background-repeat":"repeat","background-position":"center center","background-size":"auto","background-attachment":"scroll","background-type":"","background-media":"","overlay-type":"","overlay-color":"","overlay-opacity":"","overlay-gradient":""},"tablet":{"background-color":"var(--ast-global-color-5)","background-image":"","background-repeat":"repeat","background-position":"center center","background-size":"auto","background-attachment":"scroll","background-type":"","background-media":"","overlay-type":"","overlay-color":"","overlay-opacity":"","overlay-gradient":""},"mobile":{"background-color":"var(--ast-global-color-5)","background-image":"","background-repeat":"repeat","background-position":"center center","background-size":"auto","background-attachment":"scroll","background-type":"","background-media":"","overlay-type":"","overlay-color":"","overlay-opacity":"","overlay-gradient":""}},"footnotes":""},"class_list":["post-2851","page","type-page","status-publish","hentry"],"_links":{"self":[{"href":"https:\/\/ebnfloh.com\/fr\/wp-json\/wp\/v2\/pages\/2851","targetHints":{"allow":["GET"]}}],"collection":[{"href":"https:\/\/ebnfloh.com\/fr\/wp-json\/wp\/v2\/pages"}],"about":[{"href":"https:\/\/ebnfloh.com\/fr\/wp-json\/wp\/v2\/types\/page"}],"author":[{"embeddable":true,"href":"https:\/\/ebnfloh.com\/fr\/wp-json\/wp\/v2\/users\/1"}],"replies":[{"embeddable":true,"href":"https:\/\/ebnfloh.com\/fr\/wp-json\/wp\/v2\/comments?post=2851"}],"version-history":[{"count":31,"href":"https:\/\/ebnfloh.com\/fr\/wp-json\/wp\/v2\/pages\/2851\/revisions"}],"predecessor-version":[{"id":2883,"href":"https:\/\/ebnfloh.com\/fr\/wp-json\/wp\/v2\/pages\/2851\/revisions\/2883"}],"wp:attachment":[{"href":"https:\/\/ebnfloh.com\/fr\/wp-json\/wp\/v2\/media?parent=2851"}],"curies":[{"name":"wp","href":"https:\/\/api.w.org\/{rel}","templated":true}]}}