{"id":374,"date":"2019-01-07T23:24:55","date_gmt":"2019-01-07T23:24:55","guid":{"rendered":"https:\/\/ebnfloh.com\/?page_id=374"},"modified":"2019-01-15T20:22:05","modified_gmt":"2019-01-15T20:22:05","slug":"about","status":"publish","type":"page","link":"https:\/\/ebnfloh.com\/fr\/about\/","title":{"rendered":"A Propos"},"content":{"rendered":"<div data-elementor-type=\"wp-post\" data-elementor-id=\"374\" class=\"elementor elementor-374 elementor-bc-flex-widget\" data-elementor-post-type=\"page\">\n\t\t\t\t\t\t<section class=\"elementor-section elementor-top-section elementor-element elementor-element-2ecbace elementor-section-boxed elementor-section-height-default elementor-section-height-default\" data-id=\"2ecbace\" data-element_type=\"section\" data-e-type=\"section\">\n\t\t\t\t\t\t<div class=\"elementor-container elementor-column-gap-default\">\n\t\t\t\t\t<div class=\"elementor-column elementor-col-100 elementor-top-column elementor-element elementor-element-accbc12\" data-id=\"accbc12\" data-element_type=\"column\" data-e-type=\"column\" data-settings=\"{&quot;background_background&quot;:&quot;classic&quot;}\">\n\t\t\t<div class=\"elementor-widget-wrap elementor-element-populated\">\n\t\t\t\t\t\t<div class=\"elementor-element elementor-element-5490637 elementor-widget elementor-widget-heading\" data-id=\"5490637\" data-element_type=\"widget\" data-e-type=\"widget\" data-widget_type=\"heading.default\">\n\t\t\t\t<div class=\"elementor-widget-container\">\n\t\t\t\t\t<h1 class=\"elementor-heading-title elementor-size-xxl\">Compagnie de Danse Ebnfl\u014dh<\/h1>\t\t\t\t<\/div>\n\t\t\t\t<\/div>\n\t\t\t\t<div class=\"elementor-element elementor-element-3b36ace elementor-widget elementor-widget-text-editor\" data-id=\"3b36ace\" data-element_type=\"widget\" data-e-type=\"widget\" data-widget_type=\"text-editor.default\">\n\t\t\t\t<div class=\"elementor-widget-container\">\n\t\t\t\t\t\t\t\t\tMission \u2013 Vision \u2013 Valeurs\nD\u00e9marche &amp; Historique de diffusion\t\t\t\t\t\t\t\t<\/div>\n\t\t\t\t<\/div>\n\t\t\t\t\t<\/div>\n\t\t<\/div>\n\t\t\t\t\t<\/div>\n\t\t<\/section>\n\t\t\t\t<section class=\"elementor-section elementor-top-section elementor-element elementor-element-bb6daf1 animated-slow elementor-section-boxed elementor-section-height-default elementor-section-height-default elementor-invisible\" data-id=\"bb6daf1\" data-element_type=\"section\" data-e-type=\"section\" data-settings=\"{&quot;animation&quot;:&quot;fadeIn&quot;}\">\n\t\t\t\t\t\t<div class=\"elementor-container elementor-column-gap-default\">\n\t\t\t\t\t<div class=\"elementor-column elementor-col-100 elementor-top-column elementor-element elementor-element-ee368b8\" data-id=\"ee368b8\" data-element_type=\"column\" data-e-type=\"column\">\n\t\t\t<div class=\"elementor-widget-wrap elementor-element-populated\">\n\t\t\t\t\t\t<div class=\"elementor-element elementor-element-f167fcf elementor-widget elementor-widget-heading\" data-id=\"f167fcf\" data-element_type=\"widget\" data-e-type=\"widget\" data-widget_type=\"heading.default\">\n\t\t\t\t<div class=\"elementor-widget-container\">\n\t\t\t\t\t<h2 class=\"elementor-heading-title elementor-size-default\">EBNFL\u014cH \u2013 Mission<\/h2>\t\t\t\t<\/div>\n\t\t\t\t<\/div>\n\t\t\t\t<div class=\"elementor-element elementor-element-2658368 elementor-widget elementor-widget-text-editor\" data-id=\"2658368\" data-element_type=\"widget\" data-e-type=\"widget\" data-widget_type=\"text-editor.default\">\n\t\t\t\t<div class=\"elementor-widget-container\">\n\t\t\t\t\t\t\t\t\tLa compagnie de danse Ebnfl\u014dh a \u00e9t\u00e9 fond\u00e9e en 2015 par la chor\u00e9graphe et interpr\u00e8te montr\u00e9alaise Alexandra \u2018Spicey\u2019 Land\u00e9. Sa mission est de cr\u00e9er, produire et diffuser des \u0153uvres engag\u00e9es, authentiques et innovatrices, et de promouvoir un langage chor\u00e9graphique original enracin\u00e9 dans l\u2019essence du Hip-Hop. La compagnie d\u00e9ploie ses activit\u00e9s au Qu\u00e9bec, au Canada et \u00e0 l\u2019international.\t\t\t\t\t\t\t\t<\/div>\n\t\t\t\t<\/div>\n\t\t\t\t\t<\/div>\n\t\t<\/div>\n\t\t\t\t\t<\/div>\n\t\t<\/section>\n\t\t\t\t<section class=\"elementor-section elementor-top-section elementor-element elementor-element-f795433 animated-slow elementor-section-boxed elementor-section-height-default elementor-section-height-default elementor-invisible\" data-id=\"f795433\" data-element_type=\"section\" data-e-type=\"section\" data-settings=\"{&quot;animation&quot;:&quot;fadeIn&quot;}\">\n\t\t\t\t\t\t<div class=\"elementor-container elementor-column-gap-default\">\n\t\t\t\t\t<div class=\"elementor-column elementor-col-100 elementor-top-column elementor-element elementor-element-2f3718c\" data-id=\"2f3718c\" data-element_type=\"column\" data-e-type=\"column\">\n\t\t\t<div class=\"elementor-widget-wrap elementor-element-populated\">\n\t\t\t\t\t\t<div class=\"elementor-element elementor-element-2aed896 elementor-widget elementor-widget-heading\" data-id=\"2aed896\" data-element_type=\"widget\" data-e-type=\"widget\" data-widget_type=\"heading.default\">\n\t\t\t\t<div class=\"elementor-widget-container\">\n\t\t\t\t\t<h2 class=\"elementor-heading-title elementor-size-default\">EBNFL\u014cH \u2013 Vision<\/h2>\t\t\t\t<\/div>\n\t\t\t\t<\/div>\n\t\t\t\t<div class=\"elementor-element elementor-element-3938607 elementor-widget elementor-widget-text-editor\" data-id=\"3938607\" data-element_type=\"widget\" data-e-type=\"widget\" data-widget_type=\"text-editor.default\">\n\t\t\t\t<div class=\"elementor-widget-container\">\n\t\t\t\t\t\t\t\t\t<ul><li class=\"translation-block\">Ebnfl\u014dh vise <b>l\u2019excellence artistique et l\u2019originalit\u00e9.<\/b> Elle d\u00e9veloppe sa r\u00e9flexion autour de concepts novateurs, dans une exigence d\u2019expression tr\u00e8s profonde \u00e0 travers l\u2019art de la danse.<\/li><li class=\"translation-block\">Avec la cr\u00e9ation, la production, la diffusion d\u2019\u0153uvres et d\u2019\u00e9v\u00e8nements, Ebnfl\u014dh vise \u00e0 <b>faire rayonner la sc\u00e8ne des danses urbaines montr\u00e9alaise<\/b>, sa diversit\u00e9 et sa vitalit\u00e9 artistique au Canada et \u00e0 l\u2019international.<\/li><li class=\"translation-block\">Ebnfl\u014dh veut offrir des <b>opportunit\u00e9s de d\u00e9veloppement et de formation<\/b> aux danseurs de rue; elle met tout en \u0153uvre pour faire reconna\u00eetre la valeur de cet art.<\/li><li class=\"translation-block\"><b>L\u2019engagement dans la communaut\u00e9, les \u00e9changes et la transmission sont au c\u0153ur de sa vision<\/b> \u2013 fondamentalement collective. La compagnie soutient l\u2019int\u00e9gration de la rel\u00e8ve, le partage des savoirs, sollicite les danseurs dans le processus de cr\u00e9ation; elle vise \u00e9galement \u00e0 \u00e9tablir des collaborations entre des artistes de la danse, de la musique, du th\u00e9\u00e2tre, du cin\u00e9ma, de la vid\u00e9o et des arts visuels.<\/li><li class=\"translation-block\">Ebnfl\u014dh d\u00e9veloppe des activit\u00e9s qui permettent de faire conna\u00eetre sa vision et d\u2019\u00e9changer avec diff\u00e9rents publics \u2013 <b>ateliers, conf\u00e9rences, discussions, classes de ma\u00eetre et projets de m\u00e9diation<\/b>. La compagnie cherche \u00e0 connecter les g\u00e9n\u00e9rations et les individus \u00e0 travers le Hip-Hop, et \u00e0 <b>accro\u00eetre la reconnaissance des danses de rue<\/b> aupr\u00e8s des m\u00e9dias et des institutions.<\/li><\/ul>\t\t\t\t\t\t\t\t<\/div>\n\t\t\t\t<\/div>\n\t\t\t\t\t<\/div>\n\t\t<\/div>\n\t\t\t\t\t<\/div>\n\t\t<\/section>\n\t\t\t\t<section class=\"elementor-section elementor-top-section elementor-element elementor-element-bbee0bb animated-slow elementor-section-boxed elementor-section-height-default elementor-section-height-default elementor-invisible\" data-id=\"bbee0bb\" data-element_type=\"section\" data-e-type=\"section\" data-settings=\"{&quot;animation&quot;:&quot;fadeIn&quot;}\">\n\t\t\t\t\t\t<div class=\"elementor-container elementor-column-gap-default\">\n\t\t\t\t\t<div class=\"elementor-column elementor-col-100 elementor-top-column elementor-element elementor-element-04fa9fc\" data-id=\"04fa9fc\" data-element_type=\"column\" data-e-type=\"column\">\n\t\t\t<div class=\"elementor-widget-wrap elementor-element-populated\">\n\t\t\t\t\t\t<div class=\"elementor-element elementor-element-d6e45ad elementor-widget elementor-widget-heading\" data-id=\"d6e45ad\" data-element_type=\"widget\" data-e-type=\"widget\" data-widget_type=\"heading.default\">\n\t\t\t\t<div class=\"elementor-widget-container\">\n\t\t\t\t\t<h2 class=\"elementor-heading-title elementor-size-default\">EBNFL\u014cH - Valeurs<\/h2>\t\t\t\t<\/div>\n\t\t\t\t<\/div>\n\t\t\t\t<div class=\"elementor-element elementor-element-8325eca elementor-widget elementor-widget-text-editor\" data-id=\"8325eca\" data-element_type=\"widget\" data-e-type=\"widget\" data-widget_type=\"text-editor.default\">\n\t\t\t\t<div class=\"elementor-widget-container\">\n\t\t\t\t\t\t\t\t\t<h4><b>Authenticit\u00e9<\/b><\/h4>\n<p>Par l\u2019union du langage chor\u00e9graphique aux subtilit\u00e9s de la culture Hip-Hop dans tout son spectre \u2013 un mouvement artistique n\u00e9 dans le Bronx de la r\u00e9silience, de la contestation et de la r\u00e9sistance.<\/p>\n<h4><b>Respect<\/b><\/h4>\n<p>L\u2019Humain est au c\u0153ur de la compagnie : reconnaissance de l\u2019Autre, de nos limites, valorisation de la contribution de chacun, et expression de sa gratitude aux muses et \u00e0 tous ceux qui nous inspirent.<\/p>\n<h4><b>Ouverture &amp; partage<\/b><\/h4>\n<p>Par le rapprochement et dans la diversit\u00e9, la primaut\u00e9 de l\u2019exp\u00e9rience de connexion humaine, l\u2019\u00e9tablissement de liens de confiance avec les collaborateurs &amp; les partenaires, et l\u2019instauration de nouvelles collaborations artistiques.<\/p>\t\t\t\t\t\t\t\t<\/div>\n\t\t\t\t<\/div>\n\t\t\t\t\t<\/div>\n\t\t<\/div>\n\t\t\t\t\t<\/div>\n\t\t<\/section>\n\t\t\t\t<section class=\"elementor-section elementor-top-section elementor-element elementor-element-cecd3d7 animated-slow elementor-section-boxed elementor-section-height-default elementor-section-height-default elementor-invisible\" data-id=\"cecd3d7\" data-element_type=\"section\" data-e-type=\"section\" data-settings=\"{&quot;animation&quot;:&quot;fadeIn&quot;}\">\n\t\t\t\t\t\t<div class=\"elementor-container elementor-column-gap-default\">\n\t\t\t\t\t<div class=\"elementor-column elementor-col-100 elementor-top-column elementor-element elementor-element-8d6fffc\" data-id=\"8d6fffc\" data-element_type=\"column\" data-e-type=\"column\">\n\t\t\t<div class=\"elementor-widget-wrap elementor-element-populated\">\n\t\t\t\t\t\t<div class=\"elementor-element elementor-element-9766a9a elementor-widget elementor-widget-heading\" data-id=\"9766a9a\" data-element_type=\"widget\" data-e-type=\"widget\" data-widget_type=\"heading.default\">\n\t\t\t\t<div class=\"elementor-widget-container\">\n\t\t\t\t\t<h2 class=\"elementor-heading-title elementor-size-default\">EBNFL\u014cH \u2013 D\u00e9marche<\/h2>\t\t\t\t<\/div>\n\t\t\t\t<\/div>\n\t\t\t\t<div class=\"elementor-element elementor-element-41f9b6b elementor-widget elementor-widget-text-editor\" data-id=\"41f9b6b\" data-element_type=\"widget\" data-e-type=\"widget\" data-widget_type=\"text-editor.default\">\n\t\t\t\t<div class=\"elementor-widget-container\">\n\t\t\t\t\t\t\t\t\t<p>La compagnie de danse Ebnfl\u014dh, fond\u00e9e en 2015 par la chor\u00e9graphe Alexandra \u2018Spicey\u2019 Land\u00e9, offre un langage chor\u00e9graphique et une vision artistique uniques. Elle promeut l\u2019exploration, la cr\u00e9ation et elle \u00e9largit le champ de recherche pour les danses urbaines au Canada, tout en demeurant authentique et fid\u00e8le au socle de ses origines Hip-Hop. Sa signature artistique, son implication dans la communaut\u00e9, et sa contribution au d\u00e9veloppement des danseurs et de la discipline, font de la compagnie un acteur reconnu de la danse au Qu\u00e9bec.<\/p><p>Ebnfl\u014dh (prononcez Ebenflo) vient du terme anglais \u00ab ebb and flow \u00bb qui marque l\u2019action et la r\u00e9action, le flux et le reflux, le mouvement constant et le changement. Comme l\u2019ondulation perp\u00e9tuelle de l\u2019eau, le langage chor\u00e9graphique de la compagnie s\u2019ancre dans la fluidit\u00e9 du mouvement. Avec une pr\u00e9cision m\u00e9ticuleuse qui permet la mise \u00e0 nu de multiples d\u00e9tails et nuances, la chor\u00e9graphe offre, depuis 2008, des \u0153uvres intenses o\u00f9 se superposent plusieurs couches de lecture. Elle pose un regard singulier et profond\u00e9ment relationnel sur ce que nous sommes habitu\u00e9s de voir en surface. Influenc\u00e9 par le th\u00e9\u00e2tre et le cin\u00e9ma, son travail \u00e9labore aussi des passerelles avec d\u2019autres disciplines, notamment la musique.<\/p><p>Ebnfl\u014dh a pour objectif de faire rayonner la cr\u00e9ation contemporaine montr\u00e9alaise et les artistes de rue sur les sc\u00e8nes au Canada et \u00e0 l\u2019international. Elle met notamment en lumi\u00e8re le point de vue et les pratiques d\u2019artistes de la rel\u00e8ve et de la diversit\u00e9 culturelle. La compagnie veut \u00e9galement rendre les danses urbaines plus accessibles et susciter l\u2019int\u00e9r\u00eat d\u2019un grand nombre de spectateurs; la mixit\u00e9 de ses publics et le succ\u00e8s de ses repr\u00e9sentations t\u00e9moignent de sa r\u00e9ussite! Enfin, dans un contexte o\u00f9 les danses de rues ne sont pas enseign\u00e9es par le milieu acad\u00e9mique, la transmission du langage Hip-Hop aux g\u00e9n\u00e9rations futures est un point central de son engagement. Alors que le d\u00e9veloppement des compagnies de cr\u00e9ation contemporaine en danses urbaines est relativement r\u00e9cent au Canada, le travail d\u2019Ebnfl\u014dh, original et sans complaisance, est fondamental.<\/p>\t\t\t\t\t\t\t\t<\/div>\n\t\t\t\t<\/div>\n\t\t\t\t\t<\/div>\n\t\t<\/div>\n\t\t\t\t\t<\/div>\n\t\t<\/section>\n\t\t\t\t<section class=\"elementor-section elementor-top-section elementor-element elementor-element-f2a3712 animated-slow elementor-section-boxed elementor-section-height-default elementor-section-height-default elementor-invisible\" data-id=\"f2a3712\" data-element_type=\"section\" data-e-type=\"section\" data-settings=\"{&quot;animation&quot;:&quot;fadeInRight&quot;}\">\n\t\t\t\t\t\t<div class=\"elementor-container elementor-column-gap-default\">\n\t\t\t\t\t<div class=\"elementor-column elementor-col-100 elementor-top-column elementor-element elementor-element-225e75e\" data-id=\"225e75e\" data-element_type=\"column\" data-e-type=\"column\">\n\t\t\t<div class=\"elementor-widget-wrap elementor-element-populated\">\n\t\t\t\t\t\t<div class=\"elementor-element elementor-element-b33122c elementor-widget elementor-widget-testimonial\" data-id=\"b33122c\" data-element_type=\"widget\" data-e-type=\"widget\" data-widget_type=\"testimonial.default\">\n\t\t\t\t<div class=\"elementor-widget-container\">\n\t\t\t\t\t\t\t<div class=\"elementor-testimonial-wrapper\">\n\t\t\t\t\t\t\t<div class=\"elementor-testimonial-content\">Alexandra \u2018Spicey\u2019 Land\u00e9 \u00e9labore une danse Hip-Hop en temps r\u00e9el; \u00e9tir\u00e9e, non transform\u00e9e et brute. Elle invite le spectateur hors de sa zone de confort, \u00e0 l\u2019int\u00e9rieur d\u2019un espace qui s\u2019\u00e9tire et se transforme \u00e0 la vitesse de la lumi\u00e8re, \u00e0 travers des capsules de temps. Un endroit qui le conduit \u00e0 devenir t\u00e9moin et \u00e0 absorber le tout, sans mise \u00e0 distance des \u00e9motions et des sentiments incommodes. Mais l\u2019histoire du voyeur s\u2019ach\u00e8ve; plus besoin de regarder \u00e0 travers les minuscules trous d\u00e9form\u00e9s des m\u00e9dias. La porte s'ouvre de l'int\u00e9rieur. Les silhouettes sombres se dissolvent, plus de distorsion de notre culture. Le spectateur devient \u00e0 la fois l'observateur et l'observ\u00e9; le temps s'arr\u00eate, malgr\u00e9 tout \u00ab ils \u00bb persistent.<\/div>\n\t\t\t\n\t\t\t\t\t\t<div class=\"elementor-testimonial-meta elementor-has-image elementor-testimonial-image-position-aside\">\n\t\t\t\t<div class=\"elementor-testimonial-meta-inner\">\n\t\t\t\t\t\t\t\t\t\t\t<div class=\"elementor-testimonial-image\">\n\t\t\t\t\t\t\t<a href=\"https:\/\/seektash.com\/\" target=\"_blank\"><img decoding=\"async\" width=\"200\" height=\"200\" src=\"https:\/\/b1364840.smushcdn.com\/1364840\/wp-content\/uploads\/2019\/01\/Tash.jpg?lossy=1&strip=1&webp=1\" class=\"attachment-medium size-medium wp-image-383\" alt=\"\" srcset=\"https:\/\/b1364840.smushcdn.com\/1364840\/wp-content\/uploads\/2019\/01\/Tash.jpg?lossy=1&strip=1&webp=1 200w, https:\/\/b1364840.smushcdn.com\/1364840\/wp-content\/uploads\/2019\/01\/Tash-150x150.jpg?lossy=1&strip=1&webp=1 150w\" sizes=\"auto, (max-width: 200px) 100vw, 200px\" loading=\"lazy\" \/><\/a>\t\t\t\t\t\t<\/div>\n\t\t\t\t\t\n\t\t\t\t\t\t\t\t\t\t<div class=\"elementor-testimonial-details\">\n\t\t\t\t\t\t\t\t\t\t\t\t\t\t<a class=\"elementor-testimonial-name\" href=\"https:\/\/seektash.com\/\" target=\"_blank\">Natasha \"Tash\" Jean-Bart<\/a>\n\t\t\t\t\t\t\t\t\t\t\t\t\t\t\t\t\t\t\t\t\t\t<a class=\"elementor-testimonial-job\" href=\"https:\/\/seektash.com\/\" target=\"_blank\">Chor\u00e9graphe, interpr\u00e8te et sp\u00e9cialiste en danse de rue<\/a>\n\t\t\t\t\t\t\t\t\t\t\t\t\t<\/div>\n\t\t\t\t\t\t\t\t\t<\/div>\n\t\t\t<\/div>\n\t\t\t\t\t<\/div>\n\t\t\t\t\t\t<\/div>\n\t\t\t\t<\/div>\n\t\t\t\t\t<\/div>\n\t\t<\/div>\n\t\t\t\t\t<\/div>\n\t\t<\/section>\n\t\t\t\t<\/div>","protected":false},"excerpt":{"rendered":"<p>Ebnfl\u014ch Dance Company Mission \u2013 Vision \u2014 Values\u2014Approach &amp; Performance History EBNFL\u014cH \u2013 Mission Ebnfl\u014dh Dance Company was founded in 2015 by dancer and choreographer Alexandra \u2018Spicey\u2019 Land\u00e9 from Montreal. Her mission is to create, produce, and present engaging, authentic, and original work. By putting forth a novel choreographic language that is deeply rooted in [&hellip;]<\/p>\n","protected":false},"author":1,"featured_media":0,"parent":0,"menu_order":0,"comment_status":"closed","ping_status":"closed","template":"","meta":{"site-sidebar-layout":"no-sidebar","site-content-layout":"page-builder","ast-site-content-layout":"default","site-content-style":"default","site-sidebar-style":"default","ast-global-header-display":"","ast-banner-title-visibility":"","ast-main-header-display":"","ast-hfb-above-header-display":"","ast-hfb-below-header-display":"","ast-hfb-mobile-header-display":"","site-post-title":"disabled","ast-breadcrumbs-content":"","ast-featured-img":"disabled","footer-sml-layout":"","ast-disable-related-posts":"","theme-transparent-header-meta":"default","adv-header-id-meta":"","stick-header-meta":"","header-above-stick-meta":"","header-main-stick-meta":"","header-below-stick-meta":"","astra-migrate-meta-layouts":"default","ast-page-background-enabled":"default","ast-page-background-meta":{"desktop":{"background-color":"","background-image":"","background-repeat":"repeat","background-position":"center center","background-size":"auto","background-attachment":"scroll","background-type":"","background-media":"","overlay-type":"","overlay-color":"","overlay-opacity":"","overlay-gradient":""},"tablet":{"background-color":"","background-image":"","background-repeat":"repeat","background-position":"center center","background-size":"auto","background-attachment":"scroll","background-type":"","background-media":"","overlay-type":"","overlay-color":"","overlay-opacity":"","overlay-gradient":""},"mobile":{"background-color":"","background-image":"","background-repeat":"repeat","background-position":"center center","background-size":"auto","background-attachment":"scroll","background-type":"","background-media":"","overlay-type":"","overlay-color":"","overlay-opacity":"","overlay-gradient":""}},"ast-content-background-meta":{"desktop":{"background-color":"var(--ast-global-color-5)","background-image":"","background-repeat":"repeat","background-position":"center center","background-size":"auto","background-attachment":"scroll","background-type":"","background-media":"","overlay-type":"","overlay-color":"","overlay-opacity":"","overlay-gradient":""},"tablet":{"background-color":"var(--ast-global-color-5)","background-image":"","background-repeat":"repeat","background-position":"center center","background-size":"auto","background-attachment":"scroll","background-type":"","background-media":"","overlay-type":"","overlay-color":"","overlay-opacity":"","overlay-gradient":""},"mobile":{"background-color":"var(--ast-global-color-5)","background-image":"","background-repeat":"repeat","background-position":"center center","background-size":"auto","background-attachment":"scroll","background-type":"","background-media":"","overlay-type":"","overlay-color":"","overlay-opacity":"","overlay-gradient":""}},"footnotes":""},"class_list":["post-374","page","type-page","status-publish","hentry"],"_links":{"self":[{"href":"https:\/\/ebnfloh.com\/fr\/wp-json\/wp\/v2\/pages\/374","targetHints":{"allow":["GET"]}}],"collection":[{"href":"https:\/\/ebnfloh.com\/fr\/wp-json\/wp\/v2\/pages"}],"about":[{"href":"https:\/\/ebnfloh.com\/fr\/wp-json\/wp\/v2\/types\/page"}],"author":[{"embeddable":true,"href":"https:\/\/ebnfloh.com\/fr\/wp-json\/wp\/v2\/users\/1"}],"replies":[{"embeddable":true,"href":"https:\/\/ebnfloh.com\/fr\/wp-json\/wp\/v2\/comments?post=374"}],"version-history":[{"count":0,"href":"https:\/\/ebnfloh.com\/fr\/wp-json\/wp\/v2\/pages\/374\/revisions"}],"wp:attachment":[{"href":"https:\/\/ebnfloh.com\/fr\/wp-json\/wp\/v2\/media?parent=374"}],"curies":[{"name":"wp","href":"https:\/\/api.w.org\/{rel}","templated":true}]}}