{"id":395,"date":"2019-01-08T00:19:29","date_gmt":"2019-01-08T00:19:29","guid":{"rendered":"https:\/\/ebnfloh.com\/?page_id=395"},"modified":"2021-01-29T17:36:12","modified_gmt":"2021-01-29T17:36:12","slug":"performance-history","status":"publish","type":"page","link":"https:\/\/ebnfloh.com\/fr\/performance-history\/","title":{"rendered":"Historique de diffusion"},"content":{"rendered":"<div data-elementor-type=\"wp-post\" data-elementor-id=\"395\" class=\"elementor elementor-395\" data-elementor-post-type=\"page\">\n\t\t\t\t\t\t<section class=\"elementor-section elementor-top-section elementor-element elementor-element-59f923bf elementor-section-boxed elementor-section-height-default elementor-section-height-default\" data-id=\"59f923bf\" data-element_type=\"section\">\n\t\t\t\t\t\t<div class=\"elementor-container elementor-column-gap-default\">\n\t\t\t\t\t<div class=\"elementor-column elementor-col-100 elementor-top-column elementor-element elementor-element-248c7504\" data-id=\"248c7504\" data-element_type=\"column\" data-settings=\"{&quot;background_background&quot;:&quot;classic&quot;}\">\n\t\t\t<div class=\"elementor-widget-wrap elementor-element-populated\">\n\t\t\t\t\t\t<div class=\"elementor-element elementor-element-492a59a elementor-widget elementor-widget-heading\" data-id=\"492a59a\" data-element_type=\"widget\" data-widget_type=\"heading.default\">\n\t\t\t\t<div class=\"elementor-widget-container\">\n\t\t\t\t\t<h1 class=\"elementor-heading-title elementor-size-xxl\">Historique de diffusion<\/h1>\t\t\t\t<\/div>\n\t\t\t\t<\/div>\n\t\t\t\t\t<\/div>\n\t\t<\/div>\n\t\t\t\t\t<\/div>\n\t\t<\/section>\n\t\t\t\t<section class=\"elementor-section elementor-top-section elementor-element elementor-element-274884d elementor-section-boxed elementor-section-height-default elementor-section-height-default\" data-id=\"274884d\" data-element_type=\"section\">\n\t\t\t\t\t\t<div class=\"elementor-container elementor-column-gap-default\">\n\t\t\t\t\t<div class=\"elementor-column elementor-col-100 elementor-top-column elementor-element elementor-element-38fb771a\" data-id=\"38fb771a\" data-element_type=\"column\">\n\t\t\t<div class=\"elementor-widget-wrap elementor-element-populated\">\n\t\t\t\t\t\t<div class=\"elementor-element elementor-element-55abb44e elementor-widget elementor-widget-text-editor\" data-id=\"55abb44e\" data-element_type=\"widget\" data-widget_type=\"text-editor.default\">\n\t\t\t\t<div class=\"elementor-widget-container\">\n\t\t\t\t\t\t\t\t\t<ul><li><b>2008-2015<\/b> - Alexandra \u2018Spicey\u2019 Land\u00e9, chor\u00e9graphe ind\u00e9pendante.<\/li><li><b>Octobre 2015<\/b> - Constitution de la Compagnie de danse Ebnfl\u014dh en corporation \u00e0 but non lucratif.<\/li><li><b>2016-2018<\/b> - Ebnfl\u014dh re\u00e7oit le soutien financier du Conseil des arts du Canada, du Conseil des arts et des lettres du Qu\u00e9bec et du Conseil des arts de Montr\u00e9al \u00e0 plusieurs reprises.<\/li><\/ul>\t\t\t\t\t\t\t\t<\/div>\n\t\t\t\t<\/div>\n\t\t\t\t\t<\/div>\n\t\t<\/div>\n\t\t\t\t\t<\/div>\n\t\t<\/section>\n\t\t\t\t<section class=\"elementor-section elementor-top-section elementor-element elementor-element-7f4d423a elementor-section-boxed elementor-section-height-default elementor-section-height-default\" data-id=\"7f4d423a\" data-element_type=\"section\">\n\t\t\t\t\t\t<div class=\"elementor-container elementor-column-gap-default\">\n\t\t\t\t\t<div class=\"elementor-column elementor-col-100 elementor-top-column elementor-element elementor-element-76991301\" data-id=\"76991301\" data-element_type=\"column\">\n\t\t\t<div class=\"elementor-widget-wrap elementor-element-populated\">\n\t\t\t\t\t\t<div class=\"elementor-element elementor-element-3f3c9945 elementor-widget elementor-widget-heading\" data-id=\"3f3c9945\" data-element_type=\"widget\" data-widget_type=\"heading.default\">\n\t\t\t\t<div class=\"elementor-widget-container\">\n\t\t\t\t\t<h2 class=\"elementor-heading-title elementor-size-default\">COMPLEXE R (60 minutes \/ 5 interpr\u00e8tes \/ 2015)<\/h2>\t\t\t\t<\/div>\n\t\t\t\t<\/div>\n\t\t\t\t<div class=\"elementor-element elementor-element-7af98c67 elementor-widget elementor-widget-text-editor\" data-id=\"7af98c67\" data-element_type=\"widget\" data-widget_type=\"text-editor.default\">\n\t\t\t\t<div class=\"elementor-widget-container\">\n\t\t\t\t\t\t\t\t\t<h4><b>2014<\/b><\/h4><ul><li>8 septembre \u2013 extrait (10 min), lancement de saison de la 5e salle de la Place des Arts, Montr\u00e9al.<\/li><li>27-28 septembre \u2013 extrait (25 min, 3 repr\u00e9sentations), TUDS - Festival de danses urbaines, Winchester Street Theater, Toronto.<\/li><\/ul><h4><b>2015<\/b><\/h4><ul><li>14 d\u00e9cembre \u2013 extrait (25 min), Festival 100Lux, 5e Salle de la Place des Arts, Montr\u00e9al.<\/li><li>20-23 janvier \u2013 r\u00e9sidence de cr\u00e9ation, Patrot Le Pr\u00e9vost, Maison de la culture Villeray-St-Michel-Parc-Extension (MCVSMPE), Montr\u00e9al.<\/li><li>4 f\u00e9vrier \u2013 pr\u00e9sentation publique (int\u00e9grale), Patrot Le Pr\u00e9vost, MCVSMPE, Montr\u00e9al.<\/li><li>19 juillet \u2013 Premi\u00e8re mondiale, Cypherfest, Yukon Arts Center, Whitehorse.<\/li><li>12-14 novembre \u2013 int\u00e9grale (3 repr\u00e9sentations pr\u00e9c\u00e9d\u00e9es de 10 jours de r\u00e9sidence), Premi\u00e8re qu\u00e9b\u00e9coise, MAI (Montr\u00e9al, arts interculturels).<\/li><li>3 d\u00e9cembre \u2013 extrait (10 min), atelier \u00ab Regard sur la danse issue d\u2019autres codes culturels \u00bb, Parcours Danse, Conseil des Arts de Montr\u00e9al.<\/li><\/ul><h4><b>2016<\/b><\/h4><ul><li>17 avril \u2013 extrait (10 min), Bravissimo, Centre Expo, Terrebonne.<\/li><li>17 juillet \u2013 extrait (10 min), Festival Ladies of Hip-Hop, Alvin Ailey, New York (\u00c9tats-Unis).<\/li><li>31 juillet \u2013 extrait (10 min), Summer Showcase, danse Immersion, Toronto.<\/li><li>17 ao\u00fbt \u2013 extrait (30 min), Festival Summer Dance Forever, De La Mar Theater, Amsterdam (Pays-Bas).<\/li><li>5 novembre \u2013 extrait (20 min), Contact Ontario, Peterborough.<\/li><\/ul><h4><b>2017<\/b><\/h4><ul><li>7 f\u00e9vrier \u2013 int\u00e9grale, programme scolaire, Patrot Le Pr\u00e9vost, MCVSMPE, Montr\u00e9al.<\/li><li>21-22 mars \u2013 int\u00e9grale (2 repr\u00e9sentations), programme scolaire, Patrot Le Pr\u00e9vost, MCVSMPE, Montr\u00e9al<\/li><li>18 au 20 ao\u00fbt 2017 \u2013 extrait (20 min), Dance Made in Canada, Toronto.<\/li><\/ul><h4><b>Saison 2017-2018 \u2013 Conseil des arts de Montr\u00e9al en tourn\u00e9e (int\u00e9grales)<\/b><\/h4><ul><li>8 novembre 2017 \u2013 Arrondissement St-Laurent.<\/li><li>16 novembre 2017 \u2013 Maison de la culture Notre-Dame-de-Gr\u00e2ce<\/li><li>23 novembre 2017 \u2013 Maison de la culture Ahuntsic.<\/li><li>1er f\u00e9vrier 2018 \u2013 Maison de la culture Villeray-St-Michel-Parc-Extension.<\/li><li>5 avril 2018 \u2013 Maison de la culture Frontenac.<\/li><li>11 avril 2018 \u2013 Maison de la culture Plateau Mont-Royal.<\/li><li>15 avril 2018 \u2013 Arrondissement Lasalle.<\/li><\/ul><h4><b>2018<\/b><\/h4><ul><li>18-27 mars \u2013 tourn\u00e9e dans le nord-ouest de l\u2019Ontario (int\u00e9grales), Red Lake, Dryden &amp; Sioux Lookout.<\/li><li>29 mars \u2013 extrait (5 min), Palais des Congr\u00e8s, Grand Prix du Conseil des arts de Montr\u00e9al.<\/li><\/ul>\t\t\t\t\t\t\t\t<\/div>\n\t\t\t\t<\/div>\n\t\t\t\t\t<\/div>\n\t\t<\/div>\n\t\t\t\t\t<\/div>\n\t\t<\/section>\n\t\t\t\t<section class=\"elementor-section elementor-top-section elementor-element elementor-element-41647bc9 elementor-section-boxed elementor-section-height-default elementor-section-height-default\" data-id=\"41647bc9\" data-element_type=\"section\">\n\t\t\t\t\t\t<div class=\"elementor-container elementor-column-gap-default\">\n\t\t\t\t\t<div class=\"elementor-column elementor-col-100 elementor-top-column elementor-element elementor-element-5eef581a\" data-id=\"5eef581a\" data-element_type=\"column\">\n\t\t\t<div class=\"elementor-widget-wrap elementor-element-populated\">\n\t\t\t\t\t\t<div class=\"elementor-element elementor-element-5eea91d0 elementor-widget elementor-widget-heading\" data-id=\"5eea91d0\" data-element_type=\"widget\" data-widget_type=\"heading.default\">\n\t\t\t\t<div class=\"elementor-widget-container\">\n\t\t\t\t\t<h2 class=\"elementor-heading-title elementor-size-default\">IN-WARD (60 minutes \/ 6 interpr\u00e8tes \/ 2019)<\/h2>\t\t\t\t<\/div>\n\t\t\t\t<\/div>\n\t\t\t\t<div class=\"elementor-element elementor-element-53ae4c42 elementor-widget elementor-widget-text-editor\" data-id=\"53ae4c42\" data-element_type=\"widget\" data-widget_type=\"text-editor.default\">\n\t\t\t\t<div class=\"elementor-widget-container\">\n\t\t\t\t\t\t\t\t\t<p><strong>Premi\u00e8re mondiale au MAI (Montr\u00e9al, arts interculturels) du 16 au 20 Janvier 2019 (5 repr\u00e9sentations).\nCoproduction CCOV-centre de cr\u00e9ation O Vertigo, Montr\u00e9al.<\/strong><\/p><h4><b>2017<\/b> (en cr\u00e9ation)<\/h4><ul><li>3 octobre \u2013 pr\u00e9sentation publique de la recherche (20 min), Mardi culturels TD, Arsenal art contemporain &amp; Danse Danse (programme de r\u00e9sidence Cr\u00e9ateur en mouvement), Montr\u00e9al.<\/li><\/ul><h4><strong>2018<\/strong><\/h4><ul><li>6 mai \u2013 extrait (10 min), Montreal Showcase, Agora de la danse, Montr\u00e9al.<\/li><li>12 mai \u2013 extrait (10 min), Block Party, Fondation de la Place des Arts, Espace culture George-\u00c9mile-Lapalme, Montr\u00e9al.<\/li><li>15 juillet \u2013 extrait (30 min), Cypherfest, Yukon Arts Center, Whitehorse.<\/li><li>9-12 ao\u00fbt \u2013 extrait (20 min, 2 repr\u00e9sentations), Festival Musique du Bout du Monde, Gasp\u00e9.<\/li><li>21 septembre \u2013 extrait (5 min), soir\u00e9e Carte Blanche, Danse \u00e0 la Carte, Montr\u00e9al.<\/li><\/ul><h4><strong>2019<\/strong><\/h4><ul><li>October 1st, 2019 &#8211; MC Rivi\u00e8re des Prairies.<\/li><li>October 20th, 2019 &#8211; Arts de la sc\u00e8ne Montmagny.<\/li><li>November 29th, 2019 &#8211; Parcours Danse, Official selection, Montreal.<\/li><li>\u00a0<\/li><\/ul>\t\t\t\t\t\t\t\t<\/div>\n\t\t\t\t<\/div>\n\t\t\t\t\t<\/div>\n\t\t<\/div>\n\t\t\t\t\t<\/div>\n\t\t<\/section>\n\t\t\t\t<section class=\"elementor-section elementor-top-section elementor-element elementor-element-327f01ae elementor-section-boxed elementor-section-height-default elementor-section-height-default\" data-id=\"327f01ae\" data-element_type=\"section\">\n\t\t\t\t\t\t<div class=\"elementor-container elementor-column-gap-default\">\n\t\t\t\t\t<div class=\"elementor-column elementor-col-100 elementor-top-column elementor-element elementor-element-4b442d\" data-id=\"4b442d\" data-element_type=\"column\">\n\t\t\t<div class=\"elementor-widget-wrap elementor-element-populated\">\n\t\t\t\t\t\t<div class=\"elementor-element elementor-element-5314c3df elementor-widget elementor-widget-heading\" data-id=\"5314c3df\" data-element_type=\"widget\" data-widget_type=\"heading.default\">\n\t\t\t\t<div class=\"elementor-widget-container\">\n\t\t\t\t\t<h2 class=\"elementor-heading-title elementor-size-default\">IN-BEAUTY - JOUER DEHORS (15 minutes \/ 4 dancers \/ 2018)<\/h2>\t\t\t\t<\/div>\n\t\t\t\t<\/div>\n\t\t\t\t<div class=\"elementor-element elementor-element-3dc9c39b elementor-widget elementor-widget-text-editor\" data-id=\"3dc9c39b\" data-element_type=\"widget\" data-widget_type=\"text-editor.default\">\n\t\t\t\t<div class=\"elementor-widget-container\">\n\t\t\t\t\t\t\t\t\t<h4><strong>2019<\/strong><\/h4><ul><li>July 5th, 2019 &#8211; City of Longueuil.<\/li><li>July 9th, 2019 &#8211; Arrondissement Lasalle.<\/li><li>July 18th, 2019 &#8211; Muni-Spec Mont-Laurier.<\/li><li>July 20th, 2019 &#8211; Centre de la Nature de Laval.<\/li><li>July 26th to 28th, 2019 &#8211; Festival Furies de Marsouie en Gasp\u00e9sie.<\/li><li>September 6th, 2019 &#8211; MC Rosemont \u2013 Promenade Masson.<\/li><li>September 30th, 2019 &#8211; Commission Scolaire Terrebonne.<\/li><\/ul>\t\t\t\t\t\t\t\t<\/div>\n\t\t\t\t<\/div>\n\t\t\t\t\t<\/div>\n\t\t<\/div>\n\t\t\t\t\t<\/div>\n\t\t<\/section>\n\t\t\t\t<section class=\"elementor-section elementor-top-section elementor-element elementor-element-a8ed47a elementor-section-boxed elementor-section-height-default elementor-section-height-default\" data-id=\"a8ed47a\" data-element_type=\"section\">\n\t\t\t\t\t\t<div class=\"elementor-container elementor-column-gap-default\">\n\t\t\t\t\t<div class=\"elementor-column elementor-col-100 elementor-top-column elementor-element elementor-element-7b26b9d\" data-id=\"7b26b9d\" data-element_type=\"column\">\n\t\t\t<div class=\"elementor-widget-wrap elementor-element-populated\">\n\t\t\t\t\t\t<div class=\"elementor-element elementor-element-d055820 elementor-widget elementor-widget-heading\" data-id=\"d055820\" data-element_type=\"widget\" data-widget_type=\"heading.default\">\n\t\t\t\t<div class=\"elementor-widget-container\">\n\t\t\t\t\t<h2 class=\"elementor-heading-title elementor-size-default\">AUTRES<\/h2>\t\t\t\t<\/div>\n\t\t\t\t<\/div>\n\t\t\t\t<div class=\"elementor-element elementor-element-b572c83 elementor-widget elementor-widget-text-editor\" data-id=\"b572c83\" data-element_type=\"widget\" data-widget_type=\"text-editor.default\">\n\t\t\t\t<div class=\"elementor-widget-container\">\n\t\t\t\t\t\t\t\t\t<ul><li>31 ao\u00fbt 2017 \u2013 Mona Lisa (3 min), solo chor\u00e9graphi\u00e9 &amp; interpr\u00e9t\u00e9 par Alexandra \u2018Spicey\u2019 Land\u00e9, Short &amp; Sweet, Montr\u00e9al.<\/li><li>14 d\u00e9cembre 2018 \u2013 pr\u00e9sentation (20 min) &amp; discussion, collaboration avec le chor\u00e9graphe et interpr\u00e8te Tanveer Alam (Toronto), Symposium \u00ab Pas juste de la danse \u00bb pr\u00e9sent\u00e9 par Zab Maboungou \/ compagnie danse Nyata Nyata, MAI (Montr\u00e9al, arts interculturels).<\/li><li>Ateliers, conf\u00e9rences, discussions et classes de ma\u00eetre.<\/li><\/ul>\t\t\t\t\t\t\t\t<\/div>\n\t\t\t\t<\/div>\n\t\t\t\t\t<\/div>\n\t\t<\/div>\n\t\t\t\t\t<\/div>\n\t\t<\/section>\n\t\t\t\t<\/div>","protected":false},"excerpt":{"rendered":"<p>Performance History 2008-2015 \u2013 Alexandra \u2018Spicey\u2019 Land\u00e9, independent choreographer. October 2015 \u2013 Founding of the Ebnfl\u014dh Dance Company, and its incorporation as a not-for-profit structure. 2016-2018 \u2013 Ebnfl\u014dh receives financial support from the Canada Arts Council, Conseil des Arts et Lettres du Qu\u00e9bec and Conseil des Arts de Montr\u00e9al several times. Complexe R (60 minutes\/ [&hellip;]<\/p>","protected":false},"author":1,"featured_media":0,"parent":0,"menu_order":0,"comment_status":"closed","ping_status":"closed","template":"","meta":{"site-sidebar-layout":"no-sidebar","site-content-layout":"page-builder","ast-site-content-layout":"default","site-content-style":"default","site-sidebar-style":"default","ast-global-header-display":"","ast-banner-title-visibility":"","ast-main-header-display":"","ast-hfb-above-header-display":"","ast-hfb-below-header-display":"","ast-hfb-mobile-header-display":"","site-post-title":"disabled","ast-breadcrumbs-content":"","ast-featured-img":"disabled","footer-sml-layout":"","ast-disable-related-posts":"","theme-transparent-header-meta":"default","adv-header-id-meta":"","stick-header-meta":"","header-above-stick-meta":"","header-main-stick-meta":"","header-below-stick-meta":"","astra-migrate-meta-layouts":"default","ast-page-background-enabled":"default","ast-page-background-meta":{"desktop":{"background-color":"","background-image":"","background-repeat":"repeat","background-position":"center center","background-size":"auto","background-attachment":"scroll","background-type":"","background-media":"","overlay-type":"","overlay-color":"","overlay-opacity":"","overlay-gradient":""},"tablet":{"background-color":"","background-image":"","background-repeat":"repeat","background-position":"center center","background-size":"auto","background-attachment":"scroll","background-type":"","background-media":"","overlay-type":"","overlay-color":"","overlay-opacity":"","overlay-gradient":""},"mobile":{"background-color":"","background-image":"","background-repeat":"repeat","background-position":"center center","background-size":"auto","background-attachment":"scroll","background-type":"","background-media":"","overlay-type":"","overlay-color":"","overlay-opacity":"","overlay-gradient":""}},"ast-content-background-meta":{"desktop":{"background-color":"var(--ast-global-color-5)","background-image":"","background-repeat":"repeat","background-position":"center center","background-size":"auto","background-attachment":"scroll","background-type":"","background-media":"","overlay-type":"","overlay-color":"","overlay-opacity":"","overlay-gradient":""},"tablet":{"background-color":"var(--ast-global-color-5)","background-image":"","background-repeat":"repeat","background-position":"center center","background-size":"auto","background-attachment":"scroll","background-type":"","background-media":"","overlay-type":"","overlay-color":"","overlay-opacity":"","overlay-gradient":""},"mobile":{"background-color":"var(--ast-global-color-5)","background-image":"","background-repeat":"repeat","background-position":"center center","background-size":"auto","background-attachment":"scroll","background-type":"","background-media":"","overlay-type":"","overlay-color":"","overlay-opacity":"","overlay-gradient":""}},"footnotes":""},"class_list":["post-395","page","type-page","status-publish","hentry"],"_links":{"self":[{"href":"https:\/\/ebnfloh.com\/fr\/wp-json\/wp\/v2\/pages\/395","targetHints":{"allow":["GET"]}}],"collection":[{"href":"https:\/\/ebnfloh.com\/fr\/wp-json\/wp\/v2\/pages"}],"about":[{"href":"https:\/\/ebnfloh.com\/fr\/wp-json\/wp\/v2\/types\/page"}],"author":[{"embeddable":true,"href":"https:\/\/ebnfloh.com\/fr\/wp-json\/wp\/v2\/users\/1"}],"replies":[{"embeddable":true,"href":"https:\/\/ebnfloh.com\/fr\/wp-json\/wp\/v2\/comments?post=395"}],"version-history":[{"count":0,"href":"https:\/\/ebnfloh.com\/fr\/wp-json\/wp\/v2\/pages\/395\/revisions"}],"wp:attachment":[{"href":"https:\/\/ebnfloh.com\/fr\/wp-json\/wp\/v2\/media?parent=395"}],"curies":[{"name":"wp","href":"https:\/\/api.w.org\/{rel}","templated":true}]}}