{"id":406,"date":"2019-01-08T02:18:37","date_gmt":"2019-01-08T02:18:37","guid":{"rendered":"https:\/\/ebnfloh.com\/?page_id=406"},"modified":"2021-03-06T17:14:19","modified_gmt":"2021-03-06T17:14:19","slug":"in-ward","status":"publish","type":"page","link":"https:\/\/ebnfloh.com\/fr\/in-ward\/","title":{"rendered":"In-Ward"},"content":{"rendered":"<div data-elementor-type=\"wp-post\" data-elementor-id=\"406\" class=\"elementor elementor-406\" data-elementor-post-type=\"page\">\n\t\t\t\t\t\t<section class=\"elementor-section elementor-top-section elementor-element elementor-element-96c7560 elementor-section-boxed elementor-section-height-default elementor-section-height-default\" data-id=\"96c7560\" data-element_type=\"section\">\n\t\t\t\t\t\t<div class=\"elementor-container elementor-column-gap-default\">\n\t\t\t\t\t<div class=\"elementor-column elementor-col-100 elementor-top-column elementor-element elementor-element-95fbb06\" data-id=\"95fbb06\" data-element_type=\"column\">\n\t\t\t<div class=\"elementor-widget-wrap elementor-element-populated\">\n\t\t\t\t\t\t<div class=\"elementor-element elementor-element-29c8a0a elementor-widget elementor-widget-video\" data-id=\"29c8a0a\" data-element_type=\"widget\" data-settings=\"{&quot;yt_privacy&quot;:&quot;yes&quot;,&quot;show_image_overlay&quot;:&quot;yes&quot;,&quot;image_overlay&quot;:{&quot;url&quot;:&quot;https:\\\/\\\/b1364840.smushcdn.com\\\/1364840\\\/wp-content\\\/uploads\\\/2019\\\/01\\\/In-Ward-4.jpeg?lossy=1&strip=1&webp=1&quot;,&quot;id&quot;:411,&quot;size&quot;:&quot;&quot;},&quot;video_type&quot;:&quot;vimeo&quot;}\" data-widget_type=\"video.default\">\n\t\t\t\t<div class=\"elementor-widget-container\">\n\t\t\t\t\t\t\t<div class=\"elementor-wrapper elementor-open-inline\">\n\t\t\t<iframe class=\"elementor-video-iframe\" allowfullscreen allow=\"clipboard-write\" title=\"Lecteur vid\u00e9o vimeo\" src=\"https:\/\/player.vimeo.com\/video\/367836465?color&amp;autopause=0&amp;dnt=true&amp;loop=0&amp;muted=0&amp;title=1&amp;portrait=1&amp;byline=1#t=\" loading=\"lazy\"><\/iframe>\t\t\t\t<div class=\"elementor-custom-embed-image-overlay\" style=\"background-image: url(https:\/\/b1364840.smushcdn.com\/1364840\/wp-content\/uploads\/2019\/01\/In-Ward-4-1024x682.jpeg?lossy=1&strip=1&webp=1);\">\n\t\t\t\t\t\t\t\t\t\t\t\t\t\t\t\t<div class=\"elementor-custom-embed-play\" role=\"button\" aria-label=\"Lire la vid\u00e9o\" tabindex=\"0\">\n\t\t\t\t\t\t\t<i aria-hidden=\"true\" class=\"eicon-play\"><\/i>\t\t\t\t\t\t<\/div>\n\t\t\t\t\t\t\t\t\t<\/div>\n\t\t\t\t\t<\/div>\n\t\t\t\t\t\t<\/div>\n\t\t\t\t<\/div>\n\t\t\t\t<div class=\"elementor-element elementor-element-93310ba elementor-widget elementor-widget-heading\" data-id=\"93310ba\" data-element_type=\"widget\" data-widget_type=\"heading.default\">\n\t\t\t\t<div class=\"elementor-widget-container\">\n\t\t\t\t\t<h1 class=\"elementor-heading-title elementor-size-xxl\">In-Ward<\/h1>\t\t\t\t<\/div>\n\t\t\t\t<\/div>\n\t\t\t\t<div class=\"elementor-element elementor-element-a345b23 elementor-widget elementor-widget-text-editor\" data-id=\"a345b23\" data-element_type=\"widget\" data-widget_type=\"text-editor.default\">\n\t\t\t\t<div class=\"elementor-widget-container\">\n\t\t\t\t\t\t\t\t\t<p>Creation, 2019 from the EBNFL\u014cH Dance Company<\/p>\t\t\t\t\t\t\t\t<\/div>\n\t\t\t\t<\/div>\n\t\t\t\t<div class=\"elementor-element elementor-element-8713a95 elementor-widget elementor-widget-text-editor\" data-id=\"8713a95\" data-element_type=\"widget\" data-widget_type=\"text-editor.default\">\n\t\t\t\t<div class=\"elementor-widget-container\">\n\t\t\t\t\t\t\t\t\t<p style=\"font-weight: 400;\" class=\"translation-block\"><b>In-Ward est une \u0153uvre chor\u00e9graphique d\u2019Alexandra \u2018Spicey\u2019 Land\u00e9 et de la compagnie Ebnfl\u014dh, produite avec le soutien du CCOV-Centre de cr\u00e9ation O Vertigo.<\/b> In-Ward nous plonge dans les m\u00e9andres de la psych\u00e9 humaine pour r\u00e9v\u00e9ler l\u2019enchev\u00eatrement des sensations et les contradictions subtiles de nos inconscients \u2013 individuels et collectifs \u2013 face \u00e0 l\u2019enfermement, la cohabitation et l\u2019isolement. La chor\u00e9graphe gratte le vernis social pour mettre \u00e0 jour l\u2019ambig\u00fcit\u00e9 d\u2019\u00eatres aux prises avec leurs contradictions, et pousse plus loin ses aspirations artistiques dans un dialogue dynamique entre la culture Hip-Hop et la danse contemporaine.<\/p><p style=\"font-weight: 400;\" class=\"translation-block\">C\u2019est notamment la r\u00e9plique, <em>\u00ab L\u2019enfer, c\u2019est les autres \u00bb<\/em>, de la pi\u00e8ce de th\u00e9\u00e2tre de Jean-Paul Sartre, Huit Clos, qui a lanc\u00e9 le processus cr\u00e9atif o\u00f9 la chor\u00e9graphe et six interpr\u00e8tes sondent la complexit\u00e9 des relations humaines, et la profonde ambivalence des coexistences. Contraints de vivre ensemble, de faire groupe, les individus, les corps, naviguent entre la tentation de la solitude et la menace des conflits. Avec une physicalit\u00e9 brute et pr\u00e9cise, Alexandra combine subtilement les tensions dramatiques, l\u2019humour sombre, le sens de l\u2019absurde et la force de l\u2019esp\u00e9rance. Dans le courant existentialiste du xxe si\u00e8cle, l'\u00eatre humain se d\u00e9finit par ses gestes et ses non-gestes; Sartre traite de la question du rapport \u00e0 autrui \u2013 l\u2019intersubjectivit\u00e9. La cr\u00e9ation de In-Ward explore les concepts de diff\u00e9renciation, de double conscience, de collectivit\u00e9 et surtout d'intersubjectivit\u00e9. Sommes-nous capables de percevoir et de comprendre l\u2019exp\u00e9rience des autres sans les pr\u00e9jug\u00e9s de notre propre exp\u00e9rience subjective ?<\/p><p style=\"font-weight: 400;\" class=\"translation-block\">Pour In-Ward, Alexandra \u2018Spicey\u2019 Land\u00e9 est entour\u00e9e d\u2019une formidable \u00e9quipe compos\u00e9e notamment de 6 interpr\u00e8tes de talent, de la chor\u00e9graphe Anne Plamondon comme conseill\u00e8re artistique principale, et du renomm\u00e9 compositeur et producteur de Hip-Hop, Shash'U, complice depuis les d\u00e9buts et remarquable \u00e0 la conception sonore (djshashu.com).<\/p><p class=\"translation-block\"><b>Dur\u00e9e:<\/b> 60 minutes.<\/p>\t\t\t\t\t\t\t\t<\/div>\n\t\t\t\t<\/div>\n\t\t\t\t<div class=\"elementor-element elementor-element-97f9523 elementor-widget elementor-widget-heading\" data-id=\"97f9523\" data-element_type=\"widget\" data-widget_type=\"heading.default\">\n\t\t\t\t<div class=\"elementor-widget-container\">\n\t\t\t\t\t<h2 class=\"elementor-heading-title elementor-size-large\">Premi\u00e8re mondial au MAI (Montreal, arts interculturels)<br><span style=\"font-size: 20px\">Du 16 au 20 Janvier 2019.<\/span><br><span style=\"font-size: 22px\"><b>Presented for a second time at Agora de la Danse from March 11th to 13th 2020<\/b><\/span><\/h2>\t\t\t\t<\/div>\n\t\t\t\t<\/div>\n\t\t\t\t<div class=\"elementor-element elementor-element-eb485bc elementor-widget elementor-widget-heading\" data-id=\"eb485bc\" data-element_type=\"widget\" data-widget_type=\"heading.default\">\n\t\t\t\t<div class=\"elementor-widget-container\">\n\t\t\t\t\t<h3 class=\"elementor-heading-title elementor-size-xl\">CR\u00c9DITS<\/h3>\t\t\t\t<\/div>\n\t\t\t\t<\/div>\n\t\t\t\t<section class=\"elementor-section elementor-inner-section elementor-element elementor-element-221b244 elementor-section-boxed elementor-section-height-default elementor-section-height-default\" data-id=\"221b244\" data-element_type=\"section\">\n\t\t\t\t\t\t<div class=\"elementor-container elementor-column-gap-default\">\n\t\t\t\t\t<div class=\"elementor-column elementor-col-50 elementor-inner-column elementor-element elementor-element-a693742\" data-id=\"a693742\" data-element_type=\"column\" data-settings=\"{&quot;background_background&quot;:&quot;classic&quot;}\">\n\t\t\t<div class=\"elementor-widget-wrap elementor-element-populated\">\n\t\t\t\t\t\t<div class=\"elementor-element elementor-element-05a4dd5 elementor-widget elementor-widget-text-editor\" data-id=\"05a4dd5\" data-element_type=\"widget\" data-widget_type=\"text-editor.default\">\n\t\t\t\t<div class=\"elementor-widget-container\">\n\t\t\t\t\t\t\t\t\t<p><strong>Chor\u00e9graphe et Directrice artistique:<\/strong> Alexandra \u2018Spicey\u2019 Land\u00e9<\/p><p><strong>R\u00e9p\u00e9titrice:\u00a0<\/strong>Fr\u00e9d\u00e9rique \u2018Pax\u2019 Dumas<\/p><p><strong>Interpr\u00e8tes: 6<\/strong> - Avec la collaboration des artistes:<\/p><ul><li>Ja James \u2018Jigsaw\u2019 Britton Johnson<\/li><li>Christina \u2018Hurricane Tina\u2019 Paquette<\/li><li>Nindy \u2018Banks\u2019 Pierre-Louis<\/li><li>Elie-Anne \u2018Rawss\u2019 Ross<\/li><li>Mukoma-K \u2018JStyle\u2019 Nshinga<\/li><li>Jaleesa \u2018Tealeaf\u2019 Coligny<\/li><\/ul><p><strong>Mumble:<\/strong> Ja James \u2018Jigsaw\u2019 Britton Johnson<\/p><p><strong>Conception Sonore:<\/strong> Richard \u2018Shash\u2019U St-Aubin<\/p><p><strong>Conception lumi\u00e8re et Directeur Technique:<\/strong> Benoit Larivi\u00e8re &amp; Leticia Hamaoui<\/p><p><strong>Conseill\u00e8re artistique:<\/strong> Anne Plamondon &amp; Helen Simard<\/p><p><strong>\u0152il ext\u00e9rieur:<\/strong> Fr\u00e9d\u00e9rique \u2018Pax\u2019 Dumas &amp; Mathieu Leroux (Special thanks to Danse \u00e0 la Carte for their support)<\/p>\t\t\t\t\t\t\t\t<\/div>\n\t\t\t\t<\/div>\n\t\t\t\t\t<\/div>\n\t\t<\/div>\n\t\t\t\t<div class=\"elementor-column elementor-col-50 elementor-inner-column elementor-element elementor-element-67e0a1c\" data-id=\"67e0a1c\" data-element_type=\"column\">\n\t\t\t<div class=\"elementor-widget-wrap elementor-element-populated\">\n\t\t\t\t\t\t<div class=\"elementor-element elementor-element-1b4d156 elementor-widget elementor-widget-text-editor\" data-id=\"1b4d156\" data-element_type=\"widget\" data-widget_type=\"text-editor.default\">\n\t\t\t\t<div class=\"elementor-widget-container\">\n\t\t\t\t\t\t\t\t\t<p><strong>Coproduction:<\/strong> CCOV- Centre de cr\u00e9ation O Vertigo.<\/p><p><strong>R\u00e9sidences de cr\u00e9ation:<\/strong><\/p><ul><li>CCOV- Centre de cr\u00e9ation O Vertigo<\/li><li>Danse Danse<\/li><li>Agora de la danse<\/li><li>MAI (Montr\u00e9al, arts interculturels<\/li><li>Banff Center for Arts and Creativity<\/li><li>Compagnie de danse Nyata Nyata<\/li><li>Danse \u00e0 la carte<\/li><li>Tyler Anne Dance School.<\/li><\/ul><p><strong>Soutien financier:<\/strong><\/p><ul><li>Conseil des arts du Canada<\/li><li>Conseil des arts et des lettres du Qu\u00e9bec<\/li><li>Conseil des arts de Montr\u00e9al<\/li><\/ul>\t\t\t\t\t\t\t\t<\/div>\n\t\t\t\t<\/div>\n\t\t\t\t\t<\/div>\n\t\t<\/div>\n\t\t\t\t\t<\/div>\n\t\t<\/section>\n\t\t\t\t\t<\/div>\n\t\t<\/div>\n\t\t\t\t\t<\/div>\n\t\t<\/section>\n\t\t\t\t<section class=\"elementor-section elementor-top-section elementor-element elementor-element-4468668 elementor-section-boxed elementor-section-height-default elementor-section-height-default\" data-id=\"4468668\" data-element_type=\"section\">\n\t\t\t\t\t\t<div class=\"elementor-container elementor-column-gap-default\">\n\t\t\t\t\t<div class=\"elementor-column elementor-col-100 elementor-top-column elementor-element elementor-element-a821578\" data-id=\"a821578\" data-element_type=\"column\" data-settings=\"{&quot;background_background&quot;:&quot;classic&quot;}\">\n\t\t\t<div class=\"elementor-widget-wrap elementor-element-populated\">\n\t\t\t\t\t\t<div class=\"elementor-element elementor-element-fe9ff09 elementor-widget elementor-widget-heading\" data-id=\"fe9ff09\" data-element_type=\"widget\" data-widget_type=\"heading.default\">\n\t\t\t\t<div class=\"elementor-widget-container\">\n\t\t\t\t\t<h3 class=\"elementor-heading-title elementor-size-xl\">Booking<\/h3>\t\t\t\t<\/div>\n\t\t\t\t<\/div>\n\t\t\t\t<section class=\"elementor-section elementor-inner-section elementor-element elementor-element-83d1675 elementor-section-boxed elementor-section-height-default elementor-section-height-default\" data-id=\"83d1675\" data-element_type=\"section\">\n\t\t\t\t\t\t<div class=\"elementor-container elementor-column-gap-default\">\n\t\t\t\t\t<div class=\"elementor-column elementor-col-50 elementor-inner-column elementor-element elementor-element-0e888ae\" data-id=\"0e888ae\" data-element_type=\"column\">\n\t\t\t<div class=\"elementor-widget-wrap elementor-element-populated\">\n\t\t\t\t\t\t<div class=\"elementor-element elementor-element-0e50d2b elementor-widget elementor-widget-heading\" data-id=\"0e50d2b\" data-element_type=\"widget\" data-widget_type=\"heading.default\">\n\t\t\t\t<div class=\"elementor-widget-container\">\n\t\t\t\t\t<h3 class=\"elementor-heading-title elementor-size-large\">Ya\u00eblle Azoulay<\/h3>\t\t\t\t<\/div>\n\t\t\t\t<\/div>\n\t\t\t\t<div class=\"elementor-element elementor-element-82772a6 elementor-widget elementor-widget-heading\" data-id=\"82772a6\" data-element_type=\"widget\" data-widget_type=\"heading.default\">\n\t\t\t\t<div class=\"elementor-widget-container\">\n\t\t\t\t\t<p class=\"elementor-heading-title elementor-size-default\">Directrice - Volet Danse<\/p>\t\t\t\t<\/div>\n\t\t\t\t<\/div>\n\t\t\t\t<div class=\"elementor-element elementor-element-ba70606 elementor-align-right elementor-icon-list--layout-traditional elementor-list-item-link-full_width elementor-widget elementor-widget-icon-list\" data-id=\"ba70606\" data-element_type=\"widget\" data-widget_type=\"icon-list.default\">\n\t\t\t\t<div class=\"elementor-widget-container\">\n\t\t\t\t\t\t\t<ul class=\"elementor-icon-list-items\">\n\t\t\t\t\t\t\t<li class=\"elementor-icon-list-item\">\n\t\t\t\t\t\t\t\t\t\t\t<a href=\"\">\n\n\t\t\t\t\t\t\t\t\t\t\t\t<span class=\"elementor-icon-list-icon\">\n\t\t\t\t\t\t\t<i aria-hidden=\"true\" class=\"fas fa-envelope\"><\/i>\t\t\t\t\t\t<\/span>\n\t\t\t\t\t\t\t\t\t\t<span class=\"elementor-icon-list-text\">danse@agenceresonances.com<\/span>\n\t\t\t\t\t\t\t\t\t\t\t<\/a>\n\t\t\t\t\t\t\t\t\t<\/li>\n\t\t\t\t\t\t\t\t<li class=\"elementor-icon-list-item\">\n\t\t\t\t\t\t\t\t\t\t\t<a href=\"tel:15149129235\">\n\n\t\t\t\t\t\t\t\t\t\t\t\t<span class=\"elementor-icon-list-icon\">\n\t\t\t\t\t\t\t<i aria-hidden=\"true\" class=\"fas fa-phone-alt\"><\/i>\t\t\t\t\t\t<\/span>\n\t\t\t\t\t\t\t\t\t\t<span class=\"elementor-icon-list-text\">1-514-912-9235<\/span>\n\t\t\t\t\t\t\t\t\t\t\t<\/a>\n\t\t\t\t\t\t\t\t\t<\/li>\n\t\t\t\t\t\t<\/ul>\n\t\t\t\t\t\t<\/div>\n\t\t\t\t<\/div>\n\t\t\t\t\t<\/div>\n\t\t<\/div>\n\t\t\t\t<div class=\"elementor-column elementor-col-50 elementor-inner-column elementor-element elementor-element-be99e06\" data-id=\"be99e06\" data-element_type=\"column\">\n\t\t\t<div class=\"elementor-widget-wrap elementor-element-populated\">\n\t\t\t\t\t\t<div class=\"elementor-element elementor-element-6b9e0fb elementor-widget elementor-widget-image\" data-id=\"6b9e0fb\" data-element_type=\"widget\" data-widget_type=\"image.default\">\n\t\t\t\t<div class=\"elementor-widget-container\">\n\t\t\t\t\t\t\t\t\t\t\t\t\t\t\t<img decoding=\"async\" width=\"264\" height=\"100\" src=\"https:\/\/b1364840.smushcdn.com\/1364840\/wp-content\/uploads\/2019\/09\/Resonances.jpg?lossy=1&strip=1&webp=1\" class=\"attachment-medium size-medium wp-image-812\" alt=\"\" sizes=\"(max-width: 264px) 100vw, 264px\" loading=\"lazy\" \/>\t\t\t\t\t\t\t\t\t\t\t\t\t\t\t<\/div>\n\t\t\t\t<\/div>\n\t\t\t\t<div class=\"elementor-element elementor-element-2db6402 elementor-align-left elementor-widget elementor-widget-button\" data-id=\"2db6402\" data-element_type=\"widget\" data-widget_type=\"button.default\">\n\t\t\t\t<div class=\"elementor-widget-container\">\n\t\t\t\t\t\t\t\t\t<div class=\"elementor-button-wrapper\">\n\t\t\t\t\t<a class=\"elementor-button elementor-button-link elementor-size-lg elementor-animation-grow\" href=\"https:\/\/www.agenceresonances.com\">\n\t\t\t\t\t\t<span class=\"elementor-button-content-wrapper\">\n\t\t\t\t\t\t\t\t\t<span class=\"elementor-button-text\">agenceresonances.com<\/span>\n\t\t\t\t\t<\/span>\n\t\t\t\t\t<\/a>\n\t\t\t\t<\/div>\n\t\t\t\t\t\t\t\t<\/div>\n\t\t\t\t<\/div>\n\t\t\t\t\t<\/div>\n\t\t<\/div>\n\t\t\t\t\t<\/div>\n\t\t<\/section>\n\t\t\t\t\t<\/div>\n\t\t<\/div>\n\t\t\t\t\t<\/div>\n\t\t<\/section>\n\t\t\t\t<\/div>","protected":false},"excerpt":{"rendered":"<p>In-Ward Creation, 2019 from the EBNFL\u014cH Dance Company In-Ward\u00a0is a choreographic work by\u00a0Alexandra \u2018Spicey\u2019 Land\u00e9\u00a0and\u00a0Ebnfl\u014dh\u00a0Dance Company, and produced with the support of\u00a0CCOV-Centre de creation O Vertigo.\u00a0\u00a0In-Ward\u00a0plunges us into the deep waters of the human psyche depicting the overlapping of feelings, and the subtle contradictions of the unconscious\u2014both individual and collective\u2014while faced with forced confinement, sharing [&hellip;]<\/p>","protected":false},"author":1,"featured_media":0,"parent":0,"menu_order":0,"comment_status":"closed","ping_status":"closed","template":"","meta":{"site-sidebar-layout":"no-sidebar","site-content-layout":"page-builder","ast-site-content-layout":"default","site-content-style":"default","site-sidebar-style":"default","ast-global-header-display":"","ast-banner-title-visibility":"","ast-main-header-display":"","ast-hfb-above-header-display":"","ast-hfb-below-header-display":"","ast-hfb-mobile-header-display":"","site-post-title":"disabled","ast-breadcrumbs-content":"","ast-featured-img":"disabled","footer-sml-layout":"","ast-disable-related-posts":"","theme-transparent-header-meta":"default","adv-header-id-meta":"","stick-header-meta":"","header-above-stick-meta":"","header-main-stick-meta":"","header-below-stick-meta":"","astra-migrate-meta-layouts":"default","ast-page-background-enabled":"default","ast-page-background-meta":{"desktop":{"background-color":"","background-image":"","background-repeat":"repeat","background-position":"center center","background-size":"auto","background-attachment":"scroll","background-type":"","background-media":"","overlay-type":"","overlay-color":"","overlay-opacity":"","overlay-gradient":""},"tablet":{"background-color":"","background-image":"","background-repeat":"repeat","background-position":"center center","background-size":"auto","background-attachment":"scroll","background-type":"","background-media":"","overlay-type":"","overlay-color":"","overlay-opacity":"","overlay-gradient":""},"mobile":{"background-color":"","background-image":"","background-repeat":"repeat","background-position":"center center","background-size":"auto","background-attachment":"scroll","background-type":"","background-media":"","overlay-type":"","overlay-color":"","overlay-opacity":"","overlay-gradient":""}},"ast-content-background-meta":{"desktop":{"background-color":"var(--ast-global-color-5)","background-image":"","background-repeat":"repeat","background-position":"center center","background-size":"auto","background-attachment":"scroll","background-type":"","background-media":"","overlay-type":"","overlay-color":"","overlay-opacity":"","overlay-gradient":""},"tablet":{"background-color":"var(--ast-global-color-5)","background-image":"","background-repeat":"repeat","background-position":"center center","background-size":"auto","background-attachment":"scroll","background-type":"","background-media":"","overlay-type":"","overlay-color":"","overlay-opacity":"","overlay-gradient":""},"mobile":{"background-color":"var(--ast-global-color-5)","background-image":"","background-repeat":"repeat","background-position":"center center","background-size":"auto","background-attachment":"scroll","background-type":"","background-media":"","overlay-type":"","overlay-color":"","overlay-opacity":"","overlay-gradient":""}},"footnotes":""},"class_list":["post-406","page","type-page","status-publish","hentry"],"_links":{"self":[{"href":"https:\/\/ebnfloh.com\/fr\/wp-json\/wp\/v2\/pages\/406","targetHints":{"allow":["GET"]}}],"collection":[{"href":"https:\/\/ebnfloh.com\/fr\/wp-json\/wp\/v2\/pages"}],"about":[{"href":"https:\/\/ebnfloh.com\/fr\/wp-json\/wp\/v2\/types\/page"}],"author":[{"embeddable":true,"href":"https:\/\/ebnfloh.com\/fr\/wp-json\/wp\/v2\/users\/1"}],"replies":[{"embeddable":true,"href":"https:\/\/ebnfloh.com\/fr\/wp-json\/wp\/v2\/comments?post=406"}],"version-history":[{"count":1,"href":"https:\/\/ebnfloh.com\/fr\/wp-json\/wp\/v2\/pages\/406\/revisions"}],"predecessor-version":[{"id":2127,"href":"https:\/\/ebnfloh.com\/fr\/wp-json\/wp\/v2\/pages\/406\/revisions\/2127"}],"wp:attachment":[{"href":"https:\/\/ebnfloh.com\/fr\/wp-json\/wp\/v2\/media?parent=406"}],"curies":[{"name":"wp","href":"https:\/\/api.w.org\/{rel}","templated":true}]}}