{"id":442,"date":"2019-01-08T03:01:32","date_gmt":"2019-01-08T03:01:32","guid":{"rendered":"https:\/\/ebnfloh.com\/?page_id=442"},"modified":"2021-03-09T17:43:48","modified_gmt":"2021-03-09T17:43:48","slug":"complexe-r","status":"publish","type":"page","link":"https:\/\/ebnfloh.com\/fr\/complexe-r\/","title":{"rendered":"Complexe R"},"content":{"rendered":"<div data-elementor-type=\"wp-post\" data-elementor-id=\"442\" class=\"elementor elementor-442\" data-elementor-post-type=\"page\">\n\t\t\t\t\t\t<section class=\"elementor-section elementor-top-section elementor-element elementor-element-2c17e00c elementor-section-boxed elementor-section-height-default elementor-section-height-default\" data-id=\"2c17e00c\" data-element_type=\"section\" data-e-type=\"section\">\n\t\t\t\t\t\t<div class=\"elementor-container elementor-column-gap-default\">\n\t\t\t\t\t<div class=\"elementor-column elementor-col-100 elementor-top-column elementor-element elementor-element-447b7a7e\" data-id=\"447b7a7e\" data-element_type=\"column\" data-e-type=\"column\">\n\t\t\t<div class=\"elementor-widget-wrap elementor-element-populated\">\n\t\t\t\t\t\t<div class=\"elementor-element elementor-element-1eb012cd elementor-widget elementor-widget-video\" data-id=\"1eb012cd\" data-element_type=\"widget\" data-e-type=\"widget\" data-settings=\"{&quot;show_image_overlay&quot;:&quot;yes&quot;,&quot;image_overlay&quot;:{&quot;url&quot;:&quot;https:\\\/\\\/b1364840.smushcdn.com\\\/1364840\\\/wp-content\\\/uploads\\\/2018\\\/12\\\/bg-complexe-r-2.jpg?lossy=1&strip=1&webp=1&quot;,&quot;id&quot;:81,&quot;size&quot;:&quot;&quot;},&quot;video_type&quot;:&quot;vimeo&quot;,&quot;lightbox&quot;:&quot;yes&quot;}\" data-widget_type=\"video.default\">\n\t\t\t\t<div class=\"elementor-widget-container\">\n\t\t\t\t\t\t\t<div class=\"elementor-wrapper elementor-open-lightbox\">\n\t\t\t\t\t\t\t<div class=\"elementor-custom-embed-image-overlay\" data-elementor-open-lightbox=\"yes\" data-elementor-lightbox=\"{&quot;type&quot;:&quot;video&quot;,&quot;videoType&quot;:&quot;vimeo&quot;,&quot;url&quot;:&quot;https:\\\/\\\/player.vimeo.com\\\/video\\\/150305963?color&amp;autopause=0&amp;loop=0&amp;muted=0&amp;title=1&amp;portrait=1&amp;byline=1#t=&quot;,&quot;autoplay&quot;:&quot;&quot;,&quot;modalOptions&quot;:{&quot;id&quot;:&quot;elementor-lightbox-1eb012cd&quot;,&quot;entranceAnimation&quot;:&quot;&quot;,&quot;entranceAnimation_tablet&quot;:&quot;&quot;,&quot;entranceAnimation_mobile&quot;:&quot;&quot;,&quot;videoAspectRatio&quot;:&quot;169&quot;}}\" data-e-action-hash=\"#elementor-action%3Aaction%3Dlightbox%26settings%3DeyJ0eXBlIjoidmlkZW8iLCJ2aWRlb1R5cGUiOiJ2aW1lbyIsInVybCI6Imh0dHBzOlwvXC9wbGF5ZXIudmltZW8uY29tXC92aWRlb1wvMTUwMzA1OTYzP2NvbG9yJmF1dG9wYXVzZT0wJmxvb3A9MCZtdXRlZD0wJnRpdGxlPTEmcG9ydHJhaXQ9MSZieWxpbmU9MSN0PSIsImF1dG9wbGF5IjoiIiwibW9kYWxPcHRpb25zIjp7ImlkIjoiZWxlbWVudG9yLWxpZ2h0Ym94LTFlYjAxMmNkIiwiZW50cmFuY2VBbmltYXRpb24iOiIiLCJlbnRyYW5jZUFuaW1hdGlvbl90YWJsZXQiOiIiLCJlbnRyYW5jZUFuaW1hdGlvbl9tb2JpbGUiOiIiLCJ2aWRlb0FzcGVjdFJhdGlvIjoiMTY5In19\">\n\t\t\t\t\t\t\t\t\t\t\t<img fetchpriority=\"high\" decoding=\"async\" width=\"1200\" height=\"800\" src=\"https:\/\/b1364840.smushcdn.com\/1364840\/wp-content\/uploads\/2018\/12\/bg-complexe-r-2.jpg?lossy=1&strip=1&webp=1\" class=\"attachment-full size-full wp-image-81\" alt=\"Complexe R\" srcset=\"https:\/\/b1364840.smushcdn.com\/1364840\/wp-content\/uploads\/2018\/12\/bg-complexe-r-2.jpg?lossy=1&strip=1&webp=1 1200w, https:\/\/b1364840.smushcdn.com\/1364840\/wp-content\/uploads\/2018\/12\/bg-complexe-r-2-300x200.jpg?lossy=1&strip=1&webp=1 300w, https:\/\/b1364840.smushcdn.com\/1364840\/wp-content\/uploads\/2018\/12\/bg-complexe-r-2-768x512.jpg?lossy=1&strip=1&webp=1 768w, https:\/\/b1364840.smushcdn.com\/1364840\/wp-content\/uploads\/2018\/12\/bg-complexe-r-2-1024x683.jpg?lossy=1&strip=1&webp=1 1024w, https:\/\/b1364840.smushcdn.com\/1364840\/wp-content\/uploads\/2018\/12\/bg-complexe-r-2.jpg?size=409x273&lossy=1&strip=1&webp=1 409w, https:\/\/b1364840.smushcdn.com\/1364840\/wp-content\/uploads\/2018\/12\/bg-complexe-r-2.jpg?size=819x546&lossy=1&strip=1&webp=1 819w\" sizes=\"(max-width: 1200px) 100vw, 1200px\" \/>\t\t\t\t\t\t\t\t\t\t\t\t\t\t\t\t<div class=\"elementor-custom-embed-play\" role=\"button\" aria-label=\"Lire la vid\u00e9o\" tabindex=\"0\">\n\t\t\t\t\t\t\t<i aria-hidden=\"true\" class=\"eicon-play\"><\/i>\t\t\t\t\t\t<\/div>\n\t\t\t\t\t\t\t\t\t<\/div>\n\t\t\t\t\t<\/div>\n\t\t\t\t\t\t<\/div>\n\t\t\t\t<\/div>\n\t\t\t\t<div class=\"elementor-element elementor-element-2cc937c8 elementor-widget elementor-widget-heading\" data-id=\"2cc937c8\" data-element_type=\"widget\" data-e-type=\"widget\" data-widget_type=\"heading.default\">\n\t\t\t\t<div class=\"elementor-widget-container\">\n\t\t\t\t\t<h1 class=\"elementor-heading-title elementor-size-xxl\">Complexe R<\/h1>\t\t\t\t<\/div>\n\t\t\t\t<\/div>\n\t\t\t\t<div class=\"elementor-element elementor-element-69123256 elementor-widget elementor-widget-text-editor\" data-id=\"69123256\" data-element_type=\"widget\" data-e-type=\"widget\" data-widget_type=\"text-editor.default\">\n\t\t\t\t<div class=\"elementor-widget-container\">\n\t\t\t\t\t\t\t\t\t<p>EBNFL\u014cH - Compagnie de danse<\/p>\t\t\t\t\t\t\t\t<\/div>\n\t\t\t\t<\/div>\n\t\t\t\t<div class=\"elementor-element elementor-element-76497419 elementor-widget elementor-widget-text-editor\" data-id=\"76497419\" data-element_type=\"widget\" data-e-type=\"widget\" data-widget_type=\"text-editor.default\">\n\t\t\t\t<div class=\"elementor-widget-container\">\n\t\t\t\t\t\t\t\t\t<p><b>Pouvons-nous r\u00e9sister aux exc\u00e8s de la vie moderne ou finiront-ils par avoir raison de notre sant\u00e9 mentale?<\/b>\u00a0<\/p><p>C\u2019est la question que pose Alexandra \u2018Spicey\u2019 Land\u00e9 dans Complexe R, faisant allusion \u00e0 la structure primitive du cerveau reptilien qui g\u00e8re les instincts li\u00e9s \u00e0 la motricit\u00e9, la vigilance et la survie de l\u2019esp\u00e8ce.<\/p><p>Poursuivant sa croisade pour le d\u00e9cloisonnement de la culture hip-hop, elle renforce l\u2019influence de la danse contemporaine sur la danse de rue en mettant en sc\u00e8ne cinq danseuses d\u2019horizons vari\u00e9s. Soif de pouvoir, voyeurisme, qu\u00eate \u00e9perdue de visibilit\u00e9 font partie des sympt\u00f4mes d\u2019une pathologie collective que l\u2019on combat par la r\u00e9volte ou que l\u2019on fuit dans d\u2019illusoires paradis. Exigeante, la danse hip-hop s\u2019ancre dans une th\u00e9\u00e2tralit\u00e9 teint\u00e9e de danse house, b-girling\/b- boying, waacking et locking, elle trouve de nouvelles formes pour notre plus grand plaisir.<\/p>\t\t\t\t\t\t\t\t<\/div>\n\t\t\t\t<\/div>\n\t\t\t\t<div class=\"elementor-element elementor-element-57ad23d elementor-widget-divider--view-line elementor-widget elementor-widget-divider\" data-id=\"57ad23d\" data-element_type=\"widget\" data-e-type=\"widget\" data-widget_type=\"divider.default\">\n\t\t\t\t<div class=\"elementor-widget-container\">\n\t\t\t\t\t\t\t<div class=\"elementor-divider\">\n\t\t\t<span class=\"elementor-divider-separator\">\n\t\t\t\t\t\t<\/span>\n\t\t<\/div>\n\t\t\t\t\t\t<\/div>\n\t\t\t\t<\/div>\n\t\t\t\t<div class=\"elementor-element elementor-element-14eebf40 elementor-widget elementor-widget-heading\" data-id=\"14eebf40\" data-element_type=\"widget\" data-e-type=\"widget\" data-widget_type=\"heading.default\">\n\t\t\t\t<div class=\"elementor-widget-container\">\n\t\t\t\t\t<h3 class=\"elementor-heading-title elementor-size-xl\">CR\u00c9DITS<\/h3>\t\t\t\t<\/div>\n\t\t\t\t<\/div>\n\t\t\t\t<section class=\"elementor-section elementor-inner-section elementor-element elementor-element-6eccd018 elementor-section-boxed elementor-section-height-default elementor-section-height-default\" data-id=\"6eccd018\" data-element_type=\"section\" data-e-type=\"section\">\n\t\t\t\t\t\t<div class=\"elementor-container elementor-column-gap-default\">\n\t\t\t\t\t<div class=\"elementor-column elementor-col-50 elementor-inner-column elementor-element elementor-element-364fc518\" data-id=\"364fc518\" data-element_type=\"column\" data-e-type=\"column\" data-settings=\"{&quot;background_background&quot;:&quot;classic&quot;}\">\n\t\t\t<div class=\"elementor-widget-wrap elementor-element-populated\">\n\t\t\t\t\t\t<div class=\"elementor-element elementor-element-3d64d87c elementor-widget elementor-widget-text-editor\" data-id=\"3d64d87c\" data-element_type=\"widget\" data-e-type=\"widget\" data-widget_type=\"text-editor.default\">\n\t\t\t\t<div class=\"elementor-widget-container\">\n\t\t\t\t\t\t\t\t\t<p><strong>Chor\u00e9graphe et directeur artistique:<\/strong> Alexandra \u2018Spicey\u2019 Land\u00e9<\/p><p><strong>R\u00e9p\u00e9titrice:\u00a0<\/strong>Fr\u00e9d\u00e9rique \u2018Pax\u2019 Dumas<\/p><p><strong>Interpr\u00e8tess: 5<\/strong>\u00a0\u2013 Avec la collaboration des interpr\u00e8tes<\/p><ul><li>Caroline \u2018Lady C\u2019 Fraser\u00a0<\/li><li>Christina \u2018Hurricane Tine\u2019 Paquette\u00a0<\/li><li>Sandy \u2018Did\u2019 B\u00e9land\u00a0<\/li><li>Marie-Reine \u2018MQueen\u2019 Kabasha\u00a0<\/li><li>Lakesshia \u2018Kiki\u2019 Pierre-Colon<\/li><\/ul>\t\t\t\t\t\t\t\t<\/div>\n\t\t\t\t<\/div>\n\t\t\t\t\t<\/div>\n\t\t<\/div>\n\t\t\t\t<div class=\"elementor-column elementor-col-50 elementor-inner-column elementor-element elementor-element-3d0fd464\" data-id=\"3d0fd464\" data-element_type=\"column\" data-e-type=\"column\">\n\t\t\t<div class=\"elementor-widget-wrap elementor-element-populated\">\n\t\t\t\t\t\t<div class=\"elementor-element elementor-element-50ed5468 elementor-widget elementor-widget-text-editor\" data-id=\"50ed5468\" data-element_type=\"widget\" data-e-type=\"widget\" data-widget_type=\"text-editor.default\">\n\t\t\t\t<div class=\"elementor-widget-container\">\n\t\t\t\t\t\t\t\t\t<p><strong>Conception Sonore:<\/strong>\u00a0Richard \u2018Shash\u2019U St-Aubin\u00a0&amp; other artists<\/p><p><strong>Mix Finale:<\/strong>\u00a0Dr Mad<\/p><p><strong>Conception lumi\u00e8re et Directeur Technique:<\/strong>\u00a0Benoit Larivi\u00e8re<\/p><p><strong>Conception Costumes:<\/strong>\u00a0Pina Mercury<\/p><p><strong>Conseill\u00e8re artistique:<\/strong>\u00a0Miryam Magri, V\u00e9ronica Melis<\/p>\t\t\t\t\t\t\t\t<\/div>\n\t\t\t\t<\/div>\n\t\t\t\t\t<\/div>\n\t\t<\/div>\n\t\t\t\t\t<\/div>\n\t\t<\/section>\n\t\t\t\t\t<\/div>\n\t\t<\/div>\n\t\t\t\t\t<\/div>\n\t\t<\/section>\n\t\t\t\t<\/div>","protected":false},"excerpt":{"rendered":"<p>Complexe R EBNFL\u014cH Dance Company Can we resist the excesses of modern life or will they end up permanently scarring our mental health?\u00a0 This is the question Alexandra \u2018Spicey\u2019 Land\u00e9 of EBNFLOH Dance Company asks in Complexe R, which refers to that part of the brain that has been nicknamed the Reptile Brain because the [&hellip;]<\/p>\n","protected":false},"author":1,"featured_media":0,"parent":0,"menu_order":0,"comment_status":"closed","ping_status":"closed","template":"","meta":{"site-sidebar-layout":"no-sidebar","site-content-layout":"page-builder","ast-site-content-layout":"default","site-content-style":"default","site-sidebar-style":"default","ast-global-header-display":"","ast-banner-title-visibility":"","ast-main-header-display":"","ast-hfb-above-header-display":"","ast-hfb-below-header-display":"","ast-hfb-mobile-header-display":"","site-post-title":"disabled","ast-breadcrumbs-content":"","ast-featured-img":"disabled","footer-sml-layout":"","ast-disable-related-posts":"","theme-transparent-header-meta":"default","adv-header-id-meta":"","stick-header-meta":"","header-above-stick-meta":"","header-main-stick-meta":"","header-below-stick-meta":"","astra-migrate-meta-layouts":"default","ast-page-background-enabled":"default","ast-page-background-meta":{"desktop":{"background-color":"","background-image":"","background-repeat":"repeat","background-position":"center center","background-size":"auto","background-attachment":"scroll","background-type":"","background-media":"","overlay-type":"","overlay-color":"","overlay-opacity":"","overlay-gradient":""},"tablet":{"background-color":"","background-image":"","background-repeat":"repeat","background-position":"center center","background-size":"auto","background-attachment":"scroll","background-type":"","background-media":"","overlay-type":"","overlay-color":"","overlay-opacity":"","overlay-gradient":""},"mobile":{"background-color":"","background-image":"","background-repeat":"repeat","background-position":"center center","background-size":"auto","background-attachment":"scroll","background-type":"","background-media":"","overlay-type":"","overlay-color":"","overlay-opacity":"","overlay-gradient":""}},"ast-content-background-meta":{"desktop":{"background-color":"var(--ast-global-color-5)","background-image":"","background-repeat":"repeat","background-position":"center center","background-size":"auto","background-attachment":"scroll","background-type":"","background-media":"","overlay-type":"","overlay-color":"","overlay-opacity":"","overlay-gradient":""},"tablet":{"background-color":"var(--ast-global-color-5)","background-image":"","background-repeat":"repeat","background-position":"center center","background-size":"auto","background-attachment":"scroll","background-type":"","background-media":"","overlay-type":"","overlay-color":"","overlay-opacity":"","overlay-gradient":""},"mobile":{"background-color":"var(--ast-global-color-5)","background-image":"","background-repeat":"repeat","background-position":"center center","background-size":"auto","background-attachment":"scroll","background-type":"","background-media":"","overlay-type":"","overlay-color":"","overlay-opacity":"","overlay-gradient":""}},"footnotes":""},"class_list":["post-442","page","type-page","status-publish","hentry"],"_links":{"self":[{"href":"https:\/\/ebnfloh.com\/fr\/wp-json\/wp\/v2\/pages\/442","targetHints":{"allow":["GET"]}}],"collection":[{"href":"https:\/\/ebnfloh.com\/fr\/wp-json\/wp\/v2\/pages"}],"about":[{"href":"https:\/\/ebnfloh.com\/fr\/wp-json\/wp\/v2\/types\/page"}],"author":[{"embeddable":true,"href":"https:\/\/ebnfloh.com\/fr\/wp-json\/wp\/v2\/users\/1"}],"replies":[{"embeddable":true,"href":"https:\/\/ebnfloh.com\/fr\/wp-json\/wp\/v2\/comments?post=442"}],"version-history":[{"count":0,"href":"https:\/\/ebnfloh.com\/fr\/wp-json\/wp\/v2\/pages\/442\/revisions"}],"wp:attachment":[{"href":"https:\/\/ebnfloh.com\/fr\/wp-json\/wp\/v2\/media?parent=442"}],"curies":[{"name":"wp","href":"https:\/\/api.w.org\/{rel}","templated":true}]}}