{"id":479,"date":"2019-01-08T17:34:01","date_gmt":"2019-01-08T17:34:01","guid":{"rendered":"https:\/\/ebnfloh.com\/?page_id=479"},"modified":"2019-01-08T17:39:35","modified_gmt":"2019-01-08T17:39:35","slug":"renezance","status":"publish","type":"page","link":"https:\/\/ebnfloh.com\/fr\/renezance\/","title":{"rendered":"Ren\u00e9zance"},"content":{"rendered":"<div data-elementor-type=\"wp-post\" data-elementor-id=\"479\" class=\"elementor elementor-479 elementor-bc-flex-widget\" data-elementor-post-type=\"page\">\n\t\t\t\t\t\t<section class=\"elementor-section elementor-top-section elementor-element elementor-element-73d39027 elementor-section-boxed elementor-section-height-default elementor-section-height-default\" data-id=\"73d39027\" data-element_type=\"section\" data-e-type=\"section\">\n\t\t\t\t\t\t<div class=\"elementor-container elementor-column-gap-default\">\n\t\t\t\t\t<div class=\"elementor-column elementor-col-100 elementor-top-column elementor-element elementor-element-47098ac4\" data-id=\"47098ac4\" data-element_type=\"column\" data-e-type=\"column\">\n\t\t\t<div class=\"elementor-widget-wrap elementor-element-populated\">\n\t\t\t\t\t\t<div class=\"elementor-element elementor-element-4260b7d1 elementor-widget elementor-widget-video\" data-id=\"4260b7d1\" data-element_type=\"widget\" data-e-type=\"widget\" data-settings=\"{&quot;youtube_url&quot;:&quot;https:\\\/\\\/youtu.be\\\/gNiFbTeBjGQ&quot;,&quot;yt_privacy&quot;:&quot;yes&quot;,&quot;show_image_overlay&quot;:&quot;yes&quot;,&quot;image_overlay&quot;:{&quot;url&quot;:&quot;https:\\\/\\\/b1364840.smushcdn.com\\\/1364840\\\/wp-content\\\/uploads\\\/2019\\\/01\\\/Renezance-3.jpg?lossy=1&strip=1&webp=1&quot;,&quot;id&quot;:483,&quot;size&quot;:&quot;&quot;},&quot;video_type&quot;:&quot;youtube&quot;,&quot;controls&quot;:&quot;yes&quot;}\" data-widget_type=\"video.default\">\n\t\t\t\t<div class=\"elementor-widget-container\">\n\t\t\t\t\t\t\t<div class=\"elementor-wrapper elementor-open-inline\">\n\t\t\t<div class=\"elementor-video\"><\/div>\t\t\t\t<div class=\"elementor-custom-embed-image-overlay\" style=\"background-image: url(https:\/\/b1364840.smushcdn.com\/1364840\/wp-content\/uploads\/2019\/01\/Renezance-3.jpg?lossy=1&strip=1&webp=1);\">\n\t\t\t\t\t\t\t\t\t\t\t\t\t\t\t\t<div class=\"elementor-custom-embed-play\" role=\"button\" aria-label=\"Lire la vid\u00e9o\" tabindex=\"0\" data-no-translation-aria-label=\"\">\n\t\t\t\t\t\t\t<i aria-hidden=\"true\" class=\"eicon-play\"><\/i>\t\t\t\t\t\t<\/div>\n\t\t\t\t\t\t\t\t\t<\/div>\n\t\t\t\t\t<\/div>\n\t\t\t\t\t\t<\/div>\n\t\t\t\t<\/div>\n\t\t\t\t<div class=\"elementor-element elementor-element-4ca82311 elementor-widget elementor-widget-heading\" data-id=\"4ca82311\" data-element_type=\"widget\" data-e-type=\"widget\" data-widget_type=\"heading.default\">\n\t\t\t\t<div class=\"elementor-widget-container\">\n\t\t\t\t\t<h1 class=\"elementor-heading-title elementor-size-xxl\">Ren\u00e9zance\n<\/h1>\t\t\t\t<\/div>\n\t\t\t\t<\/div>\n\t\t\t\t<div class=\"elementor-element elementor-element-562e412c elementor-widget elementor-widget-text-editor\" data-id=\"562e412c\" data-element_type=\"widget\" data-e-type=\"widget\" data-widget_type=\"text-editor.default\">\n\t\t\t\t<div class=\"elementor-widget-container\">\n\t\t\t\t\t\t\t\t\t<p>EBNFL\u014cH - Compagnie de danse<\/p>\t\t\t\t\t\t\t\t<\/div>\n\t\t\t\t<\/div>\n\t\t\t\t<div class=\"elementor-element elementor-element-3af68ca3 elementor-widget elementor-widget-text-editor\" data-id=\"3af68ca3\" data-element_type=\"widget\" data-e-type=\"widget\" data-widget_type=\"text-editor.default\">\n\t\t\t\t<div class=\"elementor-widget-container\">\n\t\t\t\t\t\t\t\t\t<p><b>Alexandra \u2018Spicey\u2019 Land\u00e9, chor\u00e9graphe et directrice artistique pr\u00e9sente : Ren\u00e9zance.\u00a0<\/b><\/p><p>Ce spectacle est \u00e0 la base un aper\u00e7u de 20 min de danses urbaines et de th\u00e9\u00e2tralit\u00e9 cr\u00e9er pour Tangente dans le cadre de l\u2019\u00e9v\u00e8nement Danses Buissonni\u00e8res \u2013 Les gradu\u00e9s 2009. La pi\u00e8ce, qui maintenant dure 45 min, sera pr\u00e9sent\u00e9e pour la 1ere fois dans son int\u00e9gralit\u00e9 lors du Festival Vue sur la Rel\u00e8ve 2010 le 3 Avril 2010 prochain en 3e partie d\u2019une soir\u00e9e de spectacle en danse!!<\/p><p>Ren\u00e9zance tente d\u2019explorer la complicit\u00e9 de la relation m\u00e8re enfant. Comment elle nous am\u00e8ne \u00e0 renaitre et \u00e0 d\u00e9velopper une personnalit\u00e9 distincte. Cette relation est essentiellement \u00e0 la base de tout \u00eatre. Nous sommes souvent amen\u00e9s \u00e0 questionner notre existence bas\u00e9e sur ce lien d\u2019attache et suite \u00e0 cela nous Renaissons !!!!<\/p><p>Recherche d\u2019identit\u00e9 intense, d\u00e9doublement de personnalit\u00e9, combat continuel avec soi- m\u00eame !! Tout cela \u00e0 travers la danse urbaine qui elle-m\u00eame est une renaissance du mouvement artistique comme l\u2019a \u00e9t\u00e9 la Joconde il a de cela cinq si\u00e8cles!!!<\/p><p>(Une pi\u00e8ce de 45 min)<\/p>\t\t\t\t\t\t\t\t<\/div>\n\t\t\t\t<\/div>\n\t\t\t\t<div class=\"elementor-element elementor-element-26432983 elementor-widget-divider--view-line elementor-widget elementor-widget-divider\" data-id=\"26432983\" data-element_type=\"widget\" data-e-type=\"widget\" data-widget_type=\"divider.default\">\n\t\t\t\t<div class=\"elementor-widget-container\">\n\t\t\t\t\t\t\t<div class=\"elementor-divider\">\n\t\t\t<span class=\"elementor-divider-separator\">\n\t\t\t\t\t\t<\/span>\n\t\t<\/div>\n\t\t\t\t\t\t<\/div>\n\t\t\t\t<\/div>\n\t\t\t\t<div class=\"elementor-element elementor-element-3317d281 elementor-widget elementor-widget-heading\" data-id=\"3317d281\" data-element_type=\"widget\" data-e-type=\"widget\" data-widget_type=\"heading.default\">\n\t\t\t\t<div class=\"elementor-widget-container\">\n\t\t\t\t\t<h3 class=\"elementor-heading-title elementor-size-xl\">CR\u00c9DITS<\/h3>\t\t\t\t<\/div>\n\t\t\t\t<\/div>\n\t\t\t\t<section class=\"elementor-section elementor-inner-section elementor-element elementor-element-3c77c026 elementor-section-boxed elementor-section-height-default elementor-section-height-default\" data-id=\"3c77c026\" data-element_type=\"section\" data-e-type=\"section\">\n\t\t\t\t\t\t<div class=\"elementor-container elementor-column-gap-default\">\n\t\t\t\t\t<div class=\"elementor-column elementor-col-50 elementor-inner-column elementor-element elementor-element-123a3657\" data-id=\"123a3657\" data-element_type=\"column\" data-e-type=\"column\" data-settings=\"{&quot;background_background&quot;:&quot;classic&quot;}\">\n\t\t\t<div class=\"elementor-widget-wrap elementor-element-populated\">\n\t\t\t\t\t\t<div class=\"elementor-element elementor-element-4ac65b22 elementor-widget elementor-widget-text-editor\" data-id=\"4ac65b22\" data-element_type=\"widget\" data-e-type=\"widget\" data-widget_type=\"text-editor.default\">\n\t\t\t\t<div class=\"elementor-widget-container\">\n\t\t\t\t\t\t\t\t\t<p><b>Chor\u00e9graphe et Directrice Artistique:\u00a0<\/b><\/p><ul><li><span style=\"font-style: inherit; letter-spacing: 1.4px;\">Alexandra \u2018Spicey\u2019 Land\u00e9 With the collaboration of the dance cast<\/span><\/li><\/ul><p><strong>Interpr\u00e8tess: 5<\/strong>\u00a0\u2013 Avec la collaboration des interpr\u00e8tes<\/p><ul><li>Melanie &#8216;Kurlz&#8217; Pinheiro\u00a0<\/li><li>Valerie &#8216;Taminator&#8217; Chartier\u00a0<\/li><li>Fr\u00e9d\u00e9rique &#8216;Sleepy Fred&#8217; Dumas\u00a0<\/li><li>Erich &#8216;Ddimplz&#8217; Etienne\u00a0<\/li><li>Axelle &#8216;Ebony&#8217; Munezero\u00a0<\/li><li>Martine &#8216;Cherry&#8217; Bruneau\u00a0<\/li><li>Jean Edouard &#8216;Darqk&#8217; Pierre Toussaint<\/li><\/ul>\t\t\t\t\t\t\t\t<\/div>\n\t\t\t\t<\/div>\n\t\t\t\t\t<\/div>\n\t\t<\/div>\n\t\t\t\t<div class=\"elementor-column elementor-col-50 elementor-inner-column elementor-element elementor-element-ac63057\" data-id=\"ac63057\" data-element_type=\"column\" data-e-type=\"column\">\n\t\t\t<div class=\"elementor-widget-wrap elementor-element-populated\">\n\t\t\t\t\t\t<div class=\"elementor-element elementor-element-42c232e2 elementor-widget elementor-widget-text-editor\" data-id=\"42c232e2\" data-element_type=\"widget\" data-e-type=\"widget\" data-widget_type=\"text-editor.default\">\n\t\t\t\t<div class=\"elementor-widget-container\">\n\t\t\t\t\t\t\t\t\t<p><b>Arrangements musicaux: <\/b>Jonathan \u2018Dj Crak Fingaz\u2019 Scholtus<\/p><p><b>Conception \u00c9clairage: <\/b>Joshua Lamb<b>\u00a0<\/b><\/p><p><b>Conception Costumes: <\/b>Yvette Gahimbare<\/p><p><b>Conseiller Tango: <\/b>Denis Daigneault<\/p><p>\u00a0<\/p><p>Ce spectacle a \u00e9t\u00e9 possible gr\u00e2ce au coup de pouce donn\u00e9 g\u00e9n\u00e9reusement par le Festival Vue sur La Rel\u00e8ve en Avril 2008 qui consistait \u00e0 pr\u00e9sente ce spectacle pour la 1ere fois \u00e0 l\u2019espace Tangente en Octobre 2009 !!!<\/p>\t\t\t\t\t\t\t\t<\/div>\n\t\t\t\t<\/div>\n\t\t\t\t\t<\/div>\n\t\t<\/div>\n\t\t\t\t\t<\/div>\n\t\t<\/section>\n\t\t\t\t\t<\/div>\n\t\t<\/div>\n\t\t\t\t\t<\/div>\n\t\t<\/section>\n\t\t\t\t<\/div>","protected":false},"excerpt":{"rendered":"<p>https:\/\/youtu.be\/gNiFbTeBjGQ Ren\u00e9zance EBNFL\u014cH Dance Company Alexandra &#8216;Spicey&#8217; Land\u00e9, choreographer and artistic director presents: Ren\u00e9zance.\u00a0 This show is a 20-minute street dance piece created for Tangente as part of Danses Buissonni\u00e8res &#8211; Les Gradu\u00e9s 2009. This piece, of now 45 minutes, was presented during Festival Vue sur la Rel\u00e8ve in 2010. Ren\u00e9zance tries to explore the [&hellip;]<\/p>\n","protected":false},"author":1,"featured_media":0,"parent":0,"menu_order":0,"comment_status":"closed","ping_status":"closed","template":"","meta":{"site-sidebar-layout":"no-sidebar","site-content-layout":"page-builder","ast-site-content-layout":"default","site-content-style":"default","site-sidebar-style":"default","ast-global-header-display":"","ast-banner-title-visibility":"","ast-main-header-display":"","ast-hfb-above-header-display":"","ast-hfb-below-header-display":"","ast-hfb-mobile-header-display":"","site-post-title":"disabled","ast-breadcrumbs-content":"","ast-featured-img":"disabled","footer-sml-layout":"","ast-disable-related-posts":"","theme-transparent-header-meta":"default","adv-header-id-meta":"","stick-header-meta":"","header-above-stick-meta":"","header-main-stick-meta":"","header-below-stick-meta":"","astra-migrate-meta-layouts":"default","ast-page-background-enabled":"default","ast-page-background-meta":{"desktop":{"background-color":"","background-image":"","background-repeat":"repeat","background-position":"center center","background-size":"auto","background-attachment":"scroll","background-type":"","background-media":"","overlay-type":"","overlay-color":"","overlay-opacity":"","overlay-gradient":""},"tablet":{"background-color":"","background-image":"","background-repeat":"repeat","background-position":"center center","background-size":"auto","background-attachment":"scroll","background-type":"","background-media":"","overlay-type":"","overlay-color":"","overlay-opacity":"","overlay-gradient":""},"mobile":{"background-color":"","background-image":"","background-repeat":"repeat","background-position":"center center","background-size":"auto","background-attachment":"scroll","background-type":"","background-media":"","overlay-type":"","overlay-color":"","overlay-opacity":"","overlay-gradient":""}},"ast-content-background-meta":{"desktop":{"background-color":"var(--ast-global-color-5)","background-image":"","background-repeat":"repeat","background-position":"center center","background-size":"auto","background-attachment":"scroll","background-type":"","background-media":"","overlay-type":"","overlay-color":"","overlay-opacity":"","overlay-gradient":""},"tablet":{"background-color":"var(--ast-global-color-5)","background-image":"","background-repeat":"repeat","background-position":"center center","background-size":"auto","background-attachment":"scroll","background-type":"","background-media":"","overlay-type":"","overlay-color":"","overlay-opacity":"","overlay-gradient":""},"mobile":{"background-color":"var(--ast-global-color-5)","background-image":"","background-repeat":"repeat","background-position":"center center","background-size":"auto","background-attachment":"scroll","background-type":"","background-media":"","overlay-type":"","overlay-color":"","overlay-opacity":"","overlay-gradient":""}},"footnotes":""},"class_list":["post-479","page","type-page","status-publish","hentry"],"_links":{"self":[{"href":"https:\/\/ebnfloh.com\/fr\/wp-json\/wp\/v2\/pages\/479","targetHints":{"allow":["GET"]}}],"collection":[{"href":"https:\/\/ebnfloh.com\/fr\/wp-json\/wp\/v2\/pages"}],"about":[{"href":"https:\/\/ebnfloh.com\/fr\/wp-json\/wp\/v2\/types\/page"}],"author":[{"embeddable":true,"href":"https:\/\/ebnfloh.com\/fr\/wp-json\/wp\/v2\/users\/1"}],"replies":[{"embeddable":true,"href":"https:\/\/ebnfloh.com\/fr\/wp-json\/wp\/v2\/comments?post=479"}],"version-history":[{"count":0,"href":"https:\/\/ebnfloh.com\/fr\/wp-json\/wp\/v2\/pages\/479\/revisions"}],"wp:attachment":[{"href":"https:\/\/ebnfloh.com\/fr\/wp-json\/wp\/v2\/media?parent=479"}],"curies":[{"name":"wp","href":"https:\/\/api.w.org\/{rel}","templated":true}]}}