{"id":489,"date":"2019-01-08T17:44:23","date_gmt":"2019-01-08T17:44:23","guid":{"rendered":"https:\/\/ebnfloh.com\/?page_id=489"},"modified":"2020-06-01T23:26:22","modified_gmt":"2020-06-01T23:26:22","slug":"retrospek","status":"publish","type":"page","link":"https:\/\/ebnfloh.com\/fr\/retrospek\/","title":{"rendered":"Retrospek"},"content":{"rendered":"<div data-elementor-type=\"wp-post\" data-elementor-id=\"489\" class=\"elementor elementor-489\" data-elementor-post-type=\"page\">\n\t\t\t\t\t\t<section class=\"elementor-section elementor-top-section elementor-element elementor-element-1c6975aa elementor-section-boxed elementor-section-height-default elementor-section-height-default\" data-id=\"1c6975aa\" data-element_type=\"section\" data-e-type=\"section\">\n\t\t\t\t\t\t<div class=\"elementor-container elementor-column-gap-default\">\n\t\t\t\t\t<div class=\"elementor-column elementor-col-100 elementor-top-column elementor-element elementor-element-76979555\" data-id=\"76979555\" data-element_type=\"column\" data-e-type=\"column\">\n\t\t\t<div class=\"elementor-widget-wrap elementor-element-populated\">\n\t\t\t\t\t\t<div class=\"elementor-element elementor-element-534fa05 elementor-widget elementor-widget-video\" data-id=\"534fa05\" data-element_type=\"widget\" data-e-type=\"widget\" data-settings=\"{&quot;show_image_overlay&quot;:&quot;yes&quot;,&quot;image_overlay&quot;:{&quot;url&quot;:&quot;https:\\\/\\\/b1364840.smushcdn.com\\\/1364840\\\/wp-content\\\/uploads\\\/2019\\\/01\\\/Retrospek-1.jpg?lossy=1&strip=1&webp=1&quot;,&quot;id&quot;:491,&quot;size&quot;:&quot;&quot;},&quot;video_type&quot;:&quot;vimeo&quot;}\" data-widget_type=\"video.default\">\n\t\t\t\t<div class=\"elementor-widget-container\">\n\t\t\t\t\t\t\t<div class=\"elementor-wrapper elementor-open-inline\">\n\t\t\t<iframe class=\"elementor-video-iframe\" allowfullscreen allow=\"clipboard-write\" title=\"Lecteur vid\u00e9o vimeo\" src=\"https:\/\/player.vimeo.com\/video\/244955408?color&amp;autopause=0&amp;loop=0&amp;muted=0&amp;title=1&amp;portrait=1&amp;byline=1#t=\" loading=\"lazy\"><\/iframe>\t\t\t\t<div class=\"elementor-custom-embed-image-overlay\" style=\"background-image: url(https:\/\/b1364840.smushcdn.com\/1364840\/wp-content\/uploads\/2019\/01\/Retrospek-1-1024x681.jpg?lossy=1&strip=1&webp=1);\">\n\t\t\t\t\t\t\t\t\t\t\t\t\t\t\t\t<div class=\"elementor-custom-embed-play\" role=\"button\" aria-label=\"Lire la vid\u00e9o\" tabindex=\"0\">\n\t\t\t\t\t\t\t<i aria-hidden=\"true\" class=\"eicon-play\"><\/i>\t\t\t\t\t\t<\/div>\n\t\t\t\t\t\t\t\t\t<\/div>\n\t\t\t\t\t<\/div>\n\t\t\t\t\t\t<\/div>\n\t\t\t\t<\/div>\n\t\t\t\t<div class=\"elementor-element elementor-element-4bb6eabd elementor-widget elementor-widget-heading\" data-id=\"4bb6eabd\" data-element_type=\"widget\" data-e-type=\"widget\" data-widget_type=\"heading.default\">\n\t\t\t\t<div class=\"elementor-widget-container\">\n\t\t\t\t\t<h1 class=\"elementor-heading-title elementor-size-xxl\">Retrospek<\/h1>\t\t\t\t<\/div>\n\t\t\t\t<\/div>\n\t\t\t\t<div class=\"elementor-element elementor-element-597c7717 elementor-widget elementor-widget-text-editor\" data-id=\"597c7717\" data-element_type=\"widget\" data-e-type=\"widget\" data-widget_type=\"text-editor.default\">\n\t\t\t\t<div class=\"elementor-widget-container\">\n\t\t\t\t\t\t\t\t\t<p>EBNFL\u014cH - Compagnie de danse<\/p>\t\t\t\t\t\t\t\t<\/div>\n\t\t\t\t<\/div>\n\t\t\t\t<div class=\"elementor-element elementor-element-30df751c elementor-widget elementor-widget-text-editor\" data-id=\"30df751c\" data-element_type=\"widget\" data-e-type=\"widget\" data-widget_type=\"text-editor.default\">\n\t\t\t\t<div class=\"elementor-widget-container\">\n\t\t\t\t\t\t\t\t\t<p>La relation passionn\u00e9e entre Alexandra \u00ab Spicey \u00bb Land\u00e9 et la danse hip-hop remonte \u00e0 loin. Apr\u00e8s avoir suivi des ateliers avec de grands danseurs de rue, elle se lance en chor\u00e9graphie et remporte de nombreux prix. Cette Montr\u00e9alaise n\u00e9e en Ha\u00efti enseigne la danse depuis maintenant 20 ans et elle s\u2019est inspir\u00e9e de son amour pour le hip-hop pour donner naissance \u00e0 Retrospek. Elle n\u2019h\u00e9site pas \u00e0 d\u00e9fier les r\u00e8gles et exploite au maximum la force expressive de ce style de danse urbaine.<\/p><p>Soutenue dans son projet par une distribution de neuf interpr\u00e8tes impressionnants, elle invite \u00e0 une v\u00e9ritable prise de conscience sociale en \u00e9tablissant des ponts entre les danses urbaines et le th\u00e9\u00e2tre. Le mouvement et les \u00e9motions ne font plus qu\u2019un et l\u2019\u0153uvre \u00e9voque l\u2019amour, la passion, le d\u00e9sespoir et la mort tout en v\u00e9hiculant par la musique et les corps une \u00e9nergie envo\u00fbtante.<\/p><p>(60min presentation)<\/p>\t\t\t\t\t\t\t\t<\/div>\n\t\t\t\t<\/div>\n\t\t\t\t<div class=\"elementor-element elementor-element-592707a8 elementor-widget-divider--view-line elementor-widget elementor-widget-divider\" data-id=\"592707a8\" data-element_type=\"widget\" data-e-type=\"widget\" data-widget_type=\"divider.default\">\n\t\t\t\t<div class=\"elementor-widget-container\">\n\t\t\t\t\t\t\t<div class=\"elementor-divider\">\n\t\t\t<span class=\"elementor-divider-separator\">\n\t\t\t\t\t\t<\/span>\n\t\t<\/div>\n\t\t\t\t\t\t<\/div>\n\t\t\t\t<\/div>\n\t\t\t\t<div class=\"elementor-element elementor-element-2d76a4bf elementor-widget elementor-widget-heading\" data-id=\"2d76a4bf\" data-element_type=\"widget\" data-e-type=\"widget\" data-widget_type=\"heading.default\">\n\t\t\t\t<div class=\"elementor-widget-container\">\n\t\t\t\t\t<h3 class=\"elementor-heading-title elementor-size-xl\">CR\u00c9DITS<\/h3>\t\t\t\t<\/div>\n\t\t\t\t<\/div>\n\t\t\t\t<section class=\"elementor-section elementor-inner-section elementor-element elementor-element-7afb1df6 elementor-section-boxed elementor-section-height-default elementor-section-height-default\" data-id=\"7afb1df6\" data-element_type=\"section\" data-e-type=\"section\">\n\t\t\t\t\t\t<div class=\"elementor-container elementor-column-gap-default\">\n\t\t\t\t\t<div class=\"elementor-column elementor-col-50 elementor-inner-column elementor-element elementor-element-6e0f277f\" data-id=\"6e0f277f\" data-element_type=\"column\" data-e-type=\"column\" data-settings=\"{&quot;background_background&quot;:&quot;classic&quot;}\">\n\t\t\t<div class=\"elementor-widget-wrap elementor-element-populated\">\n\t\t\t\t\t\t<div class=\"elementor-element elementor-element-555b731f elementor-widget elementor-widget-text-editor\" data-id=\"555b731f\" data-element_type=\"widget\" data-e-type=\"widget\" data-widget_type=\"text-editor.default\">\n\t\t\t\t<div class=\"elementor-widget-container\">\n\t\t\t\t\t\t\t\t\t<p><strong>Chor\u00e9graphe et directeur artistique:<\/strong> Alexandra \u2018Spicey\u2019 Land\u00e9<\/p><p><b>Chor\u00e9graphie B-boying: <\/b>Eric \u2018Zig\u2019 Martel<\/p><p><b>Chor\u00e9graphie Popping: <\/b>Handy \u2018Monsta Pop\u2019 Yacinthe<\/p><p><strong>Interpr\u00e9tation:<\/strong>\u00a0\u2013 Avec la collaboration des interpr\u00e8tes<\/p><ul><li>Michel \u2018Boombo\u2019 Lim\u00a0<\/li><li>M\u00e9lanie \u2018Kurlz\u2019 Pinheiro-Borrowes\u00a0<\/li><li>Samantha \u2018SamIam\u2019 Hinds\u00a0<\/li><li>Eric \u2018Rockit\u2019 Athis\u00a0<\/li><li>David \u2018D*1\u2019 Flynn\u00a0<\/li><li>Eric \u2018Zig\u2019 Martel\u00a0<\/li><li>Fr\u00e9d\u00e9rique \u2018Sleepy Fred\u2019 Dumas\u00a0<\/li><li>Handy \u2018Monsta Pop\u2019 Yacinthe\u00a0<\/li><li>Saxon Fraser.<\/li><\/ul>\t\t\t\t\t\t\t\t<\/div>\n\t\t\t\t<\/div>\n\t\t\t\t\t<\/div>\n\t\t<\/div>\n\t\t\t\t<div class=\"elementor-column elementor-col-50 elementor-inner-column elementor-element elementor-element-51523ce7\" data-id=\"51523ce7\" data-element_type=\"column\" data-e-type=\"column\">\n\t\t\t<div class=\"elementor-widget-wrap elementor-element-populated\">\n\t\t\t\t\t\t<div class=\"elementor-element elementor-element-233ccce elementor-widget elementor-widget-text-editor\" data-id=\"233ccce\" data-element_type=\"widget\" data-e-type=\"widget\" data-widget_type=\"text-editor.default\">\n\t\t\t\t<div class=\"elementor-widget-container\">\n\t\t\t\t\t\t\t\t\t<p><b>Texte sans musique:\u00a0<\/b><span style=\"font-size: 16px; letter-spacing: 1.4px;\">Handy \u2018Monsta Pop\u2019 Yacinthe\u00a0<\/span><\/p><p><b>Texte de chanson acapella:\u00a0<\/b><span style=\"font-size: 16px; letter-spacing: 1.4px;\">Samantha \u2018SamIam\u2019 Hinds<\/span><\/p><p><b style=\"font-style: inherit; letter-spacing: 1.4px;\">Music conception: <\/b><span style=\"font-size: 16px; letter-spacing: 1.4px;\">Shash\u2019U &amp; other artists<\/span><\/p><p><b>Conception \u00c9clairage: <\/b>Philipe Dupeyroux\u00a0<\/p><p><b>Conseill\u00e8re Danse Th\u00e9\u00e2tre: <\/b>Veronica M\u00e9lis<\/p><p>\u00a0<\/p><p>Ce projet b\u00e9n\u00e9ficie du soutien financier du conseil des arts et lettres du Qu\u00e9bec Ce projet b\u00e9n\u00e9ficie aussi du soutien financier du minist\u00e8re de la Culture et des Communications du Qu\u00e9bec et de la Ville de Montr\u00e9al dans le cadre de l'Entente sur le d\u00e9veloppement de Montr\u00e9al 2005-2008.<\/p><p>Retrospek a \u00e9t\u00e9 co-produit par le MAI (Montr\u00e9al, arts interculturels)\u00a0<a style=\"font-size: 16px; letter-spacing: 1.4px; background-color: #ffffff;\" href=\"http:\/\/www.m-a-i.qc.ca\" target=\"_blank\" rel=\"noopener\">www.m-a-i.qc.ca<\/a><\/p><p>\u00a0<\/p>\t\t\t\t\t\t\t\t<\/div>\n\t\t\t\t<\/div>\n\t\t\t\t\t<\/div>\n\t\t<\/div>\n\t\t\t\t\t<\/div>\n\t\t<\/section>\n\t\t\t\t\t<\/div>\n\t\t<\/div>\n\t\t\t\t\t<\/div>\n\t\t<\/section>\n\t\t\t\t<\/div>","protected":false},"excerpt":{"rendered":"<p>https:\/\/vimeo.com\/244955408 EBNFL\u014cH Dance Company The passionate relationship between Alexandra &#8220;Spicey&#8221; Land\u00e9 and hip- hop dance goes back a long way. After attending workshops with street dance\u2019s biggest names, she decides to dedicate herself to choreography. Spicey, who has been teaching dance for over 20 years, was inspired by her love for hip-hop when creating Retrospek. [&hellip;]<\/p>\n","protected":false},"author":1,"featured_media":0,"parent":0,"menu_order":0,"comment_status":"closed","ping_status":"closed","template":"","meta":{"site-sidebar-layout":"no-sidebar","site-content-layout":"page-builder","ast-site-content-layout":"default","site-content-style":"default","site-sidebar-style":"default","ast-global-header-display":"","ast-banner-title-visibility":"","ast-main-header-display":"","ast-hfb-above-header-display":"","ast-hfb-below-header-display":"","ast-hfb-mobile-header-display":"","site-post-title":"disabled","ast-breadcrumbs-content":"","ast-featured-img":"disabled","footer-sml-layout":"","ast-disable-related-posts":"","theme-transparent-header-meta":"default","adv-header-id-meta":"","stick-header-meta":"","header-above-stick-meta":"","header-main-stick-meta":"","header-below-stick-meta":"","astra-migrate-meta-layouts":"default","ast-page-background-enabled":"default","ast-page-background-meta":{"desktop":{"background-color":"","background-image":"","background-repeat":"repeat","background-position":"center center","background-size":"auto","background-attachment":"scroll","background-type":"","background-media":"","overlay-type":"","overlay-color":"","overlay-opacity":"","overlay-gradient":""},"tablet":{"background-color":"","background-image":"","background-repeat":"repeat","background-position":"center center","background-size":"auto","background-attachment":"scroll","background-type":"","background-media":"","overlay-type":"","overlay-color":"","overlay-opacity":"","overlay-gradient":""},"mobile":{"background-color":"","background-image":"","background-repeat":"repeat","background-position":"center center","background-size":"auto","background-attachment":"scroll","background-type":"","background-media":"","overlay-type":"","overlay-color":"","overlay-opacity":"","overlay-gradient":""}},"ast-content-background-meta":{"desktop":{"background-color":"var(--ast-global-color-5)","background-image":"","background-repeat":"repeat","background-position":"center center","background-size":"auto","background-attachment":"scroll","background-type":"","background-media":"","overlay-type":"","overlay-color":"","overlay-opacity":"","overlay-gradient":""},"tablet":{"background-color":"var(--ast-global-color-5)","background-image":"","background-repeat":"repeat","background-position":"center center","background-size":"auto","background-attachment":"scroll","background-type":"","background-media":"","overlay-type":"","overlay-color":"","overlay-opacity":"","overlay-gradient":""},"mobile":{"background-color":"var(--ast-global-color-5)","background-image":"","background-repeat":"repeat","background-position":"center center","background-size":"auto","background-attachment":"scroll","background-type":"","background-media":"","overlay-type":"","overlay-color":"","overlay-opacity":"","overlay-gradient":""}},"footnotes":""},"class_list":["post-489","page","type-page","status-publish","hentry"],"_links":{"self":[{"href":"https:\/\/ebnfloh.com\/fr\/wp-json\/wp\/v2\/pages\/489","targetHints":{"allow":["GET"]}}],"collection":[{"href":"https:\/\/ebnfloh.com\/fr\/wp-json\/wp\/v2\/pages"}],"about":[{"href":"https:\/\/ebnfloh.com\/fr\/wp-json\/wp\/v2\/types\/page"}],"author":[{"embeddable":true,"href":"https:\/\/ebnfloh.com\/fr\/wp-json\/wp\/v2\/users\/1"}],"replies":[{"embeddable":true,"href":"https:\/\/ebnfloh.com\/fr\/wp-json\/wp\/v2\/comments?post=489"}],"version-history":[{"count":0,"href":"https:\/\/ebnfloh.com\/fr\/wp-json\/wp\/v2\/pages\/489\/revisions"}],"wp:attachment":[{"href":"https:\/\/ebnfloh.com\/fr\/wp-json\/wp\/v2\/media?parent=489"}],"curies":[{"name":"wp","href":"https:\/\/api.w.org\/{rel}","templated":true}]}}