{"id":745,"date":"2019-06-07T18:11:27","date_gmt":"2019-06-07T18:11:27","guid":{"rendered":"https:\/\/ebnfloh.com\/?page_id=745"},"modified":"2021-05-02T03:07:35","modified_gmt":"2021-05-02T03:07:35","slug":"newsletter","status":"publish","type":"page","link":"https:\/\/ebnfloh.com\/fr\/newsletter\/","title":{"rendered":"Newsletter"},"content":{"rendered":"<div data-elementor-type=\"wp-post\" data-elementor-id=\"745\" class=\"elementor elementor-745\" data-elementor-post-type=\"page\">\n\t\t\t\t\t\t<section class=\"elementor-section elementor-top-section elementor-element elementor-element-a2b7068 elementor-section-boxed elementor-section-height-default elementor-section-height-default\" data-id=\"a2b7068\" data-element_type=\"section\">\n\t\t\t\t\t\t<div class=\"elementor-container elementor-column-gap-default\">\n\t\t\t\t\t<div class=\"elementor-column elementor-col-100 elementor-top-column elementor-element elementor-element-a06ce14\" data-id=\"a06ce14\" data-element_type=\"column\">\n\t\t\t<div class=\"elementor-widget-wrap elementor-element-populated\">\n\t\t\t\t\t\t<div class=\"elementor-element elementor-element-7fcdb9e elementor-widget elementor-widget-heading\" data-id=\"7fcdb9e\" data-element_type=\"widget\" data-widget_type=\"heading.default\">\n\t\t\t\t<div class=\"elementor-widget-container\">\n\t\t\t\t\t<h1 class=\"elementor-heading-title elementor-size-xxl\">Nouvelles<\/h1>\t\t\t\t<\/div>\n\t\t\t\t<\/div>\n\t\t\t\t<div class=\"elementor-element elementor-element-07e1d27 elementor-widget elementor-widget-shortcode\" data-id=\"07e1d27\" data-element_type=\"widget\" data-no-translation=\"\" data-widget_type=\"shortcode.default\">\n\t\t\t\t<div class=\"elementor-widget-container\">\n\t\t\t\t\t<style>.elementor-element-07e1d27{display:none !important}<\/style>\t\t\t\t<\/div>\n\t\t\t\t<\/div>\n\t\t\t\t<div class=\"elementor-element elementor-element-5cfbd72 elementor-widget elementor-widget-shortcode\" data-id=\"5cfbd72\" data-element_type=\"widget\" data-no-translation=\"\" data-widget_type=\"shortcode.default\">\n\t\t\t\t<div class=\"elementor-widget-container\">\n\t\t\t\t\t\t\t<div class=\"elementor-shortcode\"><div class=\"wp-rss-template-container\" data-wpra-template=\"default\" data-template-ctx=\"eyJzb3VyY2VzIjoiNzQwIn0=\">\n    <div class=\"wp-rss-aggregator wpra-list-template\" data-page=\"1\">\n    \n    \n<ul class=\"wpra-item-list rss-aggregator wpra-item-list--bullets wpra-item-list--default\"\n    start=\"1\">\n                        <li class=\"wpra-item feed-item\">\n            \n            \n\n    <a  href=\"https:\/\/mailchi.mp\/84d80254e053\/ebnflh-nottdance-mnad-sur-la-scne-uk-14196335\"  rel=\"nofollow\" class=\"\">Ebnflowing en mouvement &amp; B-SIDE '26<\/a>\n\n\n\n\n\n\n<div class=\"wprss-feed-meta\">\n    \n            <span class=\"feed-date\">\n            Published on 2025-12-17\n        <\/span>\n    \n    <\/div>\n\n\n\n\n\n            \n        <\/li>\n                    <li class=\"wpra-item feed-item\">\n            \n            \n\n    <a  href=\"https:\/\/mailchi.mp\/4b1bf7739ac0\/ebnflh-nottdance-mnad-sur-la-scne-uk-14195420\"  rel=\"nofollow\" class=\"\">Ebnfl\u014dh \u00e0 Nottdance : M\u014dnad sur la sc\u00e8ne UK<\/a>\n\n\n\n\n\n\n<div class=\"wprss-feed-meta\">\n    \n            <span class=\"feed-date\">\n            Published on 2025-12-04\n        <\/span>\n    \n    <\/div>\n\n\n\n\n\n            \n        <\/li>\n                    <li class=\"wpra-item feed-item\">\n            \n            \n\n    <a  href=\"https:\/\/mailchi.mp\/87534f1dd2f2\/bsidedna2024-14171844\"  rel=\"nofollow\" class=\"\">\u26a1B-Side vol.5 bat son plein \u00e0 l'Agora + DNA samedi 22 juin<\/a>\n\n\n\n\n\n\n<div class=\"wprss-feed-meta\">\n    \n            <span class=\"feed-date\">\n            Published on 2024-06-12\n        <\/span>\n    \n    <\/div>\n\n\n\n\n\n            \n        <\/li>\n                    <li class=\"wpra-item feed-item\">\n            \n            \n\n    <a  href=\"https:\/\/mailchi.mp\/8b2eefd02e44\/spring-14170828\"  rel=\"nofollow\" class=\"\">Ebnfl\u014dh en Europe en mai \u26a1 B-Side + DNA du 10 au 22 juin \u00e0 Montr\u00e9al<\/a>\n\n\n\n\n\n\n<div class=\"wprss-feed-meta\">\n    \n            <span class=\"feed-date\">\n            Published on 2024-05-14\n        <\/span>\n    \n    <\/div>\n\n\n\n\n\n            \n        <\/li>\n                    <li class=\"wpra-item feed-item\">\n            \n            \n\n    <a  href=\"https:\/\/mailchi.mp\/b965db747047\/lpdn-automne-13990385\"  rel=\"nofollow\" class=\"\">La Probabilit\u00e9 du N\u00e9ant \u00e0 Parcours Danse, Vancouver, Terrebonne &amp; Mardi je donne pour B-Side \u23f3<\/a>\n\n\n\n\n\n\n<div class=\"wprss-feed-meta\">\n    \n            <span class=\"feed-date\">\n            Published on 2023-11-28\n        <\/span>\n    \n    <\/div>\n\n\n\n\n\n            \n        <\/li>\n                    <li class=\"wpra-item feed-item\">\n            \n            \n\n    <a  href=\"https:\/\/mailchi.mp\/e125ecf14235\/httpsmailchimp1968911400bedna-b-side-agora-140623-fr-13957502\"  rel=\"nofollow\" class=\"\">DNA samedi 17 juin 12h-23h + ateliers + symposium B-Side#4 jusqu\u2019au 23 juin \u00e0 l&#039;Agora \u26a1<\/a>\n\n\n\n\n\n\n<div class=\"wprss-feed-meta\">\n    \n            <span class=\"feed-date\">\n            Published on 2023-06-14\n        <\/span>\n    \n    <\/div>\n\n\n\n\n\n            \n        <\/li>\n                    <li class=\"wpra-item feed-item\">\n            \n            \n\n    <a  href=\"https:\/\/mailchi.mp\/7c72eddde512\/ebnfloh-b-side-et-nouvelles-12mai2022-13952845\"  rel=\"nofollow\" class=\"\">Ebnfl\u014dh pr\u00e9sente B-Side #4 du 12 au 23 juin 2023 \u00e0 l&#039;Agora \ud83d\udce3<\/a>\n\n\n\n\n\n\n<div class=\"wprss-feed-meta\">\n    \n            <span class=\"feed-date\">\n            Published on 2023-06-01\n        <\/span>\n    \n    <\/div>\n\n\n\n\n\n            \n        <\/li>\n                    <li class=\"wpra-item feed-item\">\n            \n            \n\n    <a  href=\"https:\/\/mailchi.mp\/86af013075d9\/ebnfloh-b-side-et-nouvelles-12mai2022-13949369\"  rel=\"nofollow\" class=\"\">Ebnfl\u014dh pr\u00e9sente DNA - Danse Non Alt\u00e9r\u00e9e - 17 juin 2023 \u00e0 l&#039;Agora \ud83d\udcab<\/a>\n\n\n\n\n\n\n<div class=\"wprss-feed-meta\">\n    \n            <span class=\"feed-date\">\n            Published on 2023-05-19\n        <\/span>\n    \n    <\/div>\n\n\n\n\n\n            \n        <\/li>\n                    <li class=\"wpra-item feed-item\">\n            \n            \n\n    <a  href=\"https:\/\/mailchi.mp\/56dd98fc84cb\/off-cinars-13891357\"  rel=\"nofollow\" class=\"\">La Probabilit\u00e9 du N\u00e9ant \u25b6 Off-CINARS mercredi 9 novembre \u00e0 13h (Studio Parbleux)<\/a>\n\n\n\n\n\n\n<div class=\"wprss-feed-meta\">\n    \n            <span class=\"feed-date\">\n            Published on 2022-11-07\n        <\/span>\n    \n    <\/div>\n\n\n\n\n\n            \n        <\/li>\n                    <li class=\"wpra-item feed-item\">\n            \n            \n\n    <a  href=\"https:\/\/mailchi.mp\/f865e76529b1\/tournee-automne-13862581\"  rel=\"nofollow\" class=\"\">\u2708 Ebnfl\u014dh en tourn\u00e9e cet automne au Qu\u00e9bec et au Canada\u00a0\ud83d\udea9<\/a>\n\n\n\n\n\n\n<div class=\"wprss-feed-meta\">\n    \n            <span class=\"feed-date\">\n            Published on 2022-09-28\n        <\/span>\n    \n    <\/div>\n\n\n\n\n\n            \n        <\/li>\n                    <li class=\"wpra-item feed-item\">\n            \n            \n\n    <a  href=\"https:\/\/mailchi.mp\/cfa6c5737ec2\/ebnfloh-b-sidemercietbc-13777873\"  rel=\"nofollow\" class=\"\">In-Ward en Colombie-Britannique d\u00e8s ce soir \u25b6 B-Side #3 merci \u00e0 nos merveilleux donateurs! \u2b50<\/a>\n\n\n\n\n\n\n<div class=\"wprss-feed-meta\">\n    \n            <span class=\"feed-date\">\n            Published on 2022-07-07\n        <\/span>\n    \n    <\/div>\n\n\n\n\n\n            \n        <\/li>\n                    <li class=\"wpra-item feed-item\">\n            \n            \n\n    <a  href=\"https:\/\/mailchi.mp\/90c46eacee47\/ebnfloh-b-side-3-symposium-13757309\"  rel=\"nofollow\" class=\"\">B-Side #3 \u2b50 13-23 juin \u00e0 l&#039;Agora de la danse : les conf\u00e9rences + atelier avec Icy \ud83d\udce3<\/a>\n\n\n\n\n\n\n<div class=\"wprss-feed-meta\">\n    \n            <span class=\"feed-date\">\n            Published on 2022-06-16\n        <\/span>\n    \n    <\/div>\n\n\n\n\n\n            \n        <\/li>\n                    <li class=\"wpra-item feed-item\">\n            \n            \n\n    <a  href=\"https:\/\/mailchi.mp\/d4a7447acf21\/ebnfloh-b-side-3-programme-13753281\"  rel=\"nofollow\" class=\"\">B-Side #3 \u2b50 Programmation compl\u00e8te \u2b50 13-23 juin \u00e0 l\u2019Agora de la danse<\/a>\n\n\n\n\n\n\n<div class=\"wprss-feed-meta\">\n    \n            <span class=\"feed-date\">\n            Published on 2022-06-09\n        <\/span>\n    \n    <\/div>\n\n\n\n\n\n            \n        <\/li>\n                    <li class=\"wpra-item feed-item\">\n            \n            \n\n    <a  href=\"https:\/\/mailchi.mp\/533f6d321307\/ebnfloh-b-side-campagne-1juin22-13747525\"  rel=\"nofollow\" class=\"\">B-SIDE \u2b50 : les artistes en parlent! \ud83d\udc9b Supportez-l\u2019\u00e9v\u00e8nement! \u23f3<\/a>\n\n\n\n\n\n\n<div class=\"wprss-feed-meta\">\n    \n            <span class=\"feed-date\">\n            Published on 2022-06-01\n        <\/span>\n    \n    <\/div>\n\n\n\n\n\n            \n        <\/li>\n                    <li class=\"wpra-item feed-item\">\n            \n            \n\n    <a  href=\"https:\/\/mailchi.mp\/649f98c2353e\/ebnfloh-b-side-et-nouvelles-12mai2022-13707217\"  rel=\"nofollow\" class=\"\">EBNFL\u014cH - B-SIDE en vid\u00e9o \ud83d\udcf9, supportez B-SIDE et autres nouvelles\u00a0\ud83d\udea9<\/a>\n\n\n\n\n\n\n<div class=\"wprss-feed-meta\">\n    \n            <span class=\"feed-date\">\n            Published on 2022-05-12\n        <\/span>\n    \n    <\/div>\n\n\n\n\n\n            \n        <\/li>\n        <\/ul>\n\n        \n<\/div>\n\n<\/div>\n<\/div>\n\t\t\t\t\t\t<\/div>\n\t\t\t\t<\/div>\n\t\t\t\t\t<\/div>\n\t\t<\/div>\n\t\t\t\t\t<\/div>\n\t\t<\/section>\n\t\t\t\t<\/div>","protected":false},"excerpt":{"rendered":"<p>Nouvelles<\/p>","protected":false},"author":1,"featured_media":0,"parent":0,"menu_order":0,"comment_status":"closed","ping_status":"closed","template":"","meta":{"site-sidebar-layout":"no-sidebar","site-content-layout":"page-builder","ast-site-content-layout":"default","site-content-style":"default","site-sidebar-style":"default","ast-global-header-display":"","ast-banner-title-visibility":"","ast-main-header-display":"","ast-hfb-above-header-display":"","ast-hfb-below-header-display":"","ast-hfb-mobile-header-display":"","site-post-title":"disabled","ast-breadcrumbs-content":"","ast-featured-img":"disabled","footer-sml-layout":"","ast-disable-related-posts":"","theme-transparent-header-meta":"default","adv-header-id-meta":"","stick-header-meta":"","header-above-stick-meta":"","header-main-stick-meta":"","header-below-stick-meta":"","astra-migrate-meta-layouts":"default","ast-page-background-enabled":"default","ast-page-background-meta":{"desktop":{"background-color":"","background-image":"","background-repeat":"repeat","background-position":"center center","background-size":"auto","background-attachment":"scroll","background-type":"","background-media":"","overlay-type":"","overlay-color":"","overlay-opacity":"","overlay-gradient":""},"tablet":{"background-color":"","background-image":"","background-repeat":"repeat","background-position":"center center","background-size":"auto","background-attachment":"scroll","background-type":"","background-media":"","overlay-type":"","overlay-color":"","overlay-opacity":"","overlay-gradient":""},"mobile":{"background-color":"","background-image":"","background-repeat":"repeat","background-position":"center center","background-size":"auto","background-attachment":"scroll","background-type":"","background-media":"","overlay-type":"","overlay-color":"","overlay-opacity":"","overlay-gradient":""}},"ast-content-background-meta":{"desktop":{"background-color":"var(--ast-global-color-5)","background-image":"","background-repeat":"repeat","background-position":"center center","background-size":"auto","background-attachment":"scroll","background-type":"","background-media":"","overlay-type":"","overlay-color":"","overlay-opacity":"","overlay-gradient":""},"tablet":{"background-color":"var(--ast-global-color-5)","background-image":"","background-repeat":"repeat","background-position":"center center","background-size":"auto","background-attachment":"scroll","background-type":"","background-media":"","overlay-type":"","overlay-color":"","overlay-opacity":"","overlay-gradient":""},"mobile":{"background-color":"var(--ast-global-color-5)","background-image":"","background-repeat":"repeat","background-position":"center center","background-size":"auto","background-attachment":"scroll","background-type":"","background-media":"","overlay-type":"","overlay-color":"","overlay-opacity":"","overlay-gradient":""}},"footnotes":""},"class_list":["post-745","page","type-page","status-publish","hentry"],"_links":{"self":[{"href":"https:\/\/ebnfloh.com\/fr\/wp-json\/wp\/v2\/pages\/745","targetHints":{"allow":["GET"]}}],"collection":[{"href":"https:\/\/ebnfloh.com\/fr\/wp-json\/wp\/v2\/pages"}],"about":[{"href":"https:\/\/ebnfloh.com\/fr\/wp-json\/wp\/v2\/types\/page"}],"author":[{"embeddable":true,"href":"https:\/\/ebnfloh.com\/fr\/wp-json\/wp\/v2\/users\/1"}],"replies":[{"embeddable":true,"href":"https:\/\/ebnfloh.com\/fr\/wp-json\/wp\/v2\/comments?post=745"}],"version-history":[{"count":0,"href":"https:\/\/ebnfloh.com\/fr\/wp-json\/wp\/v2\/pages\/745\/revisions"}],"wp:attachment":[{"href":"https:\/\/ebnfloh.com\/fr\/wp-json\/wp\/v2\/media?parent=745"}],"curies":[{"name":"wp","href":"https:\/\/api.w.org\/{rel}","templated":true}]}}